{"id":4698,"date":"2023-10-09T14:00:58","date_gmt":"2023-10-09T14:00:58","guid":{"rendered":"https:\/\/persumtechnic.com\/?page_id=4698"},"modified":"2024-09-20T13:40:46","modified_gmt":"2024-09-20T13:40:46","slug":"sistemas-de-acoplamiento-de-morro-de-avion","status":"publish","type":"page","link":"https:\/\/persumtechnic.com\/index.php\/sistemas-de-acoplamiento-de-morro-de-avion\/","title":{"rendered":"Sistemas de acoplamiento de morro de avi\u00f3n"},"content":{"rendered":"\t\t<div data-elementor-type=\"wp-page\" data-elementor-id=\"4698\" class=\"elementor elementor-4698\">\n\t\t\t\t<div class=\"elementor-element elementor-element-57238dc9 e-flex e-con-boxed e-con e-parent\" data-id=\"57238dc9\" data-element_type=\"container\">\n\t\t\t\t\t<div class=\"e-con-inner\">\n\t\t\t\t<div class=\"elementor-element elementor-element-583c5e9d elementor-widget elementor-widget-spacer\" data-id=\"583c5e9d\" data-element_type=\"widget\" data-widget_type=\"spacer.default\">\n\t\t\t\t<div class=\"elementor-widget-container\">\n\t\t\t\t\t\t\t<div class=\"elementor-spacer\">\n\t\t\t<div class=\"elementor-spacer-inner\"><\/div>\n\t\t<\/div>\n\t\t\t\t\t\t<\/div>\n\t\t\t\t<\/div>\n\t\t\t\t\t<\/div>\n\t\t\t\t<\/div>\n\t\t<div class=\"elementor-element elementor-element-62a30246 e-flex e-con-boxed e-con e-parent\" data-id=\"62a30246\" data-element_type=\"container\">\n\t\t\t\t\t<div class=\"e-con-inner\">\n\t\t\t\t<div class=\"elementor-element elementor-element-478168f9 elementor-widget elementor-widget-heading\" data-id=\"478168f9\" data-element_type=\"widget\" data-widget_type=\"heading.default\">\n\t\t\t\t<div class=\"elementor-widget-container\">\n\t\t\t\t\t<h4 class=\"elementor-heading-title elementor-size-default\">Sistemas de acoplamiento de morro de avi\u00f3n<\/h4>\t\t\t\t<\/div>\n\t\t\t\t<\/div>\n\t\t\t\t\t<\/div>\n\t\t\t\t<\/div>\n\t\t<div class=\"elementor-element elementor-element-5d9ea920 e-flex e-con-boxed e-con e-parent\" data-id=\"5d9ea920\" data-element_type=\"container\">\n\t\t\t\t\t<div class=\"e-con-inner\">\n\t\t<div class=\"elementor-element elementor-element-486a0c91 e-con-full e-flex e-con e-child\" data-id=\"486a0c91\" data-element_type=\"container\">\n\t\t\t\t<div class=\"elementor-element elementor-element-7123735f elementor-widget elementor-widget-text-editor\" data-id=\"7123735f\" data-element_type=\"widget\" data-widget_type=\"text-editor.default\">\n\t\t\t\t<div class=\"elementor-widget-container\">\n\t\t\t\t\t\t\t\t\t<h5>Detalles de producto<\/h5><div class=\"description\"><p>Los sistemas Nose Dock est\u00e1n dise\u00f1ados para los modelos de avi\u00f3n A330, A350, A340, A320, B737, B777 y B787, de acuerdo con diez condiciones de ruedas con conector para acceder al parabrisas, el radomo, las puertas PAX, la rueda delantera y los dispositivos electr\u00f3nicos. Se realizan trabajos de proyecto aptos para todos los aviones de fuselaje estrecho o ancho.<\/p><p>Puede dise\u00f1arse con carrocer\u00eda de aluminio o sobre chasis de hierro. Las plataformas que componen el sistema Nose Dock est\u00e1n dise\u00f1adas para usarse solas o con otras plataformas en diferentes combinaciones.<\/p><p>Se puede fabricar como fijo o regulable en altura. Opcionalmente, el ajuste de altura de cada pieza se controla tanto mediante un martinete como mediante un motor el\u00e9ctrico. Hay limitadores para regular todos los movimientos en todas las unidades de elevaci\u00f3n el\u00e9ctricas.<\/p><p>Para acercar el avi\u00f3n al nivel m\u00e1ximo, se pueden agregar m\u00f3dulos deslizantes operados manualmente, mec\u00e1nicamente o el\u00e9ctricamente, creando un trabajo de contorno cerrado y seguro.<\/p><p>La superficie del sistema de muelle de morro puede estar fabricada en madera contrachapada antideslizante de 20 mm de espesor o \u00edntegramente de aluminio. Hay un material de parachoques de silicona en forma (d) que no deja marcas en los puntos que entrar\u00e1n en contacto con la aeronave.<\/p><p>Tambi\u00e9n puede beneficiarse de nuestros servicios de inspecci\u00f3n e instalaci\u00f3n profesional en su hangar.<\/p><\/div>\t\t\t\t\t\t\t\t<\/div>\n\t\t\t\t<\/div>\n\t\t\t\t<\/div>\n\t\t<div class=\"elementor-element elementor-element-49b1a87 e-con-full e-flex e-con e-child\" data-id=\"49b1a87\" data-element_type=\"container\">\n\t\t\t\t<div class=\"elementor-element elementor-element-66fb166f elementor-widget elementor-widget-image\" data-id=\"66fb166f\" data-element_type=\"widget\" data-widget_type=\"image.default\">\n\t\t\t\t<div class=\"elementor-widget-container\">\n\t\t\t\t\t\t\t\t\t\t\t\t\t\t\t<img fetchpriority=\"high\" decoding=\"async\" width=\"1000\" height=\"1000\" src=\"https:\/\/persumtechnic.com\/wp-content\/uploads\/2023\/10\/NOSE-1.png\" class=\"attachment-large size-large wp-image-4685\" alt=\"\" srcset=\"https:\/\/persumtechnic.com\/wp-content\/uploads\/2023\/10\/NOSE-1.png 1000w, https:\/\/persumtechnic.com\/wp-content\/uploads\/2023\/10\/NOSE-1-300x300.png 300w, https:\/\/persumtechnic.com\/wp-content\/uploads\/2023\/10\/NOSE-1-150x150.png 150w, https:\/\/persumtechnic.com\/wp-content\/uploads\/2023\/10\/NOSE-1-768x768.png 768w\" sizes=\"(max-width: 1000px) 100vw, 1000px\" \/>\t\t\t\t\t\t\t\t\t\t\t\t\t\t\t<\/div>\n\t\t\t\t<\/div>\n\t\t\t\t<\/div>\n\t\t\t\t\t<\/div>\n\t\t\t\t<\/div>\n\t\t<div class=\"elementor-element elementor-element-1238228f e-flex e-con-boxed e-con e-parent\" data-id=\"1238228f\" data-element_type=\"container\">\n\t\t\t\t\t<div class=\"e-con-inner\">\n\t\t\t\t\t<\/div>\n\t\t\t\t<\/div>\n\t\t<div class=\"elementor-element elementor-element-1f8386f5 e-flex e-con-boxed e-con e-parent\" data-id=\"1f8386f5\" data-element_type=\"container\">\n\t\t\t\t\t<div class=\"e-con-inner\">\n\t\t\t\t<div class=\"elementor-element elementor-element-593826de elementor-widget elementor-widget-heading\" data-id=\"593826de\" data-element_type=\"widget\" data-widget_type=\"heading.default\">\n\t\t\t\t<div class=\"elementor-widget-container\">\n\t\t\t\t\t<h4 class=\"elementor-heading-title elementor-size-default\">Galer\u00eda<\/h4>\t\t\t\t<\/div>\n\t\t\t\t<\/div>\n\t\t\t\t\t<\/div>\n\t\t\t\t<\/div>\n\t\t<div class=\"elementor-element elementor-element-4ba2a4ee e-flex e-con-boxed e-con e-parent\" data-id=\"4ba2a4ee\" data-element_type=\"container\">\n\t\t\t\t\t<div class=\"e-con-inner\">\n\t\t\t\t<div class=\"elementor-element elementor-element-11610b49 gallery-spacing-custom elementor-invisible elementor-widget elementor-widget-image-gallery\" data-id=\"11610b49\" data-element_type=\"widget\" data-settings=\"{&quot;_animation&quot;:&quot;fadeIn&quot;}\" data-widget_type=\"image-gallery.default\">\n\t\t\t\t<div class=\"elementor-widget-container\">\n\t\t\t\t\t\t\t<div class=\"elementor-image-gallery\">\n\t\t\t<div id='gallery-1' class='gallery galleryid-4698 gallery-columns-4 gallery-size-large'><figure class='gallery-item'>\n\t\t\t<div class='gallery-icon landscape'>\n\t\t\t\t<a data-elementor-open-lightbox=\"yes\" data-elementor-lightbox-slideshow=\"11610b49\" data-elementor-lightbox-title=\"NOSE-2\" data-e-action-hash=\"#elementor-action%3Aaction%3Dlightbox%26settings%3DeyJpZCI6NDY4NiwidXJsIjoiaHR0cHM6XC9cL3BlcnN1bXRlY2huaWMuY29tXC93cC1jb250ZW50XC91cGxvYWRzXC8yMDIzXC8xMFwvTk9TRS0yLmpwZyIsInNsaWRlc2hvdyI6IjExNjEwYjQ5In0%3D\" href='https:\/\/persumtechnic.com\/wp-content\/uploads\/2023\/10\/NOSE-2.jpg'><img decoding=\"async\" width=\"1024\" height=\"768\" src=\"https:\/\/persumtechnic.com\/wp-content\/uploads\/2023\/10\/NOSE-2-1024x768.jpg\" class=\"attachment-large size-large\" alt=\"\" aria-describedby=\"gallery-1-4686\" srcset=\"https:\/\/persumtechnic.com\/wp-content\/uploads\/2023\/10\/NOSE-2-1024x768.jpg 1024w, https:\/\/persumtechnic.com\/wp-content\/uploads\/2023\/10\/NOSE-2-300x225.jpg 300w, https:\/\/persumtechnic.com\/wp-content\/uploads\/2023\/10\/NOSE-2-768x576.jpg 768w, https:\/\/persumtechnic.com\/wp-content\/uploads\/2023\/10\/NOSE-2.jpg 1500w\" sizes=\"(max-width: 1024px) 100vw, 1024px\" \/><\/a>\n\t\t\t<\/div>\n\t\t\t\t<figcaption class='wp-caption-text gallery-caption' id='gallery-1-4686'>\n\t\t\t\tImage processed by CodeCarvings Piczard ### FREE Community Edition ### on 2021-01-08 09:54:42Z | http:\/\/piczard.com | http:\/\/codecarvings.com\n\t\t\t\t<\/figcaption><\/figure><figure class='gallery-item'>\n\t\t\t<div class='gallery-icon landscape'>\n\t\t\t\t<a data-elementor-open-lightbox=\"yes\" data-elementor-lightbox-slideshow=\"11610b49\" data-elementor-lightbox-title=\"NOSE-3\" data-e-action-hash=\"#elementor-action%3Aaction%3Dlightbox%26settings%3DeyJpZCI6NDY4NywidXJsIjoiaHR0cHM6XC9cL3BlcnN1bXRlY2huaWMuY29tXC93cC1jb250ZW50XC91cGxvYWRzXC8yMDIzXC8xMFwvTk9TRS0zLmpwZyIsInNsaWRlc2hvdyI6IjExNjEwYjQ5In0%3D\" href='https:\/\/persumtechnic.com\/wp-content\/uploads\/2023\/10\/NOSE-3.jpg'><img decoding=\"async\" width=\"1024\" height=\"768\" src=\"https:\/\/persumtechnic.com\/wp-content\/uploads\/2023\/10\/NOSE-3-1024x768.jpg\" class=\"attachment-large size-large\" alt=\"\" aria-describedby=\"gallery-1-4687\" srcset=\"https:\/\/persumtechnic.com\/wp-content\/uploads\/2023\/10\/NOSE-3-1024x768.jpg 1024w, https:\/\/persumtechnic.com\/wp-content\/uploads\/2023\/10\/NOSE-3-300x225.jpg 300w, https:\/\/persumtechnic.com\/wp-content\/uploads\/2023\/10\/NOSE-3-768x576.jpg 768w, https:\/\/persumtechnic.com\/wp-content\/uploads\/2023\/10\/NOSE-3.jpg 1500w\" sizes=\"(max-width: 1024px) 100vw, 1024px\" \/><\/a>\n\t\t\t<\/div>\n\t\t\t\t<figcaption class='wp-caption-text gallery-caption' id='gallery-1-4687'>\n\t\t\t\tImage processed by CodeCarvings Piczard ### FREE Community Edition ### on 2021-01-08 09:55:33Z | http:\/\/piczard.com | http:\/\/codecarvings.com\n\t\t\t\t<\/figcaption><\/figure><figure class='gallery-item'>\n\t\t\t<div class='gallery-icon landscape'>\n\t\t\t\t<a data-elementor-open-lightbox=\"yes\" data-elementor-lightbox-slideshow=\"11610b49\" data-elementor-lightbox-title=\"NOSE-4\" data-e-action-hash=\"#elementor-action%3Aaction%3Dlightbox%26settings%3DeyJpZCI6NDY4OCwidXJsIjoiaHR0cHM6XC9cL3BlcnN1bXRlY2huaWMuY29tXC93cC1jb250ZW50XC91cGxvYWRzXC8yMDIzXC8xMFwvTk9TRS00LmpwZyIsInNsaWRlc2hvdyI6IjExNjEwYjQ5In0%3D\" href='https:\/\/persumtechnic.com\/wp-content\/uploads\/2023\/10\/NOSE-4.jpg'><img loading=\"lazy\" decoding=\"async\" width=\"1024\" height=\"768\" src=\"https:\/\/persumtechnic.com\/wp-content\/uploads\/2023\/10\/NOSE-4-1024x768.jpg\" class=\"attachment-large size-large\" alt=\"\" aria-describedby=\"gallery-1-4688\" srcset=\"https:\/\/persumtechnic.com\/wp-content\/uploads\/2023\/10\/NOSE-4-1024x768.jpg 1024w, https:\/\/persumtechnic.com\/wp-content\/uploads\/2023\/10\/NOSE-4-300x225.jpg 300w, https:\/\/persumtechnic.com\/wp-content\/uploads\/2023\/10\/NOSE-4-768x576.jpg 768w, https:\/\/persumtechnic.com\/wp-content\/uploads\/2023\/10\/NOSE-4.jpg 1500w\" sizes=\"(max-width: 1024px) 100vw, 1024px\" \/><\/a>\n\t\t\t<\/div>\n\t\t\t\t<figcaption class='wp-caption-text gallery-caption' id='gallery-1-4688'>\n\t\t\t\tImage processed by CodeCarvings Piczard ### FREE Community Edition ### on 2021-01-08 09:56:42Z | http:\/\/piczard.com | http:\/\/codecarvings.com\n\t\t\t\t<\/figcaption><\/figure><figure class='gallery-item'>\n\t\t\t<div class='gallery-icon landscape'>\n\t\t\t\t<a data-elementor-open-lightbox=\"yes\" data-elementor-lightbox-slideshow=\"11610b49\" data-elementor-lightbox-title=\"NOSE-5\" data-e-action-hash=\"#elementor-action%3Aaction%3Dlightbox%26settings%3DeyJpZCI6NDY4OSwidXJsIjoiaHR0cHM6XC9cL3BlcnN1bXRlY2huaWMuY29tXC93cC1jb250ZW50XC91cGxvYWRzXC8yMDIzXC8xMFwvTk9TRS01LmpwZyIsInNsaWRlc2hvdyI6IjExNjEwYjQ5In0%3D\" href='https:\/\/persumtechnic.com\/wp-content\/uploads\/2023\/10\/NOSE-5.jpg'><img loading=\"lazy\" decoding=\"async\" width=\"1024\" height=\"768\" src=\"https:\/\/persumtechnic.com\/wp-content\/uploads\/2023\/10\/NOSE-5-1024x768.jpg\" class=\"attachment-large size-large\" alt=\"\" aria-describedby=\"gallery-1-4689\" srcset=\"https:\/\/persumtechnic.com\/wp-content\/uploads\/2023\/10\/NOSE-5-1024x768.jpg 1024w, https:\/\/persumtechnic.com\/wp-content\/uploads\/2023\/10\/NOSE-5-300x225.jpg 300w, https:\/\/persumtechnic.com\/wp-content\/uploads\/2023\/10\/NOSE-5-768x576.jpg 768w, https:\/\/persumtechnic.com\/wp-content\/uploads\/2023\/10\/NOSE-5.jpg 1500w\" sizes=\"(max-width: 1024px) 100vw, 1024px\" \/><\/a>\n\t\t\t<\/div>\n\t\t\t\t<figcaption class='wp-caption-text gallery-caption' id='gallery-1-4689'>\n\t\t\t\tImage processed by CodeCarvings Piczard ### FREE Community Edition ### on 2021-01-08 09:57:10Z | http:\/\/piczard.com | http:\/\/codecarvings.com\n\t\t\t\t<\/figcaption><\/figure><figure class='gallery-item'>\n\t\t\t<div class='gallery-icon landscape'>\n\t\t\t\t<a data-elementor-open-lightbox=\"yes\" data-elementor-lightbox-slideshow=\"11610b49\" data-elementor-lightbox-title=\"NOSE-6\" data-e-action-hash=\"#elementor-action%3Aaction%3Dlightbox%26settings%3DeyJpZCI6NDY5MCwidXJsIjoiaHR0cHM6XC9cL3BlcnN1bXRlY2huaWMuY29tXC93cC1jb250ZW50XC91cGxvYWRzXC8yMDIzXC8xMFwvTk9TRS02LmpwZyIsInNsaWRlc2hvdyI6IjExNjEwYjQ5In0%3D\" href='https:\/\/persumtechnic.com\/wp-content\/uploads\/2023\/10\/NOSE-6.jpg'><img loading=\"lazy\" decoding=\"async\" width=\"1024\" height=\"768\" src=\"https:\/\/persumtechnic.com\/wp-content\/uploads\/2023\/10\/NOSE-6-1024x768.jpg\" class=\"attachment-large size-large\" alt=\"\" aria-describedby=\"gallery-1-4690\" srcset=\"https:\/\/persumtechnic.com\/wp-content\/uploads\/2023\/10\/NOSE-6-1024x768.jpg 1024w, https:\/\/persumtechnic.com\/wp-content\/uploads\/2023\/10\/NOSE-6-300x225.jpg 300w, https:\/\/persumtechnic.com\/wp-content\/uploads\/2023\/10\/NOSE-6-768x576.jpg 768w, https:\/\/persumtechnic.com\/wp-content\/uploads\/2023\/10\/NOSE-6.jpg 1500w\" sizes=\"(max-width: 1024px) 100vw, 1024px\" \/><\/a>\n\t\t\t<\/div>\n\t\t\t\t<figcaption class='wp-caption-text gallery-caption' id='gallery-1-4690'>\n\t\t\t\tImage processed by CodeCarvings Piczard ### FREE Community Edition ### on 2021-01-08 09:57:38Z | http:\/\/piczard.com | http:\/\/codecarvings.com\n\t\t\t\t<\/figcaption><\/figure><figure class='gallery-item'>\n\t\t\t<div class='gallery-icon landscape'>\n\t\t\t\t<a data-elementor-open-lightbox=\"yes\" data-elementor-lightbox-slideshow=\"11610b49\" data-elementor-lightbox-title=\"NOSE-7\" data-e-action-hash=\"#elementor-action%3Aaction%3Dlightbox%26settings%3DeyJpZCI6NDY5MSwidXJsIjoiaHR0cHM6XC9cL3BlcnN1bXRlY2huaWMuY29tXC93cC1jb250ZW50XC91cGxvYWRzXC8yMDIzXC8xMFwvTk9TRS03LmpwZyIsInNsaWRlc2hvdyI6IjExNjEwYjQ5In0%3D\" href='https:\/\/persumtechnic.com\/wp-content\/uploads\/2023\/10\/NOSE-7.jpg'><img loading=\"lazy\" decoding=\"async\" width=\"1024\" height=\"768\" src=\"https:\/\/persumtechnic.com\/wp-content\/uploads\/2023\/10\/NOSE-7-1024x768.jpg\" class=\"attachment-large size-large\" alt=\"\" aria-describedby=\"gallery-1-4691\" srcset=\"https:\/\/persumtechnic.com\/wp-content\/uploads\/2023\/10\/NOSE-7-1024x768.jpg 1024w, https:\/\/persumtechnic.com\/wp-content\/uploads\/2023\/10\/NOSE-7-300x225.jpg 300w, https:\/\/persumtechnic.com\/wp-content\/uploads\/2023\/10\/NOSE-7-768x576.jpg 768w, https:\/\/persumtechnic.com\/wp-content\/uploads\/2023\/10\/NOSE-7.jpg 1500w\" sizes=\"(max-width: 1024px) 100vw, 1024px\" \/><\/a>\n\t\t\t<\/div>\n\t\t\t\t<figcaption class='wp-caption-text gallery-caption' id='gallery-1-4691'>\n\t\t\t\tImage processed by CodeCarvings Piczard ### FREE Community Edition ### on 2021-01-08 09:59:05Z | http:\/\/piczard.com | http:\/\/codecarvings.com\u00a0rkZ;\u0099\n\t\t\t\t<\/figcaption><\/figure><figure class='gallery-item'>\n\t\t\t<div class='gallery-icon landscape'>\n\t\t\t\t<a data-elementor-open-lightbox=\"yes\" data-elementor-lightbox-slideshow=\"11610b49\" data-elementor-lightbox-title=\"NOSE-8\" data-e-action-hash=\"#elementor-action%3Aaction%3Dlightbox%26settings%3DeyJpZCI6NDY5MiwidXJsIjoiaHR0cHM6XC9cL3BlcnN1bXRlY2huaWMuY29tXC93cC1jb250ZW50XC91cGxvYWRzXC8yMDIzXC8xMFwvTk9TRS04LmpwZyIsInNsaWRlc2hvdyI6IjExNjEwYjQ5In0%3D\" href='https:\/\/persumtechnic.com\/wp-content\/uploads\/2023\/10\/NOSE-8.jpg'><img loading=\"lazy\" decoding=\"async\" width=\"1024\" height=\"768\" src=\"https:\/\/persumtechnic.com\/wp-content\/uploads\/2023\/10\/NOSE-8-1024x768.jpg\" class=\"attachment-large size-large\" alt=\"\" aria-describedby=\"gallery-1-4692\" srcset=\"https:\/\/persumtechnic.com\/wp-content\/uploads\/2023\/10\/NOSE-8-1024x768.jpg 1024w, https:\/\/persumtechnic.com\/wp-content\/uploads\/2023\/10\/NOSE-8-300x225.jpg 300w, https:\/\/persumtechnic.com\/wp-content\/uploads\/2023\/10\/NOSE-8-768x576.jpg 768w, https:\/\/persumtechnic.com\/wp-content\/uploads\/2023\/10\/NOSE-8.jpg 1500w\" sizes=\"(max-width: 1024px) 100vw, 1024px\" \/><\/a>\n\t\t\t<\/div>\n\t\t\t\t<figcaption class='wp-caption-text gallery-caption' id='gallery-1-4692'>\n\t\t\t\tImage processed by CodeCarvings Piczard ### FREE Community Edition ### on 2021-01-08 09:59:51Z | http:\/\/piczard.com | http:\/\/codecarvings.com\n\t\t\t\t<\/figcaption><\/figure><figure class='gallery-item'>\n\t\t\t<div class='gallery-icon landscape'>\n\t\t\t\t<a data-elementor-open-lightbox=\"yes\" data-elementor-lightbox-slideshow=\"11610b49\" data-elementor-lightbox-title=\"NOSE-9\" data-e-action-hash=\"#elementor-action%3Aaction%3Dlightbox%26settings%3DeyJpZCI6NDY5MywidXJsIjoiaHR0cHM6XC9cL3BlcnN1bXRlY2huaWMuY29tXC93cC1jb250ZW50XC91cGxvYWRzXC8yMDIzXC8xMFwvTk9TRS05LmpwZyIsInNsaWRlc2hvdyI6IjExNjEwYjQ5In0%3D\" href='https:\/\/persumtechnic.com\/wp-content\/uploads\/2023\/10\/NOSE-9.jpg'><img loading=\"lazy\" decoding=\"async\" width=\"1024\" height=\"768\" src=\"https:\/\/persumtechnic.com\/wp-content\/uploads\/2023\/10\/NOSE-9-1024x768.jpg\" class=\"attachment-large size-large\" alt=\"\" aria-describedby=\"gallery-1-4693\" srcset=\"https:\/\/persumtechnic.com\/wp-content\/uploads\/2023\/10\/NOSE-9-1024x768.jpg 1024w, https:\/\/persumtechnic.com\/wp-content\/uploads\/2023\/10\/NOSE-9-300x225.jpg 300w, https:\/\/persumtechnic.com\/wp-content\/uploads\/2023\/10\/NOSE-9-768x576.jpg 768w, https:\/\/persumtechnic.com\/wp-content\/uploads\/2023\/10\/NOSE-9.jpg 1500w\" sizes=\"(max-width: 1024px) 100vw, 1024px\" \/><\/a>\n\t\t\t<\/div>\n\t\t\t\t<figcaption class='wp-caption-text gallery-caption' id='gallery-1-4693'>\n\t\t\t\tImage processed by CodeCarvings Piczard ### FREE Community Edition ### on 2021-01-08 10:00:24Z | http:\/\/piczard.com | http:\/\/codecarvings.com\n\t\t\t\t<\/figcaption><\/figure>\n\t\t<\/div>\n\t\t<\/div>\n\t\t\t\t\t\t<\/div>\n\t\t\t\t<\/div>\n\t\t\t\t\t<\/div>\n\t\t\t\t<\/div>\n\t\t\t\t<\/div>\n\t\t","protected":false},"excerpt":{"rendered":"<p>Sistemas de acoplamiento de morro de avi\u00f3n Detalles de producto Los sistemas Nose Dock est\u00e1n dise\u00f1ados para los modelos de avi\u00f3n A330, A350, A340, A320, B737, B777 y B787, de acuerdo con diez condiciones de ruedas con conector para acceder al parabrisas, el radomo, las puertas PAX, la rueda delantera y los dispositivos electr\u00f3nicos. Se [&hellip;]<\/p>\n","protected":false},"author":1,"featured_media":0,"parent":0,"menu_order":0,"comment_status":"closed","ping_status":"closed","template":"","meta":{"site-sidebar-layout":"no-sidebar","site-content-layout":"page-builder","ast-site-content-layout":"full-width-container","site-content-style":"default","site-sidebar-style":"default","ast-global-header-display":"","ast-banner-title-visibility":"","ast-main-header-display":"","ast-hfb-above-header-display":"","ast-hfb-below-header-display":"","ast-hfb-mobile-header-display":"","site-post-title":"disabled","ast-breadcrumbs-content":"","ast-featured-img":"disabled","footer-sml-layout":"","theme-transparent-header-meta":"","adv-header-id-meta":"","stick-header-meta":"","header-above-stick-meta":"","header-main-stick-meta":"","header-below-stick-meta":"","astra-migrate-meta-layouts":"set","ast-page-background-enabled":"default","ast-page-background-meta":{"desktop":{"background-color":"","background-image":"","background-repeat":"repeat","background-position":"center center","background-size":"auto","background-attachment":"scroll","background-type":"","background-media":"","overlay-type":"","overlay-color":"","overlay-opacity":"","overlay-gradient":""},"tablet":{"background-color":"","background-image":"","background-repeat":"repeat","background-position":"center center","background-size":"auto","background-attachment":"scroll","background-type":"","background-media":"","overlay-type":"","overlay-color":"","overlay-opacity":"","overlay-gradient":""},"mobile":{"background-color":"","background-image":"","background-repeat":"repeat","background-position":"center center","background-size":"auto","background-attachment":"scroll","background-type":"","background-media":"","overlay-type":"","overlay-color":"","overlay-opacity":"","overlay-gradient":""}},"ast-content-background-meta":{"desktop":{"background-color":"var(--ast-global-color-5)","background-image":"","background-repeat":"repeat","background-position":"center center","background-size":"auto","background-attachment":"scroll","background-type":"","background-media":"","overlay-type":"","overlay-color":"","overlay-opacity":"","overlay-gradient":""},"tablet":{"background-color":"var(--ast-global-color-5)","background-image":"","background-repeat":"repeat","background-position":"center center","background-size":"auto","background-attachment":"scroll","background-type":"","background-media":"","overlay-type":"","overlay-color":"","overlay-opacity":"","overlay-gradient":""},"mobile":{"background-color":"var(--ast-global-color-5)","background-image":"","background-repeat":"repeat","background-position":"center center","background-size":"auto","background-attachment":"scroll","background-type":"","background-media":"","overlay-type":"","overlay-color":"","overlay-opacity":"","overlay-gradient":""}},"footnotes":""},"class_list":["post-4698","page","type-page","status-publish","hentry"],"_links":{"self":[{"href":"https:\/\/persumtechnic.com\/index.php\/wp-json\/wp\/v2\/pages\/4698","targetHints":{"allow":["GET"]}}],"collection":[{"href":"https:\/\/persumtechnic.com\/index.php\/wp-json\/wp\/v2\/pages"}],"about":[{"href":"https:\/\/persumtechnic.com\/index.php\/wp-json\/wp\/v2\/types\/page"}],"author":[{"embeddable":true,"href":"https:\/\/persumtechnic.com\/index.php\/wp-json\/wp\/v2\/users\/1"}],"replies":[{"embeddable":true,"href":"https:\/\/persumtechnic.com\/index.php\/wp-json\/wp\/v2\/comments?post=4698"}],"version-history":[{"count":10,"href":"https:\/\/persumtechnic.com\/index.php\/wp-json\/wp\/v2\/pages\/4698\/revisions"}],"predecessor-version":[{"id":5809,"href":"https:\/\/persumtechnic.com\/index.php\/wp-json\/wp\/v2\/pages\/4698\/revisions\/5809"}],"wp:attachment":[{"href":"https:\/\/persumtechnic.com\/index.php\/wp-json\/wp\/v2\/media?parent=4698"}],"curies":[{"name":"wp","href":"https:\/\/api.w.org\/{rel}","templated":true}]}}