{"id":4722,"date":"2023-10-09T14:15:32","date_gmt":"2023-10-09T14:15:32","guid":{"rendered":"https:\/\/persumtechnic.com\/?page_id=4722"},"modified":"2024-09-20T10:41:23","modified_gmt":"2024-09-20T10:41:23","slug":"escalera-de-llenado-de-combustible","status":"publish","type":"page","link":"https:\/\/persumtechnic.com\/index.php\/escalera-de-llenado-de-combustible\/","title":{"rendered":"Escalera de llenado de combustible"},"content":{"rendered":"\t\t<div data-elementor-type=\"wp-page\" data-elementor-id=\"4722\" class=\"elementor elementor-4722\">\n\t\t\t\t<div class=\"elementor-element elementor-element-2e80f82e e-flex e-con-boxed e-con e-parent\" data-id=\"2e80f82e\" data-element_type=\"container\">\n\t\t\t\t\t<div class=\"e-con-inner\">\n\t\t\t\t<div class=\"elementor-element elementor-element-190f3411 elementor-widget elementor-widget-spacer\" data-id=\"190f3411\" data-element_type=\"widget\" data-widget_type=\"spacer.default\">\n\t\t\t\t<div class=\"elementor-widget-container\">\n\t\t\t\t\t\t\t<div class=\"elementor-spacer\">\n\t\t\t<div class=\"elementor-spacer-inner\"><\/div>\n\t\t<\/div>\n\t\t\t\t\t\t<\/div>\n\t\t\t\t<\/div>\n\t\t\t\t\t<\/div>\n\t\t\t\t<\/div>\n\t\t<div class=\"elementor-element elementor-element-2807ad0c e-flex e-con-boxed e-con e-parent\" data-id=\"2807ad0c\" data-element_type=\"container\">\n\t\t\t\t\t<div class=\"e-con-inner\">\n\t\t\t\t<div class=\"elementor-element elementor-element-4746b7f8 elementor-widget elementor-widget-heading\" data-id=\"4746b7f8\" data-element_type=\"widget\" data-widget_type=\"heading.default\">\n\t\t\t\t<div class=\"elementor-widget-container\">\n\t\t\t\t\t<h4 class=\"elementor-heading-title elementor-size-default\">Escalera de recarga de combustible (Refuelling Ladder)<\/h4>\t\t\t\t<\/div>\n\t\t\t\t<\/div>\n\t\t\t\t\t<\/div>\n\t\t\t\t<\/div>\n\t\t<div class=\"elementor-element elementor-element-336cd87d e-flex e-con-boxed e-con e-parent\" data-id=\"336cd87d\" data-element_type=\"container\">\n\t\t\t\t\t<div class=\"e-con-inner\">\n\t\t<div class=\"elementor-element elementor-element-54457d83 e-con-full e-flex e-con e-child\" data-id=\"54457d83\" data-element_type=\"container\">\n\t\t\t\t<div class=\"elementor-element elementor-element-5a535bb0 elementor-widget elementor-widget-text-editor\" data-id=\"5a535bb0\" data-element_type=\"widget\" data-widget_type=\"text-editor.default\">\n\t\t\t\t<div class=\"elementor-widget-container\">\n\t\t\t\t\t\t\t\t\t<h5>Detalles de producto<\/h5>\n<div>\n<p>Este producto proporciona una soluci\u00f3n r\u00e1pida, segura y eficiente para el abastecimiento de combustible, incluso en condiciones de viento fuerte. Es compatible con una amplia variedad de aeronaves.<\/p>\n<p>Las dimensiones del producto, incluyendo su ancho, largo y alto, se pueden personalizar de acuerdo con los requisitos espec\u00edficos.<\/p>\n<p>La superficie de los pelda\u00f1os se puede adaptar seg\u00fan la aplicaci\u00f3n y las necesidades, con un ancho de pelda\u00f1o que var\u00eda entre 80 mm y 250 mm.<\/p>\n<p>Se pueden agregar rodapi\u00e9s para prevenir la ca\u00edda de materiales, y es posible incorporar medidas adicionales de seguridad, como la coloraci\u00f3n, reflectores y etiquetas de advertencia en el producto.<\/p>\n<p>Tambi\u00e9n se ofrece la opci\u00f3n de a\u00f1adir un dispositivo para colgar la manguera de combustible, mejorando as\u00ed la eficiencia en el proceso de recarga.<\/p>\n<p>Puede contar con el respaldo de nuestro equipo t\u00e9cnico profesional para la instalaci\u00f3n, piezas de repuesto y servicios de mantenimiento y reparaci\u00f3n.<\/p>\n<\/div>\t\t\t\t\t\t\t\t<\/div>\n\t\t\t\t<\/div>\n\t\t\t\t<\/div>\n\t\t<div class=\"elementor-element elementor-element-5273d920 e-con-full e-flex e-con e-child\" data-id=\"5273d920\" data-element_type=\"container\">\n\t\t\t\t<div class=\"elementor-element elementor-element-8d297cf elementor-widget elementor-widget-image\" data-id=\"8d297cf\" data-element_type=\"widget\" data-widget_type=\"image.default\">\n\t\t\t\t<div class=\"elementor-widget-container\">\n\t\t\t\t\t\t\t\t\t\t\t\t\t\t\t<img fetchpriority=\"high\" decoding=\"async\" width=\"1000\" height=\"1000\" src=\"https:\/\/persumtechnic.com\/wp-content\/uploads\/2023\/10\/REF-1-1.jpg\" class=\"attachment-large size-large wp-image-4713\" alt=\"\" srcset=\"https:\/\/persumtechnic.com\/wp-content\/uploads\/2023\/10\/REF-1-1.jpg 1000w, https:\/\/persumtechnic.com\/wp-content\/uploads\/2023\/10\/REF-1-1-300x300.jpg 300w, https:\/\/persumtechnic.com\/wp-content\/uploads\/2023\/10\/REF-1-1-150x150.jpg 150w, https:\/\/persumtechnic.com\/wp-content\/uploads\/2023\/10\/REF-1-1-768x768.jpg 768w\" sizes=\"(max-width: 1000px) 100vw, 1000px\" \/>\t\t\t\t\t\t\t\t\t\t\t\t\t\t\t<\/div>\n\t\t\t\t<\/div>\n\t\t\t\t<\/div>\n\t\t\t\t\t<\/div>\n\t\t\t\t<\/div>\n\t\t<div class=\"elementor-element elementor-element-12090489 e-flex e-con-boxed e-con e-parent\" data-id=\"12090489\" data-element_type=\"container\">\n\t\t\t\t\t<div class=\"e-con-inner\">\n\t\t\t\t\t<\/div>\n\t\t\t\t<\/div>\n\t\t<div class=\"elementor-element elementor-element-3d58445b e-flex e-con-boxed e-con e-parent\" data-id=\"3d58445b\" data-element_type=\"container\">\n\t\t\t\t\t<div class=\"e-con-inner\">\n\t\t\t\t<div class=\"elementor-element elementor-element-13ad8e18 elementor-widget elementor-widget-heading\" data-id=\"13ad8e18\" data-element_type=\"widget\" data-widget_type=\"heading.default\">\n\t\t\t\t<div class=\"elementor-widget-container\">\n\t\t\t\t\t<h4 class=\"elementor-heading-title elementor-size-default\">Galer\u00eda<\/h4>\t\t\t\t<\/div>\n\t\t\t\t<\/div>\n\t\t\t\t\t<\/div>\n\t\t\t\t<\/div>\n\t\t<div class=\"elementor-element elementor-element-2b7c4937 e-flex e-con-boxed e-con e-parent\" data-id=\"2b7c4937\" data-element_type=\"container\">\n\t\t\t\t\t<div class=\"e-con-inner\">\n\t\t\t\t<div class=\"elementor-element elementor-element-618647f9 gallery-spacing-custom elementor-invisible elementor-widget elementor-widget-image-gallery\" data-id=\"618647f9\" data-element_type=\"widget\" data-settings=\"{&quot;_animation&quot;:&quot;fadeIn&quot;}\" data-widget_type=\"image-gallery.default\">\n\t\t\t\t<div class=\"elementor-widget-container\">\n\t\t\t\t\t\t\t<div class=\"elementor-image-gallery\">\n\t\t\t<div id='gallery-1' class='gallery galleryid-4722 gallery-columns-4 gallery-size-large'><figure class='gallery-item'>\n\t\t\t<div class='gallery-icon landscape'>\n\t\t\t\t<a data-elementor-open-lightbox=\"yes\" data-elementor-lightbox-slideshow=\"618647f9\" data-elementor-lightbox-title=\"REF-2\" data-e-action-hash=\"#elementor-action%3Aaction%3Dlightbox%26settings%3DeyJpZCI6NDcxNCwidXJsIjoiaHR0cHM6XC9cL3BlcnN1bXRlY2huaWMuY29tXC93cC1jb250ZW50XC91cGxvYWRzXC8yMDIzXC8xMFwvUkVGLTIuanBnIiwic2xpZGVzaG93IjoiNjE4NjQ3ZjkifQ%3D%3D\" href='https:\/\/persumtechnic.com\/wp-content\/uploads\/2023\/10\/REF-2.jpg'><img decoding=\"async\" width=\"1024\" height=\"768\" src=\"https:\/\/persumtechnic.com\/wp-content\/uploads\/2023\/10\/REF-2-1024x768.jpg\" class=\"attachment-large size-large\" alt=\"\" aria-describedby=\"gallery-1-4714\" srcset=\"https:\/\/persumtechnic.com\/wp-content\/uploads\/2023\/10\/REF-2-1024x768.jpg 1024w, https:\/\/persumtechnic.com\/wp-content\/uploads\/2023\/10\/REF-2-300x225.jpg 300w, https:\/\/persumtechnic.com\/wp-content\/uploads\/2023\/10\/REF-2-768x576.jpg 768w, https:\/\/persumtechnic.com\/wp-content\/uploads\/2023\/10\/REF-2.jpg 1500w\" sizes=\"(max-width: 1024px) 100vw, 1024px\" \/><\/a>\n\t\t\t<\/div>\n\t\t\t\t<figcaption class='wp-caption-text gallery-caption' id='gallery-1-4714'>\n\t\t\t\tImage processed by CodeCarvings Piczard ### FREE Community Edition ### on 2021-01-21 07:00:19Z | http:\/\/piczard.com | http:\/\/codecarvings.com\n\t\t\t\t<\/figcaption><\/figure><figure class='gallery-item'>\n\t\t\t<div class='gallery-icon landscape'>\n\t\t\t\t<a data-elementor-open-lightbox=\"yes\" data-elementor-lightbox-slideshow=\"618647f9\" data-elementor-lightbox-title=\"REF-3\" data-e-action-hash=\"#elementor-action%3Aaction%3Dlightbox%26settings%3DeyJpZCI6NDcxNSwidXJsIjoiaHR0cHM6XC9cL3BlcnN1bXRlY2huaWMuY29tXC93cC1jb250ZW50XC91cGxvYWRzXC8yMDIzXC8xMFwvUkVGLTMuanBnIiwic2xpZGVzaG93IjoiNjE4NjQ3ZjkifQ%3D%3D\" href='https:\/\/persumtechnic.com\/wp-content\/uploads\/2023\/10\/REF-3.jpg'><img decoding=\"async\" width=\"1024\" height=\"768\" src=\"https:\/\/persumtechnic.com\/wp-content\/uploads\/2023\/10\/REF-3-1024x768.jpg\" class=\"attachment-large size-large\" alt=\"\" aria-describedby=\"gallery-1-4715\" srcset=\"https:\/\/persumtechnic.com\/wp-content\/uploads\/2023\/10\/REF-3-1024x768.jpg 1024w, https:\/\/persumtechnic.com\/wp-content\/uploads\/2023\/10\/REF-3-300x225.jpg 300w, https:\/\/persumtechnic.com\/wp-content\/uploads\/2023\/10\/REF-3-768x576.jpg 768w, https:\/\/persumtechnic.com\/wp-content\/uploads\/2023\/10\/REF-3.jpg 1500w\" sizes=\"(max-width: 1024px) 100vw, 1024px\" \/><\/a>\n\t\t\t<\/div>\n\t\t\t\t<figcaption class='wp-caption-text gallery-caption' id='gallery-1-4715'>\n\t\t\t\tImage processed by CodeCarvings Piczard ### FREE Community Edition ### on 2021-01-21 07:01:15Z | http:\/\/piczard.com | http:\/\/codecarvings.com\n\t\t\t\t<\/figcaption><\/figure><figure class='gallery-item'>\n\t\t\t<div class='gallery-icon landscape'>\n\t\t\t\t<a data-elementor-open-lightbox=\"yes\" data-elementor-lightbox-slideshow=\"618647f9\" data-elementor-lightbox-title=\"REF-4\" data-e-action-hash=\"#elementor-action%3Aaction%3Dlightbox%26settings%3DeyJpZCI6NDcxNiwidXJsIjoiaHR0cHM6XC9cL3BlcnN1bXRlY2huaWMuY29tXC93cC1jb250ZW50XC91cGxvYWRzXC8yMDIzXC8xMFwvUkVGLTQuanBnIiwic2xpZGVzaG93IjoiNjE4NjQ3ZjkifQ%3D%3D\" href='https:\/\/persumtechnic.com\/wp-content\/uploads\/2023\/10\/REF-4.jpg'><img loading=\"lazy\" decoding=\"async\" width=\"1024\" height=\"768\" src=\"https:\/\/persumtechnic.com\/wp-content\/uploads\/2023\/10\/REF-4-1024x768.jpg\" class=\"attachment-large size-large\" alt=\"\" aria-describedby=\"gallery-1-4716\" srcset=\"https:\/\/persumtechnic.com\/wp-content\/uploads\/2023\/10\/REF-4-1024x768.jpg 1024w, https:\/\/persumtechnic.com\/wp-content\/uploads\/2023\/10\/REF-4-300x225.jpg 300w, https:\/\/persumtechnic.com\/wp-content\/uploads\/2023\/10\/REF-4-768x576.jpg 768w, https:\/\/persumtechnic.com\/wp-content\/uploads\/2023\/10\/REF-4.jpg 1500w\" sizes=\"(max-width: 1024px) 100vw, 1024px\" \/><\/a>\n\t\t\t<\/div>\n\t\t\t\t<figcaption class='wp-caption-text gallery-caption' id='gallery-1-4716'>\n\t\t\t\tImage processed by CodeCarvings Piczard ### FREE Community Edition ### on 2021-01-21 07:03:15Z | http:\/\/piczard.com | http:\/\/codecarvings.com\n\t\t\t\t<\/figcaption><\/figure><figure class='gallery-item'>\n\t\t\t<div class='gallery-icon landscape'>\n\t\t\t\t<a data-elementor-open-lightbox=\"yes\" data-elementor-lightbox-slideshow=\"618647f9\" data-elementor-lightbox-title=\"REF-5\" data-e-action-hash=\"#elementor-action%3Aaction%3Dlightbox%26settings%3DeyJpZCI6NDcxNywidXJsIjoiaHR0cHM6XC9cL3BlcnN1bXRlY2huaWMuY29tXC93cC1jb250ZW50XC91cGxvYWRzXC8yMDIzXC8xMFwvUkVGLTUuanBnIiwic2xpZGVzaG93IjoiNjE4NjQ3ZjkifQ%3D%3D\" href='https:\/\/persumtechnic.com\/wp-content\/uploads\/2023\/10\/REF-5.jpg'><img loading=\"lazy\" decoding=\"async\" width=\"1024\" height=\"768\" src=\"https:\/\/persumtechnic.com\/wp-content\/uploads\/2023\/10\/REF-5-1024x768.jpg\" class=\"attachment-large size-large\" alt=\"\" aria-describedby=\"gallery-1-4717\" srcset=\"https:\/\/persumtechnic.com\/wp-content\/uploads\/2023\/10\/REF-5-1024x768.jpg 1024w, https:\/\/persumtechnic.com\/wp-content\/uploads\/2023\/10\/REF-5-300x225.jpg 300w, https:\/\/persumtechnic.com\/wp-content\/uploads\/2023\/10\/REF-5-768x576.jpg 768w, https:\/\/persumtechnic.com\/wp-content\/uploads\/2023\/10\/REF-5.jpg 1500w\" sizes=\"(max-width: 1024px) 100vw, 1024px\" \/><\/a>\n\t\t\t<\/div>\n\t\t\t\t<figcaption class='wp-caption-text gallery-caption' id='gallery-1-4717'>\n\t\t\t\tImage processed by CodeCarvings Piczard ### FREE Community Edition ### on 2021-01-21 07:03:47Z | http:\/\/piczard.com | http:\/\/codecarvings.com\n\t\t\t\t<\/figcaption><\/figure><figure class='gallery-item'>\n\t\t\t<div class='gallery-icon portrait'>\n\t\t\t\t<a data-elementor-open-lightbox=\"yes\" data-elementor-lightbox-slideshow=\"618647f9\" data-elementor-lightbox-title=\"REF-6\" data-e-action-hash=\"#elementor-action%3Aaction%3Dlightbox%26settings%3DeyJpZCI6NDcxOCwidXJsIjoiaHR0cHM6XC9cL3BlcnN1bXRlY2huaWMuY29tXC93cC1jb250ZW50XC91cGxvYWRzXC8yMDIzXC8xMFwvUkVGLTYuanBnIiwic2xpZGVzaG93IjoiNjE4NjQ3ZjkifQ%3D%3D\" href='https:\/\/persumtechnic.com\/wp-content\/uploads\/2023\/10\/REF-6.jpg'><img loading=\"lazy\" decoding=\"async\" width=\"768\" height=\"1024\" src=\"https:\/\/persumtechnic.com\/wp-content\/uploads\/2023\/10\/REF-6-768x1024.jpg\" class=\"attachment-large size-large\" alt=\"\" aria-describedby=\"gallery-1-4718\" srcset=\"https:\/\/persumtechnic.com\/wp-content\/uploads\/2023\/10\/REF-6-768x1024.jpg 768w, https:\/\/persumtechnic.com\/wp-content\/uploads\/2023\/10\/REF-6-225x300.jpg 225w, https:\/\/persumtechnic.com\/wp-content\/uploads\/2023\/10\/REF-6.jpg 1125w\" sizes=\"(max-width: 768px) 100vw, 768px\" \/><\/a>\n\t\t\t<\/div>\n\t\t\t\t<figcaption class='wp-caption-text gallery-caption' id='gallery-1-4718'>\n\t\t\t\tImage processed by CodeCarvings Piczard ### FREE Community Edition ### on 2021-01-21 07:14:46Z | http:\/\/piczard.com | http:\/\/codecarvings.com07:\u00fd&lt;\u009fq\n\t\t\t\t<\/figcaption><\/figure><figure class='gallery-item'>\n\t\t\t<div class='gallery-icon portrait'>\n\t\t\t\t<a data-elementor-open-lightbox=\"yes\" data-elementor-lightbox-slideshow=\"618647f9\" data-elementor-lightbox-title=\"REF-7\" data-e-action-hash=\"#elementor-action%3Aaction%3Dlightbox%26settings%3DeyJpZCI6NDcxOSwidXJsIjoiaHR0cHM6XC9cL3BlcnN1bXRlY2huaWMuY29tXC93cC1jb250ZW50XC91cGxvYWRzXC8yMDIzXC8xMFwvUkVGLTcuanBnIiwic2xpZGVzaG93IjoiNjE4NjQ3ZjkifQ%3D%3D\" href='https:\/\/persumtechnic.com\/wp-content\/uploads\/2023\/10\/REF-7.jpg'><img loading=\"lazy\" decoding=\"async\" width=\"768\" height=\"1024\" src=\"https:\/\/persumtechnic.com\/wp-content\/uploads\/2023\/10\/REF-7-768x1024.jpg\" class=\"attachment-large size-large\" alt=\"\" aria-describedby=\"gallery-1-4719\" srcset=\"https:\/\/persumtechnic.com\/wp-content\/uploads\/2023\/10\/REF-7-768x1024.jpg 768w, https:\/\/persumtechnic.com\/wp-content\/uploads\/2023\/10\/REF-7-225x300.jpg 225w, https:\/\/persumtechnic.com\/wp-content\/uploads\/2023\/10\/REF-7.jpg 1125w\" sizes=\"(max-width: 768px) 100vw, 768px\" \/><\/a>\n\t\t\t<\/div>\n\t\t\t\t<figcaption class='wp-caption-text gallery-caption' id='gallery-1-4719'>\n\t\t\t\tImage processed by CodeCarvings Piczard ### FREE Community Edition ### on 2021-01-21 07:15:00Z | http:\/\/piczard.com | http:\/\/codecarvings.com07:\u00fd&lt;\u009fq\n\t\t\t\t<\/figcaption><\/figure><figure class='gallery-item'>\n\t\t\t<div class='gallery-icon portrait'>\n\t\t\t\t<a data-elementor-open-lightbox=\"yes\" data-elementor-lightbox-slideshow=\"618647f9\" data-elementor-lightbox-title=\"REF-8\" data-e-action-hash=\"#elementor-action%3Aaction%3Dlightbox%26settings%3DeyJpZCI6NDcyMCwidXJsIjoiaHR0cHM6XC9cL3BlcnN1bXRlY2huaWMuY29tXC93cC1jb250ZW50XC91cGxvYWRzXC8yMDIzXC8xMFwvUkVGLTguanBnIiwic2xpZGVzaG93IjoiNjE4NjQ3ZjkifQ%3D%3D\" href='https:\/\/persumtechnic.com\/wp-content\/uploads\/2023\/10\/REF-8.jpg'><img loading=\"lazy\" decoding=\"async\" width=\"768\" height=\"1024\" src=\"https:\/\/persumtechnic.com\/wp-content\/uploads\/2023\/10\/REF-8-768x1024.jpg\" class=\"attachment-large size-large\" alt=\"\" aria-describedby=\"gallery-1-4720\" srcset=\"https:\/\/persumtechnic.com\/wp-content\/uploads\/2023\/10\/REF-8-768x1024.jpg 768w, https:\/\/persumtechnic.com\/wp-content\/uploads\/2023\/10\/REF-8-225x300.jpg 225w, https:\/\/persumtechnic.com\/wp-content\/uploads\/2023\/10\/REF-8.jpg 1125w\" sizes=\"(max-width: 768px) 100vw, 768px\" \/><\/a>\n\t\t\t<\/div>\n\t\t\t\t<figcaption class='wp-caption-text gallery-caption' id='gallery-1-4720'>\n\t\t\t\tImage processed by CodeCarvings Piczard ### FREE Community Edition ### on 2021-01-21 07:15:10Z | http:\/\/piczard.com | http:\/\/codecarvings.com07:\u00fd&lt;\u009fq\n\t\t\t\t<\/figcaption><\/figure><figure class='gallery-item'>\n\t\t\t<div class='gallery-icon portrait'>\n\t\t\t\t<a data-elementor-open-lightbox=\"yes\" data-elementor-lightbox-slideshow=\"618647f9\" data-elementor-lightbox-title=\"REF-9\" data-e-action-hash=\"#elementor-action%3Aaction%3Dlightbox%26settings%3DeyJpZCI6NDcyMSwidXJsIjoiaHR0cHM6XC9cL3BlcnN1bXRlY2huaWMuY29tXC93cC1jb250ZW50XC91cGxvYWRzXC8yMDIzXC8xMFwvUkVGLTkuanBnIiwic2xpZGVzaG93IjoiNjE4NjQ3ZjkifQ%3D%3D\" href='https:\/\/persumtechnic.com\/wp-content\/uploads\/2023\/10\/REF-9.jpg'><img loading=\"lazy\" decoding=\"async\" width=\"768\" height=\"1024\" src=\"https:\/\/persumtechnic.com\/wp-content\/uploads\/2023\/10\/REF-9-768x1024.jpg\" class=\"attachment-large size-large\" alt=\"\" aria-describedby=\"gallery-1-4721\" srcset=\"https:\/\/persumtechnic.com\/wp-content\/uploads\/2023\/10\/REF-9-768x1024.jpg 768w, https:\/\/persumtechnic.com\/wp-content\/uploads\/2023\/10\/REF-9-225x300.jpg 225w, https:\/\/persumtechnic.com\/wp-content\/uploads\/2023\/10\/REF-9.jpg 1125w\" sizes=\"(max-width: 768px) 100vw, 768px\" \/><\/a>\n\t\t\t<\/div>\n\t\t\t\t<figcaption class='wp-caption-text gallery-caption' id='gallery-1-4721'>\n\t\t\t\tImage processed by CodeCarvings Piczard ### FREE Community Edition ### on 2021-01-21 07:15:20Z | http:\/\/piczard.com | http:\/\/codecarvings.com07:\u00fd&lt;\u009fq\n\t\t\t\t<\/figcaption><\/figure>\n\t\t<\/div>\n\t\t<\/div>\n\t\t\t\t\t\t<\/div>\n\t\t\t\t<\/div>\n\t\t\t\t\t<\/div>\n\t\t\t\t<\/div>\n\t\t\t\t<\/div>\n\t\t","protected":false},"excerpt":{"rendered":"<p>Escalera de recarga de combustible (Refuelling Ladder) Detalles de producto Este producto proporciona una soluci\u00f3n r\u00e1pida, segura y eficiente para el abastecimiento de combustible, incluso en condiciones de viento fuerte. Es compatible con una amplia variedad de aeronaves. Las dimensiones del producto, incluyendo su ancho, largo y alto, se pueden personalizar de acuerdo con los [&hellip;]<\/p>\n","protected":false},"author":1,"featured_media":0,"parent":0,"menu_order":0,"comment_status":"closed","ping_status":"closed","template":"","meta":{"site-sidebar-layout":"no-sidebar","site-content-layout":"page-builder","ast-site-content-layout":"full-width-container","site-content-style":"default","site-sidebar-style":"default","ast-global-header-display":"","ast-banner-title-visibility":"","ast-main-header-display":"","ast-hfb-above-header-display":"","ast-hfb-below-header-display":"","ast-hfb-mobile-header-display":"","site-post-title":"disabled","ast-breadcrumbs-content":"","ast-featured-img":"disabled","footer-sml-layout":"","theme-transparent-header-meta":"","adv-header-id-meta":"","stick-header-meta":"","header-above-stick-meta":"","header-main-stick-meta":"","header-below-stick-meta":"","astra-migrate-meta-layouts":"set","ast-page-background-enabled":"default","ast-page-background-meta":{"desktop":{"background-color":"","background-image":"","background-repeat":"repeat","background-position":"center center","background-size":"auto","background-attachment":"scroll","background-type":"","background-media":"","overlay-type":"","overlay-color":"","overlay-opacity":"","overlay-gradient":""},"tablet":{"background-color":"","background-image":"","background-repeat":"repeat","background-position":"center center","background-size":"auto","background-attachment":"scroll","background-type":"","background-media":"","overlay-type":"","overlay-color":"","overlay-opacity":"","overlay-gradient":""},"mobile":{"background-color":"","background-image":"","background-repeat":"repeat","background-position":"center center","background-size":"auto","background-attachment":"scroll","background-type":"","background-media":"","overlay-type":"","overlay-color":"","overlay-opacity":"","overlay-gradient":""}},"ast-content-background-meta":{"desktop":{"background-color":"var(--ast-global-color-5)","background-image":"","background-repeat":"repeat","background-position":"center center","background-size":"auto","background-attachment":"scroll","background-type":"","background-media":"","overlay-type":"","overlay-color":"","overlay-opacity":"","overlay-gradient":""},"tablet":{"background-color":"var(--ast-global-color-5)","background-image":"","background-repeat":"repeat","background-position":"center center","background-size":"auto","background-attachment":"scroll","background-type":"","background-media":"","overlay-type":"","overlay-color":"","overlay-opacity":"","overlay-gradient":""},"mobile":{"background-color":"var(--ast-global-color-5)","background-image":"","background-repeat":"repeat","background-position":"center center","background-size":"auto","background-attachment":"scroll","background-type":"","background-media":"","overlay-type":"","overlay-color":"","overlay-opacity":"","overlay-gradient":""}},"footnotes":""},"class_list":["post-4722","page","type-page","status-publish","hentry"],"_links":{"self":[{"href":"https:\/\/persumtechnic.com\/index.php\/wp-json\/wp\/v2\/pages\/4722","targetHints":{"allow":["GET"]}}],"collection":[{"href":"https:\/\/persumtechnic.com\/index.php\/wp-json\/wp\/v2\/pages"}],"about":[{"href":"https:\/\/persumtechnic.com\/index.php\/wp-json\/wp\/v2\/types\/page"}],"author":[{"embeddable":true,"href":"https:\/\/persumtechnic.com\/index.php\/wp-json\/wp\/v2\/users\/1"}],"replies":[{"embeddable":true,"href":"https:\/\/persumtechnic.com\/index.php\/wp-json\/wp\/v2\/comments?post=4722"}],"version-history":[{"count":13,"href":"https:\/\/persumtechnic.com\/index.php\/wp-json\/wp\/v2\/pages\/4722\/revisions"}],"predecessor-version":[{"id":5743,"href":"https:\/\/persumtechnic.com\/index.php\/wp-json\/wp\/v2\/pages\/4722\/revisions\/5743"}],"wp:attachment":[{"href":"https:\/\/persumtechnic.com\/index.php\/wp-json\/wp\/v2\/media?parent=4722"}],"curies":[{"name":"wp","href":"https:\/\/api.w.org\/{rel}","templated":true}]}}