{"id":4736,"date":"2023-10-09T14:20:27","date_gmt":"2023-10-09T14:20:27","guid":{"rendered":"https:\/\/persumtechnic.com\/?page_id=4736"},"modified":"2024-09-20T13:42:30","modified_gmt":"2024-09-20T13:42:30","slug":"soporte-de-acceso-a-ths-y-apu-puerta-del-compartimento-ths-y-soportes-de-acceso-a-zona-de-apu","status":"publish","type":"page","link":"https:\/\/persumtechnic.com\/index.php\/soporte-de-acceso-a-ths-y-apu-puerta-del-compartimento-ths-y-soportes-de-acceso-a-zona-de-apu\/","title":{"rendered":"Soporte de acceso a THS y APU (Puerta del compartimento THS y soportes de acceso a zona de APU)"},"content":{"rendered":"\t\t<div data-elementor-type=\"wp-page\" data-elementor-id=\"4736\" class=\"elementor elementor-4736\">\n\t\t\t\t<div class=\"elementor-element elementor-element-39271215 e-flex e-con-boxed e-con e-parent\" data-id=\"39271215\" data-element_type=\"container\">\n\t\t\t\t\t<div class=\"e-con-inner\">\n\t\t\t\t<div class=\"elementor-element elementor-element-44a3cfad elementor-widget elementor-widget-spacer\" data-id=\"44a3cfad\" data-element_type=\"widget\" data-widget_type=\"spacer.default\">\n\t\t\t\t<div class=\"elementor-widget-container\">\n\t\t\t\t\t\t\t<div class=\"elementor-spacer\">\n\t\t\t<div class=\"elementor-spacer-inner\"><\/div>\n\t\t<\/div>\n\t\t\t\t\t\t<\/div>\n\t\t\t\t<\/div>\n\t\t\t\t\t<\/div>\n\t\t\t\t<\/div>\n\t\t<div class=\"elementor-element elementor-element-10b73863 e-flex e-con-boxed e-con e-parent\" data-id=\"10b73863\" data-element_type=\"container\">\n\t\t\t\t\t<div class=\"e-con-inner\">\n\t\t\t\t<div class=\"elementor-element elementor-element-54ae0c0f elementor-widget elementor-widget-heading\" data-id=\"54ae0c0f\" data-element_type=\"widget\" data-widget_type=\"heading.default\">\n\t\t\t\t<div class=\"elementor-widget-container\">\n\t\t\t\t\t<h4 class=\"elementor-heading-title elementor-size-default\">Soporte de acceso a THS y APU (Puerta del compartimento THS y soportes de acceso a zona de APU)\n<\/h4>\t\t\t\t<\/div>\n\t\t\t\t<\/div>\n\t\t\t\t\t<\/div>\n\t\t\t\t<\/div>\n\t\t<div class=\"elementor-element elementor-element-2e5bdce7 e-flex e-con-boxed e-con e-parent\" data-id=\"2e5bdce7\" data-element_type=\"container\">\n\t\t\t\t\t<div class=\"e-con-inner\">\n\t\t<div class=\"elementor-element elementor-element-58ab82f7 e-con-full e-flex e-con e-child\" data-id=\"58ab82f7\" data-element_type=\"container\">\n\t\t\t\t<div class=\"elementor-element elementor-element-1efec6d2 elementor-widget elementor-widget-text-editor\" data-id=\"1efec6d2\" data-element_type=\"widget\" data-widget_type=\"text-editor.default\">\n\t\t\t\t<div class=\"elementor-widget-container\">\n\t\t\t\t\t\t\t\t\t<h5>Detalles de producto<\/h5>\n<div>\n<p>Las plataformas est\u00e1n fabricadas con perfiles de aluminio sigma ligeros y reforzados.<\/p>\n<p>Son compatibles con aviones Airbus A320 \/ A330 \/ A340 \/ A350 y Boeing 737-800 \/ Boeing 737-700. Gracias a su ajuste de altura, pueden utilizarse en diferentes tipos de aviones. Hay opciones disponibles para elevarlos mediante gatos roscados (Screw Jack), motores el\u00e9ctricos o componentes hidr\u00e1ulicos.<\/p>\n<p>Estructura equipada con las medidas de seguridad m\u00e1s rigurosas para prevenir accidentes laborales . Est\u00e1 revestida con un material de silicona especial que no deja marcas en ning\u00fan punto de contacto con el avi\u00f3n.<\/p>\n<p>Las dimensiones y las especificaciones de los productos pueden adaptarse seg\u00fan sus necesidades. Todas las dimensiones del producto pueden dise\u00f1arse de manera personalizada seg\u00fan sus requisitos y presentarse junto con un proyecto en 3D.<\/p>\n<p>Puede contar con el respaldo de nuestro equipo t\u00e9cnico profesional para la instalaci\u00f3n, piezas de repuesto y servicios de mantenimiento y reparaci\u00f3n.<\/p>\n<\/div>\t\t\t\t\t\t\t\t<\/div>\n\t\t\t\t<\/div>\n\t\t\t\t<\/div>\n\t\t<div class=\"elementor-element elementor-element-687e4fad e-con-full e-flex e-con e-child\" data-id=\"687e4fad\" data-element_type=\"container\">\n\t\t\t\t<div class=\"elementor-element elementor-element-2290a197 elementor-widget elementor-widget-image\" data-id=\"2290a197\" data-element_type=\"widget\" data-widget_type=\"image.default\">\n\t\t\t\t<div class=\"elementor-widget-container\">\n\t\t\t\t\t\t\t\t\t\t\t\t\t\t\t<img fetchpriority=\"high\" decoding=\"async\" width=\"1000\" height=\"1000\" src=\"https:\/\/persumtechnic.com\/wp-content\/uploads\/2023\/10\/THS-1.png\" class=\"attachment-large size-large wp-image-4731\" alt=\"\" srcset=\"https:\/\/persumtechnic.com\/wp-content\/uploads\/2023\/10\/THS-1.png 1000w, https:\/\/persumtechnic.com\/wp-content\/uploads\/2023\/10\/THS-1-300x300.png 300w, https:\/\/persumtechnic.com\/wp-content\/uploads\/2023\/10\/THS-1-150x150.png 150w, https:\/\/persumtechnic.com\/wp-content\/uploads\/2023\/10\/THS-1-768x768.png 768w\" sizes=\"(max-width: 1000px) 100vw, 1000px\" \/>\t\t\t\t\t\t\t\t\t\t\t\t\t\t\t<\/div>\n\t\t\t\t<\/div>\n\t\t\t\t<\/div>\n\t\t\t\t\t<\/div>\n\t\t\t\t<\/div>\n\t\t<div class=\"elementor-element elementor-element-48c05301 e-flex e-con-boxed e-con e-parent\" data-id=\"48c05301\" data-element_type=\"container\">\n\t\t\t\t\t<div class=\"e-con-inner\">\n\t\t\t\t\t<\/div>\n\t\t\t\t<\/div>\n\t\t<div class=\"elementor-element elementor-element-48022e08 e-flex e-con-boxed e-con e-parent\" data-id=\"48022e08\" data-element_type=\"container\">\n\t\t\t\t\t<div class=\"e-con-inner\">\n\t\t\t\t<div class=\"elementor-element elementor-element-3030a79f elementor-widget elementor-widget-heading\" data-id=\"3030a79f\" data-element_type=\"widget\" data-widget_type=\"heading.default\">\n\t\t\t\t<div class=\"elementor-widget-container\">\n\t\t\t\t\t<h4 class=\"elementor-heading-title elementor-size-default\">Galer\u00eda<\/h4>\t\t\t\t<\/div>\n\t\t\t\t<\/div>\n\t\t\t\t\t<\/div>\n\t\t\t\t<\/div>\n\t\t<div class=\"elementor-element elementor-element-3c8ed31f e-flex e-con-boxed e-con e-parent\" data-id=\"3c8ed31f\" data-element_type=\"container\">\n\t\t\t\t\t<div class=\"e-con-inner\">\n\t\t\t\t<div class=\"elementor-element elementor-element-6064a869 gallery-spacing-custom elementor-invisible elementor-widget elementor-widget-image-gallery\" data-id=\"6064a869\" data-element_type=\"widget\" data-settings=\"{&quot;_animation&quot;:&quot;fadeIn&quot;}\" data-widget_type=\"image-gallery.default\">\n\t\t\t\t<div class=\"elementor-widget-container\">\n\t\t\t\t\t\t\t<div class=\"elementor-image-gallery\">\n\t\t\t<div id='gallery-1' class='gallery galleryid-4736 gallery-columns-4 gallery-size-large'><figure class='gallery-item'>\n\t\t\t<div class='gallery-icon landscape'>\n\t\t\t\t<a data-elementor-open-lightbox=\"yes\" data-elementor-lightbox-slideshow=\"6064a869\" data-elementor-lightbox-title=\"THS-2\" data-e-action-hash=\"#elementor-action%3Aaction%3Dlightbox%26settings%3DeyJpZCI6NDczMiwidXJsIjoiaHR0cHM6XC9cL3BlcnN1bXRlY2huaWMuY29tXC93cC1jb250ZW50XC91cGxvYWRzXC8yMDIzXC8xMFwvVEhTLTIuanBnIiwic2xpZGVzaG93IjoiNjA2NGE4NjkifQ%3D%3D\" href='https:\/\/persumtechnic.com\/wp-content\/uploads\/2023\/10\/THS-2.jpg'><img decoding=\"async\" width=\"1000\" height=\"1000\" src=\"https:\/\/persumtechnic.com\/wp-content\/uploads\/2023\/10\/THS-2.jpg\" class=\"attachment-large size-large\" alt=\"\" aria-describedby=\"gallery-1-4732\" srcset=\"https:\/\/persumtechnic.com\/wp-content\/uploads\/2023\/10\/THS-2.jpg 1000w, https:\/\/persumtechnic.com\/wp-content\/uploads\/2023\/10\/THS-2-300x300.jpg 300w, https:\/\/persumtechnic.com\/wp-content\/uploads\/2023\/10\/THS-2-150x150.jpg 150w, https:\/\/persumtechnic.com\/wp-content\/uploads\/2023\/10\/THS-2-768x768.jpg 768w\" sizes=\"(max-width: 1000px) 100vw, 1000px\" \/><\/a>\n\t\t\t<\/div>\n\t\t\t\t<figcaption class='wp-caption-text gallery-caption' id='gallery-1-4732'>\n\t\t\t\tImage processed by CodeCarvings Piczard ### FREE Community Edition ### on 2020-10-06 06:30:17Z | http:\/\/piczard.com | http:\/\/codecarvings.com\n\t\t\t\t<\/figcaption><\/figure><figure class='gallery-item'>\n\t\t\t<div class='gallery-icon landscape'>\n\t\t\t\t<a data-elementor-open-lightbox=\"yes\" data-elementor-lightbox-slideshow=\"6064a869\" data-elementor-lightbox-title=\"THS-3\" data-e-action-hash=\"#elementor-action%3Aaction%3Dlightbox%26settings%3DeyJpZCI6NDczMywidXJsIjoiaHR0cHM6XC9cL3BlcnN1bXRlY2huaWMuY29tXC93cC1jb250ZW50XC91cGxvYWRzXC8yMDIzXC8xMFwvVEhTLTMuanBnIiwic2xpZGVzaG93IjoiNjA2NGE4NjkifQ%3D%3D\" href='https:\/\/persumtechnic.com\/wp-content\/uploads\/2023\/10\/THS-3.jpg'><img decoding=\"async\" width=\"1000\" height=\"1000\" src=\"https:\/\/persumtechnic.com\/wp-content\/uploads\/2023\/10\/THS-3.jpg\" class=\"attachment-large size-large\" alt=\"\" aria-describedby=\"gallery-1-4733\" srcset=\"https:\/\/persumtechnic.com\/wp-content\/uploads\/2023\/10\/THS-3.jpg 1000w, https:\/\/persumtechnic.com\/wp-content\/uploads\/2023\/10\/THS-3-300x300.jpg 300w, https:\/\/persumtechnic.com\/wp-content\/uploads\/2023\/10\/THS-3-150x150.jpg 150w, https:\/\/persumtechnic.com\/wp-content\/uploads\/2023\/10\/THS-3-768x768.jpg 768w\" sizes=\"(max-width: 1000px) 100vw, 1000px\" \/><\/a>\n\t\t\t<\/div>\n\t\t\t\t<figcaption class='wp-caption-text gallery-caption' id='gallery-1-4733'>\n\t\t\t\tImage processed by CodeCarvings Piczard ### FREE Community Edition ### on 2020-10-06 06:30:30Z | http:\/\/piczard.com | http:\/\/codecarvings.com\n\t\t\t\t<\/figcaption><\/figure><figure class='gallery-item'>\n\t\t\t<div class='gallery-icon landscape'>\n\t\t\t\t<a data-elementor-open-lightbox=\"yes\" data-elementor-lightbox-slideshow=\"6064a869\" data-elementor-lightbox-title=\"THS-4\" data-e-action-hash=\"#elementor-action%3Aaction%3Dlightbox%26settings%3DeyJpZCI6NDczNCwidXJsIjoiaHR0cHM6XC9cL3BlcnN1bXRlY2huaWMuY29tXC93cC1jb250ZW50XC91cGxvYWRzXC8yMDIzXC8xMFwvVEhTLTQuanBnIiwic2xpZGVzaG93IjoiNjA2NGE4NjkifQ%3D%3D\" href='https:\/\/persumtechnic.com\/wp-content\/uploads\/2023\/10\/THS-4.jpg'><img loading=\"lazy\" decoding=\"async\" width=\"1000\" height=\"1000\" src=\"https:\/\/persumtechnic.com\/wp-content\/uploads\/2023\/10\/THS-4.jpg\" class=\"attachment-large size-large\" alt=\"\" aria-describedby=\"gallery-1-4734\" srcset=\"https:\/\/persumtechnic.com\/wp-content\/uploads\/2023\/10\/THS-4.jpg 1000w, https:\/\/persumtechnic.com\/wp-content\/uploads\/2023\/10\/THS-4-300x300.jpg 300w, https:\/\/persumtechnic.com\/wp-content\/uploads\/2023\/10\/THS-4-150x150.jpg 150w, https:\/\/persumtechnic.com\/wp-content\/uploads\/2023\/10\/THS-4-768x768.jpg 768w\" sizes=\"(max-width: 1000px) 100vw, 1000px\" \/><\/a>\n\t\t\t<\/div>\n\t\t\t\t<figcaption class='wp-caption-text gallery-caption' id='gallery-1-4734'>\n\t\t\t\tImage processed by CodeCarvings Piczard ### FREE Community Edition ### on 2020-10-06 06:30:40Z | http:\/\/piczard.com | http:\/\/codecarvings.com\n\t\t\t\t<\/figcaption><\/figure><figure class='gallery-item'>\n\t\t\t<div class='gallery-icon landscape'>\n\t\t\t\t<a data-elementor-open-lightbox=\"yes\" data-elementor-lightbox-slideshow=\"6064a869\" data-elementor-lightbox-title=\"THS-5\" data-e-action-hash=\"#elementor-action%3Aaction%3Dlightbox%26settings%3DeyJpZCI6NDczNSwidXJsIjoiaHR0cHM6XC9cL3BlcnN1bXRlY2huaWMuY29tXC93cC1jb250ZW50XC91cGxvYWRzXC8yMDIzXC8xMFwvVEhTLTUuanBnIiwic2xpZGVzaG93IjoiNjA2NGE4NjkifQ%3D%3D\" href='https:\/\/persumtechnic.com\/wp-content\/uploads\/2023\/10\/THS-5.jpg'><img loading=\"lazy\" decoding=\"async\" width=\"1000\" height=\"1000\" src=\"https:\/\/persumtechnic.com\/wp-content\/uploads\/2023\/10\/THS-5.jpg\" class=\"attachment-large size-large\" alt=\"\" aria-describedby=\"gallery-1-4735\" srcset=\"https:\/\/persumtechnic.com\/wp-content\/uploads\/2023\/10\/THS-5.jpg 1000w, https:\/\/persumtechnic.com\/wp-content\/uploads\/2023\/10\/THS-5-300x300.jpg 300w, https:\/\/persumtechnic.com\/wp-content\/uploads\/2023\/10\/THS-5-150x150.jpg 150w, https:\/\/persumtechnic.com\/wp-content\/uploads\/2023\/10\/THS-5-768x768.jpg 768w\" sizes=\"(max-width: 1000px) 100vw, 1000px\" \/><\/a>\n\t\t\t<\/div>\n\t\t\t\t<figcaption class='wp-caption-text gallery-caption' id='gallery-1-4735'>\n\t\t\t\tImage processed by CodeCarvings Piczard ### FREE Community Edition ### on 2020-10-06 06:30:47Z | http:\/\/piczard.com | http:\/\/codecarvings.com\n\t\t\t\t<\/figcaption><\/figure>\n\t\t<\/div>\n\t\t<\/div>\n\t\t\t\t\t\t<\/div>\n\t\t\t\t<\/div>\n\t\t\t\t\t<\/div>\n\t\t\t\t<\/div>\n\t\t\t\t<\/div>\n\t\t","protected":false},"excerpt":{"rendered":"<p>Soporte de acceso a THS y APU (Puerta del compartimento THS y soportes de acceso a zona de APU) Detalles de producto Las plataformas est\u00e1n fabricadas con perfiles de aluminio sigma ligeros y reforzados. Son compatibles con aviones Airbus A320 \/ A330 \/ A340 \/ A350 y Boeing 737-800 \/ Boeing 737-700. Gracias a su [&hellip;]<\/p>\n","protected":false},"author":1,"featured_media":0,"parent":0,"menu_order":0,"comment_status":"closed","ping_status":"closed","template":"","meta":{"site-sidebar-layout":"no-sidebar","site-content-layout":"page-builder","ast-site-content-layout":"full-width-container","site-content-style":"default","site-sidebar-style":"default","ast-global-header-display":"","ast-banner-title-visibility":"","ast-main-header-display":"","ast-hfb-above-header-display":"","ast-hfb-below-header-display":"","ast-hfb-mobile-header-display":"","site-post-title":"disabled","ast-breadcrumbs-content":"","ast-featured-img":"disabled","footer-sml-layout":"","theme-transparent-header-meta":"","adv-header-id-meta":"","stick-header-meta":"","header-above-stick-meta":"","header-main-stick-meta":"","header-below-stick-meta":"","astra-migrate-meta-layouts":"set","ast-page-background-enabled":"default","ast-page-background-meta":{"desktop":{"background-color":"","background-image":"","background-repeat":"repeat","background-position":"center center","background-size":"auto","background-attachment":"scroll","background-type":"","background-media":"","overlay-type":"","overlay-color":"","overlay-opacity":"","overlay-gradient":""},"tablet":{"background-color":"","background-image":"","background-repeat":"repeat","background-position":"center center","background-size":"auto","background-attachment":"scroll","background-type":"","background-media":"","overlay-type":"","overlay-color":"","overlay-opacity":"","overlay-gradient":""},"mobile":{"background-color":"","background-image":"","background-repeat":"repeat","background-position":"center center","background-size":"auto","background-attachment":"scroll","background-type":"","background-media":"","overlay-type":"","overlay-color":"","overlay-opacity":"","overlay-gradient":""}},"ast-content-background-meta":{"desktop":{"background-color":"var(--ast-global-color-5)","background-image":"","background-repeat":"repeat","background-position":"center center","background-size":"auto","background-attachment":"scroll","background-type":"","background-media":"","overlay-type":"","overlay-color":"","overlay-opacity":"","overlay-gradient":""},"tablet":{"background-color":"var(--ast-global-color-5)","background-image":"","background-repeat":"repeat","background-position":"center center","background-size":"auto","background-attachment":"scroll","background-type":"","background-media":"","overlay-type":"","overlay-color":"","overlay-opacity":"","overlay-gradient":""},"mobile":{"background-color":"var(--ast-global-color-5)","background-image":"","background-repeat":"repeat","background-position":"center center","background-size":"auto","background-attachment":"scroll","background-type":"","background-media":"","overlay-type":"","overlay-color":"","overlay-opacity":"","overlay-gradient":""}},"footnotes":""},"class_list":["post-4736","page","type-page","status-publish","hentry"],"_links":{"self":[{"href":"https:\/\/persumtechnic.com\/index.php\/wp-json\/wp\/v2\/pages\/4736","targetHints":{"allow":["GET"]}}],"collection":[{"href":"https:\/\/persumtechnic.com\/index.php\/wp-json\/wp\/v2\/pages"}],"about":[{"href":"https:\/\/persumtechnic.com\/index.php\/wp-json\/wp\/v2\/types\/page"}],"author":[{"embeddable":true,"href":"https:\/\/persumtechnic.com\/index.php\/wp-json\/wp\/v2\/users\/1"}],"replies":[{"embeddable":true,"href":"https:\/\/persumtechnic.com\/index.php\/wp-json\/wp\/v2\/comments?post=4736"}],"version-history":[{"count":13,"href":"https:\/\/persumtechnic.com\/index.php\/wp-json\/wp\/v2\/pages\/4736\/revisions"}],"predecessor-version":[{"id":5821,"href":"https:\/\/persumtechnic.com\/index.php\/wp-json\/wp\/v2\/pages\/4736\/revisions\/5821"}],"wp:attachment":[{"href":"https:\/\/persumtechnic.com\/index.php\/wp-json\/wp\/v2\/media?parent=4736"}],"curies":[{"name":"wp","href":"https:\/\/api.w.org\/{rel}","templated":true}]}}