{"id":4774,"date":"2023-10-09T14:39:23","date_gmt":"2023-10-09T14:39:23","guid":{"rendered":"https:\/\/persumtechnic.com\/?page_id=4774"},"modified":"2024-09-20T13:43:17","modified_gmt":"2024-09-20T13:43:17","slug":"soporte-de-mantenimiento-del-motor-soportes-de-acceso-debajo-del-capo-del-motor","status":"publish","type":"page","link":"https:\/\/persumtechnic.com\/index.php\/soporte-de-mantenimiento-del-motor-soportes-de-acceso-debajo-del-capo-del-motor\/","title":{"rendered":"Soporte de mantenimiento del motor (soportes de acceso debajo del cap\u00f3 del motor)"},"content":{"rendered":"\t\t<div data-elementor-type=\"wp-page\" data-elementor-id=\"4774\" class=\"elementor elementor-4774\">\n\t\t\t\t<div class=\"elementor-element elementor-element-44741b4 e-flex e-con-boxed e-con e-parent\" data-id=\"44741b4\" data-element_type=\"container\">\n\t\t\t\t\t<div class=\"e-con-inner\">\n\t\t\t\t<div class=\"elementor-element elementor-element-42312dbc elementor-widget elementor-widget-spacer\" data-id=\"42312dbc\" data-element_type=\"widget\" data-widget_type=\"spacer.default\">\n\t\t\t\t<div class=\"elementor-widget-container\">\n\t\t\t\t\t\t\t<div class=\"elementor-spacer\">\n\t\t\t<div class=\"elementor-spacer-inner\"><\/div>\n\t\t<\/div>\n\t\t\t\t\t\t<\/div>\n\t\t\t\t<\/div>\n\t\t\t\t\t<\/div>\n\t\t\t\t<\/div>\n\t\t<div class=\"elementor-element elementor-element-79794c04 e-flex e-con-boxed e-con e-parent\" data-id=\"79794c04\" data-element_type=\"container\">\n\t\t\t\t\t<div class=\"e-con-inner\">\n\t\t\t\t<div class=\"elementor-element elementor-element-63972949 elementor-widget elementor-widget-heading\" data-id=\"63972949\" data-element_type=\"widget\" data-widget_type=\"heading.default\">\n\t\t\t\t<div class=\"elementor-widget-container\">\n\t\t\t\t\t<h4 class=\"elementor-heading-title elementor-size-default\">Plataformas de acceso bajo la cubierta del motor (Engine Under Cowl Access Platform)\n<\/h4>\t\t\t\t<\/div>\n\t\t\t\t<\/div>\n\t\t\t\t\t<\/div>\n\t\t\t\t<\/div>\n\t\t<div class=\"elementor-element elementor-element-627699d3 e-flex e-con-boxed e-con e-parent\" data-id=\"627699d3\" data-element_type=\"container\">\n\t\t\t\t\t<div class=\"e-con-inner\">\n\t\t<div class=\"elementor-element elementor-element-418dd711 e-con-full e-flex e-con e-child\" data-id=\"418dd711\" data-element_type=\"container\">\n\t\t\t\t<div class=\"elementor-element elementor-element-7e96b44b elementor-widget elementor-widget-text-editor\" data-id=\"7e96b44b\" data-element_type=\"widget\" data-widget_type=\"text-editor.default\">\n\t\t\t\t<div class=\"elementor-widget-container\">\n\t\t\t\t\t\t\t\t\t<h5>Detalles de producto<\/h5><div class=\"description\"><p>Plataformas dise\u00f1adas para el mantenimiento de motores en aeronaves de fuselaje ancho y estrecho, son compatibles con aviones como el Airbus A320 \/ A330 \/ A340 \/ A350 y el Boeing 737-800 \/ Boeing 737-700. Gracias a su ajuste de altura, son adecuados para aeronaves con motores GE, Pratt &amp; Whitney, Rolls-Royce y motores similares. Se pueden elevar mediante gatos roscados (Screw Jack), motores el\u00e9ctricos o componentes hidr\u00e1ulicos. Las barandillas se presentan con opciones de movimiento hacia adelante y hacia atr\u00e1s, plegables y deslizables. Adem\u00e1s, se ha a\u00f1adido una escalera port\u00e1til que se puede adjuntar al soporte para su uso en \u00e1reas donde la altura del soporte es insuficiente.<\/p><p>Estructura est\u00e1 equipada con las medidas de seguridad m\u00e1s rigurosas para prevenir accidentes laborales y esta revestida con un material de silicona especial que no deja marcas en ning\u00fan punto de contacto con el avi\u00f3n.<\/p><p>Las dimensiones y las especificaciones de los productos pueden adaptarse seg\u00fan sus necesidades. Todas las dimensiones del producto pueden dise\u00f1arse de manera personalizada seg\u00fan sus requisitos y presentarse junto con un proyecto en 3D.<\/p><p>Puede contar con el respaldo de nuestro equipo t\u00e9cnico profesional para la instalaci\u00f3n, piezas de repuesto y servicios de mantenimiento y reparaci\u00f3n.<\/p><\/div>\t\t\t\t\t\t\t\t<\/div>\n\t\t\t\t<\/div>\n\t\t\t\t<\/div>\n\t\t<div class=\"elementor-element elementor-element-6e8fc0b9 e-con-full e-flex e-con e-child\" data-id=\"6e8fc0b9\" data-element_type=\"container\">\n\t\t\t\t<div class=\"elementor-element elementor-element-2880bcac elementor-widget elementor-widget-image\" data-id=\"2880bcac\" data-element_type=\"widget\" data-widget_type=\"image.default\">\n\t\t\t\t<div class=\"elementor-widget-container\">\n\t\t\t\t\t\t\t\t\t\t\t\t\t\t\t<img fetchpriority=\"high\" decoding=\"async\" width=\"1000\" height=\"1000\" src=\"https:\/\/persumtechnic.com\/wp-content\/uploads\/2023\/10\/ENG-1.png\" class=\"attachment-large size-large wp-image-4768\" alt=\"\" srcset=\"https:\/\/persumtechnic.com\/wp-content\/uploads\/2023\/10\/ENG-1.png 1000w, https:\/\/persumtechnic.com\/wp-content\/uploads\/2023\/10\/ENG-1-300x300.png 300w, https:\/\/persumtechnic.com\/wp-content\/uploads\/2023\/10\/ENG-1-150x150.png 150w, https:\/\/persumtechnic.com\/wp-content\/uploads\/2023\/10\/ENG-1-768x768.png 768w\" sizes=\"(max-width: 1000px) 100vw, 1000px\" \/>\t\t\t\t\t\t\t\t\t\t\t\t\t\t\t<\/div>\n\t\t\t\t<\/div>\n\t\t\t\t<\/div>\n\t\t\t\t\t<\/div>\n\t\t\t\t<\/div>\n\t\t<div class=\"elementor-element elementor-element-17ff4b8a e-flex e-con-boxed e-con e-parent\" data-id=\"17ff4b8a\" data-element_type=\"container\">\n\t\t\t\t\t<div class=\"e-con-inner\">\n\t\t\t\t\t<\/div>\n\t\t\t\t<\/div>\n\t\t<div class=\"elementor-element elementor-element-a5cb8f2 e-flex e-con-boxed e-con e-parent\" data-id=\"a5cb8f2\" data-element_type=\"container\">\n\t\t\t\t\t<div class=\"e-con-inner\">\n\t\t\t\t<div class=\"elementor-element elementor-element-a10efd8 elementor-widget elementor-widget-heading\" data-id=\"a10efd8\" data-element_type=\"widget\" data-widget_type=\"heading.default\">\n\t\t\t\t<div class=\"elementor-widget-container\">\n\t\t\t\t\t<h4 class=\"elementor-heading-title elementor-size-default\">Galer\u00eda<\/h4>\t\t\t\t<\/div>\n\t\t\t\t<\/div>\n\t\t\t\t\t<\/div>\n\t\t\t\t<\/div>\n\t\t<div class=\"elementor-element elementor-element-3c91bd2d e-flex e-con-boxed e-con e-parent\" data-id=\"3c91bd2d\" data-element_type=\"container\">\n\t\t\t\t\t<div class=\"e-con-inner\">\n\t\t\t\t<div class=\"elementor-element elementor-element-65a6469c gallery-spacing-custom elementor-invisible elementor-widget elementor-widget-image-gallery\" data-id=\"65a6469c\" data-element_type=\"widget\" data-settings=\"{&quot;_animation&quot;:&quot;fadeIn&quot;}\" data-widget_type=\"image-gallery.default\">\n\t\t\t\t<div class=\"elementor-widget-container\">\n\t\t\t\t\t\t\t<div class=\"elementor-image-gallery\">\n\t\t\t<div id='gallery-1' class='gallery galleryid-4774 gallery-columns-4 gallery-size-large'><figure class='gallery-item'>\n\t\t\t<div class='gallery-icon landscape'>\n\t\t\t\t<a data-elementor-open-lightbox=\"yes\" data-elementor-lightbox-slideshow=\"65a6469c\" data-elementor-lightbox-title=\"ENG-2\" data-e-action-hash=\"#elementor-action%3Aaction%3Dlightbox%26settings%3DeyJpZCI6NDc2OSwidXJsIjoiaHR0cHM6XC9cL3BlcnN1bXRlY2huaWMuY29tXC93cC1jb250ZW50XC91cGxvYWRzXC8yMDIzXC8xMFwvRU5HLTIuanBnIiwic2xpZGVzaG93IjoiNjVhNjQ2OWMifQ%3D%3D\" href='https:\/\/persumtechnic.com\/wp-content\/uploads\/2023\/10\/ENG-2.jpg'><img decoding=\"async\" width=\"1000\" height=\"1000\" src=\"https:\/\/persumtechnic.com\/wp-content\/uploads\/2023\/10\/ENG-2.jpg\" class=\"attachment-large size-large\" alt=\"\" aria-describedby=\"gallery-1-4769\" srcset=\"https:\/\/persumtechnic.com\/wp-content\/uploads\/2023\/10\/ENG-2.jpg 1000w, https:\/\/persumtechnic.com\/wp-content\/uploads\/2023\/10\/ENG-2-300x300.jpg 300w, https:\/\/persumtechnic.com\/wp-content\/uploads\/2023\/10\/ENG-2-150x150.jpg 150w, https:\/\/persumtechnic.com\/wp-content\/uploads\/2023\/10\/ENG-2-768x768.jpg 768w\" sizes=\"(max-width: 1000px) 100vw, 1000px\" \/><\/a>\n\t\t\t<\/div>\n\t\t\t\t<figcaption class='wp-caption-text gallery-caption' id='gallery-1-4769'>\n\t\t\t\tImage processed by CodeCarvings Piczard ### FREE Community Edition ### on 2020-10-06 11:50:30Z | http:\/\/piczard.com | http:\/\/codecarvings.com2\n\t\t\t\t<\/figcaption><\/figure><figure class='gallery-item'>\n\t\t\t<div class='gallery-icon landscape'>\n\t\t\t\t<a data-elementor-open-lightbox=\"yes\" data-elementor-lightbox-slideshow=\"65a6469c\" data-elementor-lightbox-title=\"ENG-3\" data-e-action-hash=\"#elementor-action%3Aaction%3Dlightbox%26settings%3DeyJpZCI6NDc3MCwidXJsIjoiaHR0cHM6XC9cL3BlcnN1bXRlY2huaWMuY29tXC93cC1jb250ZW50XC91cGxvYWRzXC8yMDIzXC8xMFwvRU5HLTMuanBnIiwic2xpZGVzaG93IjoiNjVhNjQ2OWMifQ%3D%3D\" href='https:\/\/persumtechnic.com\/wp-content\/uploads\/2023\/10\/ENG-3.jpg'><img decoding=\"async\" width=\"1000\" height=\"1000\" src=\"https:\/\/persumtechnic.com\/wp-content\/uploads\/2023\/10\/ENG-3.jpg\" class=\"attachment-large size-large\" alt=\"\" aria-describedby=\"gallery-1-4770\" srcset=\"https:\/\/persumtechnic.com\/wp-content\/uploads\/2023\/10\/ENG-3.jpg 1000w, https:\/\/persumtechnic.com\/wp-content\/uploads\/2023\/10\/ENG-3-300x300.jpg 300w, https:\/\/persumtechnic.com\/wp-content\/uploads\/2023\/10\/ENG-3-150x150.jpg 150w, https:\/\/persumtechnic.com\/wp-content\/uploads\/2023\/10\/ENG-3-768x768.jpg 768w\" sizes=\"(max-width: 1000px) 100vw, 1000px\" \/><\/a>\n\t\t\t<\/div>\n\t\t\t\t<figcaption class='wp-caption-text gallery-caption' id='gallery-1-4770'>\n\t\t\t\tImage processed by CodeCarvings Piczard ### FREE Community Edition ### on 2020-10-06 11:50:37Z | http:\/\/piczard.com | http:\/\/codecarvings.com2\n\t\t\t\t<\/figcaption><\/figure><figure class='gallery-item'>\n\t\t\t<div class='gallery-icon landscape'>\n\t\t\t\t<a data-elementor-open-lightbox=\"yes\" data-elementor-lightbox-slideshow=\"65a6469c\" data-elementor-lightbox-title=\"ENG-4\" data-e-action-hash=\"#elementor-action%3Aaction%3Dlightbox%26settings%3DeyJpZCI6NDc3MSwidXJsIjoiaHR0cHM6XC9cL3BlcnN1bXRlY2huaWMuY29tXC93cC1jb250ZW50XC91cGxvYWRzXC8yMDIzXC8xMFwvRU5HLTQuanBnIiwic2xpZGVzaG93IjoiNjVhNjQ2OWMifQ%3D%3D\" href='https:\/\/persumtechnic.com\/wp-content\/uploads\/2023\/10\/ENG-4.jpg'><img loading=\"lazy\" decoding=\"async\" width=\"1000\" height=\"1000\" src=\"https:\/\/persumtechnic.com\/wp-content\/uploads\/2023\/10\/ENG-4.jpg\" class=\"attachment-large size-large\" alt=\"\" aria-describedby=\"gallery-1-4771\" srcset=\"https:\/\/persumtechnic.com\/wp-content\/uploads\/2023\/10\/ENG-4.jpg 1000w, https:\/\/persumtechnic.com\/wp-content\/uploads\/2023\/10\/ENG-4-300x300.jpg 300w, https:\/\/persumtechnic.com\/wp-content\/uploads\/2023\/10\/ENG-4-150x150.jpg 150w, https:\/\/persumtechnic.com\/wp-content\/uploads\/2023\/10\/ENG-4-768x768.jpg 768w\" sizes=\"(max-width: 1000px) 100vw, 1000px\" \/><\/a>\n\t\t\t<\/div>\n\t\t\t\t<figcaption class='wp-caption-text gallery-caption' id='gallery-1-4771'>\n\t\t\t\tImage processed by CodeCarvings Piczard ### FREE Community Edition ### on 2020-10-06 11:50:46Z | http:\/\/piczard.com | http:\/\/codecarvings.com2\n\t\t\t\t<\/figcaption><\/figure><figure class='gallery-item'>\n\t\t\t<div class='gallery-icon landscape'>\n\t\t\t\t<a data-elementor-open-lightbox=\"yes\" data-elementor-lightbox-slideshow=\"65a6469c\" data-elementor-lightbox-title=\"ENG-5\" data-e-action-hash=\"#elementor-action%3Aaction%3Dlightbox%26settings%3DeyJpZCI6NDc3MiwidXJsIjoiaHR0cHM6XC9cL3BlcnN1bXRlY2huaWMuY29tXC93cC1jb250ZW50XC91cGxvYWRzXC8yMDIzXC8xMFwvRU5HLTUuanBnIiwic2xpZGVzaG93IjoiNjVhNjQ2OWMifQ%3D%3D\" href='https:\/\/persumtechnic.com\/wp-content\/uploads\/2023\/10\/ENG-5.jpg'><img loading=\"lazy\" decoding=\"async\" width=\"1000\" height=\"1000\" src=\"https:\/\/persumtechnic.com\/wp-content\/uploads\/2023\/10\/ENG-5.jpg\" class=\"attachment-large size-large\" alt=\"\" aria-describedby=\"gallery-1-4772\" srcset=\"https:\/\/persumtechnic.com\/wp-content\/uploads\/2023\/10\/ENG-5.jpg 1000w, https:\/\/persumtechnic.com\/wp-content\/uploads\/2023\/10\/ENG-5-300x300.jpg 300w, https:\/\/persumtechnic.com\/wp-content\/uploads\/2023\/10\/ENG-5-150x150.jpg 150w, https:\/\/persumtechnic.com\/wp-content\/uploads\/2023\/10\/ENG-5-768x768.jpg 768w\" sizes=\"(max-width: 1000px) 100vw, 1000px\" \/><\/a>\n\t\t\t<\/div>\n\t\t\t\t<figcaption class='wp-caption-text gallery-caption' id='gallery-1-4772'>\n\t\t\t\tImage processed by CodeCarvings Piczard ### FREE Community Edition ### on 2020-10-06 11:50:53Z | http:\/\/piczard.com | http:\/\/codecarvings.com2\n\t\t\t\t<\/figcaption><\/figure>\n\t\t<\/div>\n\t\t<\/div>\n\t\t\t\t\t\t<\/div>\n\t\t\t\t<\/div>\n\t\t\t\t\t<\/div>\n\t\t\t\t<\/div>\n\t\t\t\t<\/div>\n\t\t","protected":false},"excerpt":{"rendered":"<p>Plataformas de acceso bajo la cubierta del motor (Engine Under Cowl Access Platform) Detalles de producto Plataformas dise\u00f1adas para el mantenimiento de motores en aeronaves de fuselaje ancho y estrecho, son compatibles con aviones como el Airbus A320 \/ A330 \/ A340 \/ A350 y el Boeing 737-800 \/ Boeing 737-700. Gracias a su ajuste [&hellip;]<\/p>\n","protected":false},"author":1,"featured_media":0,"parent":0,"menu_order":0,"comment_status":"closed","ping_status":"closed","template":"","meta":{"site-sidebar-layout":"no-sidebar","site-content-layout":"page-builder","ast-site-content-layout":"full-width-container","site-content-style":"default","site-sidebar-style":"default","ast-global-header-display":"","ast-banner-title-visibility":"","ast-main-header-display":"","ast-hfb-above-header-display":"","ast-hfb-below-header-display":"","ast-hfb-mobile-header-display":"","site-post-title":"disabled","ast-breadcrumbs-content":"","ast-featured-img":"disabled","footer-sml-layout":"","theme-transparent-header-meta":"","adv-header-id-meta":"","stick-header-meta":"","header-above-stick-meta":"","header-main-stick-meta":"","header-below-stick-meta":"","astra-migrate-meta-layouts":"set","ast-page-background-enabled":"default","ast-page-background-meta":{"desktop":{"background-color":"","background-image":"","background-repeat":"repeat","background-position":"center center","background-size":"auto","background-attachment":"scroll","background-type":"","background-media":"","overlay-type":"","overlay-color":"","overlay-opacity":"","overlay-gradient":""},"tablet":{"background-color":"","background-image":"","background-repeat":"repeat","background-position":"center center","background-size":"auto","background-attachment":"scroll","background-type":"","background-media":"","overlay-type":"","overlay-color":"","overlay-opacity":"","overlay-gradient":""},"mobile":{"background-color":"","background-image":"","background-repeat":"repeat","background-position":"center center","background-size":"auto","background-attachment":"scroll","background-type":"","background-media":"","overlay-type":"","overlay-color":"","overlay-opacity":"","overlay-gradient":""}},"ast-content-background-meta":{"desktop":{"background-color":"var(--ast-global-color-5)","background-image":"","background-repeat":"repeat","background-position":"center center","background-size":"auto","background-attachment":"scroll","background-type":"","background-media":"","overlay-type":"","overlay-color":"","overlay-opacity":"","overlay-gradient":""},"tablet":{"background-color":"var(--ast-global-color-5)","background-image":"","background-repeat":"repeat","background-position":"center center","background-size":"auto","background-attachment":"scroll","background-type":"","background-media":"","overlay-type":"","overlay-color":"","overlay-opacity":"","overlay-gradient":""},"mobile":{"background-color":"var(--ast-global-color-5)","background-image":"","background-repeat":"repeat","background-position":"center center","background-size":"auto","background-attachment":"scroll","background-type":"","background-media":"","overlay-type":"","overlay-color":"","overlay-opacity":"","overlay-gradient":""}},"footnotes":""},"class_list":["post-4774","page","type-page","status-publish","hentry"],"_links":{"self":[{"href":"https:\/\/persumtechnic.com\/index.php\/wp-json\/wp\/v2\/pages\/4774","targetHints":{"allow":["GET"]}}],"collection":[{"href":"https:\/\/persumtechnic.com\/index.php\/wp-json\/wp\/v2\/pages"}],"about":[{"href":"https:\/\/persumtechnic.com\/index.php\/wp-json\/wp\/v2\/types\/page"}],"author":[{"embeddable":true,"href":"https:\/\/persumtechnic.com\/index.php\/wp-json\/wp\/v2\/users\/1"}],"replies":[{"embeddable":true,"href":"https:\/\/persumtechnic.com\/index.php\/wp-json\/wp\/v2\/comments?post=4774"}],"version-history":[{"count":22,"href":"https:\/\/persumtechnic.com\/index.php\/wp-json\/wp\/v2\/pages\/4774\/revisions"}],"predecessor-version":[{"id":5827,"href":"https:\/\/persumtechnic.com\/index.php\/wp-json\/wp\/v2\/pages\/4774\/revisions\/5827"}],"wp:attachment":[{"href":"https:\/\/persumtechnic.com\/index.php\/wp-json\/wp\/v2\/media?parent=4774"}],"curies":[{"name":"wp","href":"https:\/\/api.w.org\/{rel}","templated":true}]}}