{"id":4785,"date":"2023-10-09T15:34:36","date_gmt":"2023-10-09T15:34:36","guid":{"rendered":"https:\/\/persumtechnic.com\/?page_id=4785"},"modified":"2024-09-20T13:41:02","modified_gmt":"2024-09-20T13:41:02","slug":"sistemas-de-atraque-de-alas","status":"publish","type":"page","link":"https:\/\/persumtechnic.com\/index.php\/sistemas-de-atraque-de-alas\/","title":{"rendered":"Sistemas de atraque de alas"},"content":{"rendered":"\t\t<div data-elementor-type=\"wp-page\" data-elementor-id=\"4785\" class=\"elementor elementor-4785\">\n\t\t\t\t<div class=\"elementor-element elementor-element-7e12f218 e-flex e-con-boxed e-con e-parent\" data-id=\"7e12f218\" data-element_type=\"container\">\n\t\t\t\t\t<div class=\"e-con-inner\">\n\t\t\t\t<div class=\"elementor-element elementor-element-2a9e0b91 elementor-widget elementor-widget-spacer\" data-id=\"2a9e0b91\" data-element_type=\"widget\" data-widget_type=\"spacer.default\">\n\t\t\t\t<div class=\"elementor-widget-container\">\n\t\t\t\t\t\t\t<div class=\"elementor-spacer\">\n\t\t\t<div class=\"elementor-spacer-inner\"><\/div>\n\t\t<\/div>\n\t\t\t\t\t\t<\/div>\n\t\t\t\t<\/div>\n\t\t\t\t\t<\/div>\n\t\t\t\t<\/div>\n\t\t<div class=\"elementor-element elementor-element-7e133f21 e-flex e-con-boxed e-con e-parent\" data-id=\"7e133f21\" data-element_type=\"container\">\n\t\t\t\t\t<div class=\"e-con-inner\">\n\t\t\t\t<div class=\"elementor-element elementor-element-70f29974 elementor-widget elementor-widget-heading\" data-id=\"70f29974\" data-element_type=\"widget\" data-widget_type=\"heading.default\">\n\t\t\t\t<div class=\"elementor-widget-container\">\n\t\t\t\t\t<h4 class=\"elementor-heading-title elementor-size-default\">Sistemas de atraque de alas\n<\/h4>\t\t\t\t<\/div>\n\t\t\t\t<\/div>\n\t\t\t\t\t<\/div>\n\t\t\t\t<\/div>\n\t\t<div class=\"elementor-element elementor-element-3aefbd90 e-flex e-con-boxed e-con e-parent\" data-id=\"3aefbd90\" data-element_type=\"container\">\n\t\t\t\t\t<div class=\"e-con-inner\">\n\t\t<div class=\"elementor-element elementor-element-e8d22da e-con-full e-flex e-con e-child\" data-id=\"e8d22da\" data-element_type=\"container\">\n\t\t\t\t<div class=\"elementor-element elementor-element-3b1c8931 elementor-widget elementor-widget-text-editor\" data-id=\"3b1c8931\" data-element_type=\"widget\" data-widget_type=\"text-editor.default\">\n\t\t\t\t<div class=\"elementor-widget-container\">\n\t\t\t\t\t\t\t\t\t<h5>Detalles de producto<\/h5><div class=\"description\"><p>Los sistemas de acoplamiento de ala se dise\u00f1an para proporcionar acceso a las secciones superior e inferior del ala de aeronaves modelo A330, A350, A340, B777 y B787.<\/p><p>\u00a0<\/p><p>Plataformas pueden dise\u00f1arse sobre un chasis de acero con una estructura de aluminio o un sistema de andamios. Las plataformas que componen el sistema de acoplamiento pueden dise\u00f1arse para su uso independiente o combinarse con otras plataformas de diversas maneras.<\/p><p>La altura de cada componente se puede ajustar a voluntad, ya sea mediante gatos roscados (screw jack) o motores el\u00e9ctricos. Tambi\u00e9n se pueden fabricar componentes de altura fija. Todos los dispositivos de elevaci\u00f3n el\u00e9ctricos cuentan con limitadores para restringir los movimientos.<\/p><p>La superficie del sistema de acoplamiento de ala puede estar hecha de madera contrachapada antideslizante de 20 mm de grosor o completamente de aluminio.<\/p><p>En cada punto de contacto del sistema de acoplamiento de ala con la aeronave, se utiliza un material de silicona especial que no deja marcas en forma de \u00abd\u00bb para evitar cualquier da\u00f1o.<\/p><p>Puede contar con el respaldo de nuestro equipo t\u00e9cnico profesional para la instalaci\u00f3n, piezas de repuesto y servicios de mantenimiento y reparaci\u00f3n<\/p><\/div>\t\t\t\t\t\t\t\t<\/div>\n\t\t\t\t<\/div>\n\t\t\t\t<\/div>\n\t\t<div class=\"elementor-element elementor-element-69855619 e-con-full e-flex e-con e-child\" data-id=\"69855619\" data-element_type=\"container\">\n\t\t\t\t<div class=\"elementor-element elementor-element-464b7ed2 elementor-widget elementor-widget-image\" data-id=\"464b7ed2\" data-element_type=\"widget\" data-widget_type=\"image.default\">\n\t\t\t\t<div class=\"elementor-widget-container\">\n\t\t\t\t\t\t\t\t\t\t\t\t\t\t\t<img fetchpriority=\"high\" decoding=\"async\" width=\"1000\" height=\"1000\" src=\"https:\/\/persumtechnic.com\/wp-content\/uploads\/2023\/10\/WNG-1.png\" class=\"attachment-large size-large wp-image-4787\" alt=\"\" srcset=\"https:\/\/persumtechnic.com\/wp-content\/uploads\/2023\/10\/WNG-1.png 1000w, https:\/\/persumtechnic.com\/wp-content\/uploads\/2023\/10\/WNG-1-300x300.png 300w, https:\/\/persumtechnic.com\/wp-content\/uploads\/2023\/10\/WNG-1-150x150.png 150w, https:\/\/persumtechnic.com\/wp-content\/uploads\/2023\/10\/WNG-1-768x768.png 768w\" sizes=\"(max-width: 1000px) 100vw, 1000px\" \/>\t\t\t\t\t\t\t\t\t\t\t\t\t\t\t<\/div>\n\t\t\t\t<\/div>\n\t\t\t\t<\/div>\n\t\t\t\t\t<\/div>\n\t\t\t\t<\/div>\n\t\t<div class=\"elementor-element elementor-element-3e29bfe4 e-flex e-con-boxed e-con e-parent\" data-id=\"3e29bfe4\" data-element_type=\"container\">\n\t\t\t\t\t<div class=\"e-con-inner\">\n\t\t\t\t\t<\/div>\n\t\t\t\t<\/div>\n\t\t<div class=\"elementor-element elementor-element-1f7df390 e-flex e-con-boxed e-con e-parent\" data-id=\"1f7df390\" data-element_type=\"container\">\n\t\t\t\t\t<div class=\"e-con-inner\">\n\t\t\t\t<div class=\"elementor-element elementor-element-1ae8f870 elementor-widget elementor-widget-heading\" data-id=\"1ae8f870\" data-element_type=\"widget\" data-widget_type=\"heading.default\">\n\t\t\t\t<div class=\"elementor-widget-container\">\n\t\t\t\t\t<h4 class=\"elementor-heading-title elementor-size-default\">Galer\u00eda<\/h4>\t\t\t\t<\/div>\n\t\t\t\t<\/div>\n\t\t\t\t\t<\/div>\n\t\t\t\t<\/div>\n\t\t<div class=\"elementor-element elementor-element-409a5f76 e-flex e-con-boxed e-con e-parent\" data-id=\"409a5f76\" data-element_type=\"container\">\n\t\t\t\t\t<div class=\"e-con-inner\">\n\t\t\t\t<div class=\"elementor-element elementor-element-2f443165 gallery-spacing-custom elementor-invisible elementor-widget elementor-widget-image-gallery\" data-id=\"2f443165\" data-element_type=\"widget\" data-settings=\"{&quot;_animation&quot;:&quot;fadeIn&quot;}\" data-widget_type=\"image-gallery.default\">\n\t\t\t\t<div class=\"elementor-widget-container\">\n\t\t\t\t\t\t\t<div class=\"elementor-image-gallery\">\n\t\t\t<div id='gallery-1' class='gallery galleryid-4785 gallery-columns-4 gallery-size-large'><figure class='gallery-item'>\n\t\t\t<div class='gallery-icon landscape'>\n\t\t\t\t<a data-elementor-open-lightbox=\"yes\" data-elementor-lightbox-slideshow=\"2f443165\" data-elementor-lightbox-title=\"WNG-2\" data-e-action-hash=\"#elementor-action%3Aaction%3Dlightbox%26settings%3DeyJpZCI6NDc4OCwidXJsIjoiaHR0cHM6XC9cL3BlcnN1bXRlY2huaWMuY29tXC93cC1jb250ZW50XC91cGxvYWRzXC8yMDIzXC8xMFwvV05HLTIuanBnIiwic2xpZGVzaG93IjoiMmY0NDMxNjUifQ%3D%3D\" href='https:\/\/persumtechnic.com\/wp-content\/uploads\/2023\/10\/WNG-2.jpg'><img decoding=\"async\" width=\"1024\" height=\"1024\" src=\"https:\/\/persumtechnic.com\/wp-content\/uploads\/2023\/10\/WNG-2-1024x1024.jpg\" class=\"attachment-large size-large\" alt=\"\" aria-describedby=\"gallery-1-4788\" srcset=\"https:\/\/persumtechnic.com\/wp-content\/uploads\/2023\/10\/WNG-2-1024x1024.jpg 1024w, https:\/\/persumtechnic.com\/wp-content\/uploads\/2023\/10\/WNG-2-300x300.jpg 300w, https:\/\/persumtechnic.com\/wp-content\/uploads\/2023\/10\/WNG-2-150x150.jpg 150w, https:\/\/persumtechnic.com\/wp-content\/uploads\/2023\/10\/WNG-2-768x768.jpg 768w, https:\/\/persumtechnic.com\/wp-content\/uploads\/2023\/10\/WNG-2.jpg 1200w\" sizes=\"(max-width: 1024px) 100vw, 1024px\" \/><\/a>\n\t\t\t<\/div>\n\t\t\t\t<figcaption class='wp-caption-text gallery-caption' id='gallery-1-4788'>\n\t\t\t\tImage processed by CodeCarvings Piczard ### FREE Community Edition ### on 2021-01-18 10:59:51Z | http:\/\/piczard.com | http:\/\/codecarvings.com\n\t\t\t\t<\/figcaption><\/figure><figure class='gallery-item'>\n\t\t\t<div class='gallery-icon landscape'>\n\t\t\t\t<a data-elementor-open-lightbox=\"yes\" data-elementor-lightbox-slideshow=\"2f443165\" data-elementor-lightbox-title=\"WNG-3\" data-e-action-hash=\"#elementor-action%3Aaction%3Dlightbox%26settings%3DeyJpZCI6NDc4OSwidXJsIjoiaHR0cHM6XC9cL3BlcnN1bXRlY2huaWMuY29tXC93cC1jb250ZW50XC91cGxvYWRzXC8yMDIzXC8xMFwvV05HLTMuanBnIiwic2xpZGVzaG93IjoiMmY0NDMxNjUifQ%3D%3D\" href='https:\/\/persumtechnic.com\/wp-content\/uploads\/2023\/10\/WNG-3.jpg'><img decoding=\"async\" width=\"1024\" height=\"1024\" src=\"https:\/\/persumtechnic.com\/wp-content\/uploads\/2023\/10\/WNG-3-1024x1024.jpg\" class=\"attachment-large size-large\" alt=\"\" aria-describedby=\"gallery-1-4789\" srcset=\"https:\/\/persumtechnic.com\/wp-content\/uploads\/2023\/10\/WNG-3-1024x1024.jpg 1024w, https:\/\/persumtechnic.com\/wp-content\/uploads\/2023\/10\/WNG-3-300x300.jpg 300w, https:\/\/persumtechnic.com\/wp-content\/uploads\/2023\/10\/WNG-3-150x150.jpg 150w, https:\/\/persumtechnic.com\/wp-content\/uploads\/2023\/10\/WNG-3-768x768.jpg 768w, https:\/\/persumtechnic.com\/wp-content\/uploads\/2023\/10\/WNG-3.jpg 1200w\" sizes=\"(max-width: 1024px) 100vw, 1024px\" \/><\/a>\n\t\t\t<\/div>\n\t\t\t\t<figcaption class='wp-caption-text gallery-caption' id='gallery-1-4789'>\n\t\t\t\tImage processed by CodeCarvings Piczard ### FREE Community Edition ### on 2021-01-20 06:43:38Z | http:\/\/piczard.com | http:\/\/codecarvings.comW\n\t\t\t\t<\/figcaption><\/figure>\n\t\t<\/div>\n\t\t<\/div>\n\t\t\t\t\t\t<\/div>\n\t\t\t\t<\/div>\n\t\t\t\t\t<\/div>\n\t\t\t\t<\/div>\n\t\t\t\t<\/div>\n\t\t","protected":false},"excerpt":{"rendered":"<p>Sistemas de atraque de alas Detalles de producto Los sistemas de acoplamiento de ala se dise\u00f1an para proporcionar acceso a las secciones superior e inferior del ala de aeronaves modelo A330, A350, A340, B777 y B787. \u00a0 Plataformas pueden dise\u00f1arse sobre un chasis de acero con una estructura de aluminio o un sistema de andamios. [&hellip;]<\/p>\n","protected":false},"author":1,"featured_media":0,"parent":0,"menu_order":0,"comment_status":"closed","ping_status":"closed","template":"","meta":{"site-sidebar-layout":"no-sidebar","site-content-layout":"page-builder","ast-site-content-layout":"full-width-container","site-content-style":"default","site-sidebar-style":"default","ast-global-header-display":"","ast-banner-title-visibility":"","ast-main-header-display":"","ast-hfb-above-header-display":"","ast-hfb-below-header-display":"","ast-hfb-mobile-header-display":"","site-post-title":"disabled","ast-breadcrumbs-content":"","ast-featured-img":"disabled","footer-sml-layout":"","theme-transparent-header-meta":"","adv-header-id-meta":"","stick-header-meta":"","header-above-stick-meta":"","header-main-stick-meta":"","header-below-stick-meta":"","astra-migrate-meta-layouts":"set","ast-page-background-enabled":"default","ast-page-background-meta":{"desktop":{"background-color":"","background-image":"","background-repeat":"repeat","background-position":"center center","background-size":"auto","background-attachment":"scroll","background-type":"","background-media":"","overlay-type":"","overlay-color":"","overlay-opacity":"","overlay-gradient":""},"tablet":{"background-color":"","background-image":"","background-repeat":"repeat","background-position":"center center","background-size":"auto","background-attachment":"scroll","background-type":"","background-media":"","overlay-type":"","overlay-color":"","overlay-opacity":"","overlay-gradient":""},"mobile":{"background-color":"","background-image":"","background-repeat":"repeat","background-position":"center center","background-size":"auto","background-attachment":"scroll","background-type":"","background-media":"","overlay-type":"","overlay-color":"","overlay-opacity":"","overlay-gradient":""}},"ast-content-background-meta":{"desktop":{"background-color":"var(--ast-global-color-5)","background-image":"","background-repeat":"repeat","background-position":"center center","background-size":"auto","background-attachment":"scroll","background-type":"","background-media":"","overlay-type":"","overlay-color":"","overlay-opacity":"","overlay-gradient":""},"tablet":{"background-color":"var(--ast-global-color-5)","background-image":"","background-repeat":"repeat","background-position":"center center","background-size":"auto","background-attachment":"scroll","background-type":"","background-media":"","overlay-type":"","overlay-color":"","overlay-opacity":"","overlay-gradient":""},"mobile":{"background-color":"var(--ast-global-color-5)","background-image":"","background-repeat":"repeat","background-position":"center center","background-size":"auto","background-attachment":"scroll","background-type":"","background-media":"","overlay-type":"","overlay-color":"","overlay-opacity":"","overlay-gradient":""}},"footnotes":""},"class_list":["post-4785","page","type-page","status-publish","hentry"],"_links":{"self":[{"href":"https:\/\/persumtechnic.com\/index.php\/wp-json\/wp\/v2\/pages\/4785","targetHints":{"allow":["GET"]}}],"collection":[{"href":"https:\/\/persumtechnic.com\/index.php\/wp-json\/wp\/v2\/pages"}],"about":[{"href":"https:\/\/persumtechnic.com\/index.php\/wp-json\/wp\/v2\/types\/page"}],"author":[{"embeddable":true,"href":"https:\/\/persumtechnic.com\/index.php\/wp-json\/wp\/v2\/users\/1"}],"replies":[{"embeddable":true,"href":"https:\/\/persumtechnic.com\/index.php\/wp-json\/wp\/v2\/comments?post=4785"}],"version-history":[{"count":13,"href":"https:\/\/persumtechnic.com\/index.php\/wp-json\/wp\/v2\/pages\/4785\/revisions"}],"predecessor-version":[{"id":5812,"href":"https:\/\/persumtechnic.com\/index.php\/wp-json\/wp\/v2\/pages\/4785\/revisions\/5812"}],"wp:attachment":[{"href":"https:\/\/persumtechnic.com\/index.php\/wp-json\/wp\/v2\/media?parent=4785"}],"curies":[{"name":"wp","href":"https:\/\/api.w.org\/{rel}","templated":true}]}}