{"id":5038,"date":"2023-10-10T15:23:13","date_gmt":"2023-10-10T15:23:13","guid":{"rendered":"https:\/\/persumtechnic.com\/?page_id=5038"},"modified":"2024-09-20T11:34:06","modified_gmt":"2024-09-20T11:34:06","slug":"escaleras-de-paso-ancho","status":"publish","type":"page","link":"https:\/\/persumtechnic.com\/index.php\/escaleras-de-paso-ancho\/","title":{"rendered":"Escaleras de paso ancho"},"content":{"rendered":"\t\t<div data-elementor-type=\"wp-page\" data-elementor-id=\"5038\" class=\"elementor elementor-5038\">\n\t\t\t\t<div class=\"elementor-element elementor-element-50fc9c03 e-flex e-con-boxed e-con e-parent\" data-id=\"50fc9c03\" data-element_type=\"container\">\n\t\t\t\t\t<div class=\"e-con-inner\">\n\t\t\t\t<div class=\"elementor-element elementor-element-2bbe43df elementor-widget elementor-widget-spacer\" data-id=\"2bbe43df\" data-element_type=\"widget\" data-widget_type=\"spacer.default\">\n\t\t\t\t<div class=\"elementor-widget-container\">\n\t\t\t\t\t\t\t<div class=\"elementor-spacer\">\n\t\t\t<div class=\"elementor-spacer-inner\"><\/div>\n\t\t<\/div>\n\t\t\t\t\t\t<\/div>\n\t\t\t\t<\/div>\n\t\t\t\t\t<\/div>\n\t\t\t\t<\/div>\n\t\t<div class=\"elementor-element elementor-element-7638831f e-flex e-con-boxed e-con e-parent\" data-id=\"7638831f\" data-element_type=\"container\">\n\t\t\t\t\t<div class=\"e-con-inner\">\n\t\t\t\t<div class=\"elementor-element elementor-element-7f8f89aa elementor-widget elementor-widget-heading\" data-id=\"7f8f89aa\" data-element_type=\"widget\" data-widget_type=\"heading.default\">\n\t\t\t\t<div class=\"elementor-widget-container\">\n\t\t\t\t\t<h4 class=\"elementor-heading-title elementor-size-default\">Escaleras de pelda\u00f1o ancho\n<\/h4>\t\t\t\t<\/div>\n\t\t\t\t<\/div>\n\t\t\t\t\t<\/div>\n\t\t\t\t<\/div>\n\t\t<div class=\"elementor-element elementor-element-29b581ab e-flex e-con-boxed e-con e-parent\" data-id=\"29b581ab\" data-element_type=\"container\">\n\t\t\t\t\t<div class=\"e-con-inner\">\n\t\t<div class=\"elementor-element elementor-element-1edab5d e-con-full e-flex e-con e-child\" data-id=\"1edab5d\" data-element_type=\"container\">\n\t\t\t\t<div class=\"elementor-element elementor-element-4885d069 elementor-widget elementor-widget-text-editor\" data-id=\"4885d069\" data-element_type=\"widget\" data-widget_type=\"text-editor.default\">\n\t\t\t\t<div class=\"elementor-widget-container\">\n\t\t\t\t\t\t\t\t\t<h5>Detalles de producto<\/h5><div class=\"description\"><p>Las escaleras de pelda\u00f1os anchos pueden fabricarse en diversas dimensiones seg\u00fan sus necesidades y requisitos.<\/p><p>En el lado izquierdo, puede encontrar dibujos t\u00e9cnicos de nuestro ejemplo de escaleras de pelda\u00f1os anchos, que pueden ayudar a definir las dimensiones A y B, as\u00ed como otros requisitos relacionados con el producto (necesidad de pasamanos, preferencias en los escalones, etc.). Una vez que nos proporcione esta informaci\u00f3n, podemos preparar una cotizaci\u00f3n y realizar dibujos t\u00e9cnicos del producto para su revisi\u00f3n.<\/p><p>A continuaci\u00f3n, encontrar\u00e1 informaci\u00f3n detallada sobre las medidas en el producto de la izquierda:<\/p><p>A: Altura de la escalera<\/p><p>B: Ancho del escal\u00f3n<\/p><p>Estos productos son aptos para una amplia gama de aplicaciones, como acceder a estantes en almacenes, pasar por encima de l\u00edneas de ensamblaje, proyectos electromec\u00e1nicos, ensamblaje de veh\u00edculos y diversas tareas seg\u00fan sus necesidades. Adem\u00e1s, cuentan con una capacidad de carga considerable.<\/p><p>Para la estructura de estos productos, utilizamos perfiles especiales de sigma con alta capacidad de carga.<\/p><\/div>\t\t\t\t\t\t\t\t<\/div>\n\t\t\t\t<\/div>\n\t\t\t\t<\/div>\n\t\t<div class=\"elementor-element elementor-element-615c6f39 e-con-full e-flex e-con e-child\" data-id=\"615c6f39\" data-element_type=\"container\">\n\t\t\t\t<div class=\"elementor-element elementor-element-6093a658 elementor-widget elementor-widget-image\" data-id=\"6093a658\" data-element_type=\"widget\" data-widget_type=\"image.default\">\n\t\t\t\t<div class=\"elementor-widget-container\">\n\t\t\t\t\t\t\t\t\t\t\t\t\t\t\t<img fetchpriority=\"high\" decoding=\"async\" width=\"1000\" height=\"1000\" src=\"https:\/\/persumtechnic.com\/wp-content\/uploads\/2023\/10\/GBM-1.png\" class=\"attachment-large size-large wp-image-5040\" alt=\"\" srcset=\"https:\/\/persumtechnic.com\/wp-content\/uploads\/2023\/10\/GBM-1.png 1000w, https:\/\/persumtechnic.com\/wp-content\/uploads\/2023\/10\/GBM-1-300x300.png 300w, https:\/\/persumtechnic.com\/wp-content\/uploads\/2023\/10\/GBM-1-150x150.png 150w, https:\/\/persumtechnic.com\/wp-content\/uploads\/2023\/10\/GBM-1-768x768.png 768w\" sizes=\"(max-width: 1000px) 100vw, 1000px\" \/>\t\t\t\t\t\t\t\t\t\t\t\t\t\t\t<\/div>\n\t\t\t\t<\/div>\n\t\t\t\t<\/div>\n\t\t\t\t\t<\/div>\n\t\t\t\t<\/div>\n\t\t<div class=\"elementor-element elementor-element-49908098 e-flex e-con-boxed e-con e-parent\" data-id=\"49908098\" data-element_type=\"container\">\n\t\t\t\t\t<div class=\"e-con-inner\">\n\t\t\t\t\t<\/div>\n\t\t\t\t<\/div>\n\t\t<div class=\"elementor-element elementor-element-7ffef6e6 e-flex e-con-boxed e-con e-parent\" data-id=\"7ffef6e6\" data-element_type=\"container\">\n\t\t\t\t\t<div class=\"e-con-inner\">\n\t\t\t\t<div class=\"elementor-element elementor-element-27c1c435 elementor-widget elementor-widget-heading\" data-id=\"27c1c435\" data-element_type=\"widget\" data-widget_type=\"heading.default\">\n\t\t\t\t<div class=\"elementor-widget-container\">\n\t\t\t\t\t<h4 class=\"elementor-heading-title elementor-size-default\">Galer\u00eda<\/h4>\t\t\t\t<\/div>\n\t\t\t\t<\/div>\n\t\t\t\t\t<\/div>\n\t\t\t\t<\/div>\n\t\t<div class=\"elementor-element elementor-element-34c55f94 e-flex e-con-boxed e-con e-parent\" data-id=\"34c55f94\" data-element_type=\"container\">\n\t\t\t\t\t<div class=\"e-con-inner\">\n\t\t\t\t<div class=\"elementor-element elementor-element-3e461ab0 gallery-spacing-custom elementor-invisible elementor-widget elementor-widget-image-gallery\" data-id=\"3e461ab0\" data-element_type=\"widget\" data-settings=\"{&quot;_animation&quot;:&quot;fadeIn&quot;}\" data-widget_type=\"image-gallery.default\">\n\t\t\t\t<div class=\"elementor-widget-container\">\n\t\t\t\t\t\t\t<div class=\"elementor-image-gallery\">\n\t\t\t<div id='gallery-1' class='gallery galleryid-5038 gallery-columns-4 gallery-size-large'><figure class='gallery-item'>\n\t\t\t<div class='gallery-icon portrait'>\n\t\t\t\t<a data-elementor-open-lightbox=\"yes\" data-elementor-lightbox-slideshow=\"3e461ab0\" data-elementor-lightbox-title=\"GBM-2\" data-e-action-hash=\"#elementor-action%3Aaction%3Dlightbox%26settings%3DeyJpZCI6NTA0MSwidXJsIjoiaHR0cHM6XC9cL3BlcnN1bXRlY2huaWMuY29tXC93cC1jb250ZW50XC91cGxvYWRzXC8yMDIzXC8xMFwvR0JNLTIuanBnIiwic2xpZGVzaG93IjoiM2U0NjFhYjAifQ%3D%3D\" href='https:\/\/persumtechnic.com\/wp-content\/uploads\/2023\/10\/GBM-2.jpg'><img decoding=\"async\" width=\"768\" height=\"1024\" src=\"https:\/\/persumtechnic.com\/wp-content\/uploads\/2023\/10\/GBM-2-768x1024.jpg\" class=\"attachment-large size-large\" alt=\"\" aria-describedby=\"gallery-1-5041\" srcset=\"https:\/\/persumtechnic.com\/wp-content\/uploads\/2023\/10\/GBM-2-768x1024.jpg 768w, https:\/\/persumtechnic.com\/wp-content\/uploads\/2023\/10\/GBM-2-225x300.jpg 225w, https:\/\/persumtechnic.com\/wp-content\/uploads\/2023\/10\/GBM-2.jpg 1125w\" sizes=\"(max-width: 768px) 100vw, 768px\" \/><\/a>\n\t\t\t<\/div>\n\t\t\t\t<figcaption class='wp-caption-text gallery-caption' id='gallery-1-5041'>\n\t\t\t\tImage processed by CodeCarvings Piczard ### FREE Community Edition ### on 2021-01-26 09:16:41Z | http:\/\/piczard.com | http:\/\/codecarvings.com\n\t\t\t\t<\/figcaption><\/figure><figure class='gallery-item'>\n\t\t\t<div class='gallery-icon portrait'>\n\t\t\t\t<a data-elementor-open-lightbox=\"yes\" data-elementor-lightbox-slideshow=\"3e461ab0\" data-elementor-lightbox-title=\"GBM-4\" data-e-action-hash=\"#elementor-action%3Aaction%3Dlightbox%26settings%3DeyJpZCI6NTA0MywidXJsIjoiaHR0cHM6XC9cL3BlcnN1bXRlY2huaWMuY29tXC93cC1jb250ZW50XC91cGxvYWRzXC8yMDIzXC8xMFwvR0JNLTQuanBnIiwic2xpZGVzaG93IjoiM2U0NjFhYjAifQ%3D%3D\" href='https:\/\/persumtechnic.com\/wp-content\/uploads\/2023\/10\/GBM-4.jpg'><img decoding=\"async\" width=\"768\" height=\"1024\" src=\"https:\/\/persumtechnic.com\/wp-content\/uploads\/2023\/10\/GBM-4-768x1024.jpg\" class=\"attachment-large size-large\" alt=\"\" aria-describedby=\"gallery-1-5043\" srcset=\"https:\/\/persumtechnic.com\/wp-content\/uploads\/2023\/10\/GBM-4-768x1024.jpg 768w, https:\/\/persumtechnic.com\/wp-content\/uploads\/2023\/10\/GBM-4-225x300.jpg 225w, https:\/\/persumtechnic.com\/wp-content\/uploads\/2023\/10\/GBM-4.jpg 1125w\" sizes=\"(max-width: 768px) 100vw, 768px\" \/><\/a>\n\t\t\t<\/div>\n\t\t\t\t<figcaption class='wp-caption-text gallery-caption' id='gallery-1-5043'>\n\t\t\t\tImage processed by CodeCarvings Piczard ### FREE Community Edition ### on 2021-01-26 09:22:26Z | http:\/\/piczard.com | http:\/\/codecarvings.com\n\t\t\t\t<\/figcaption><\/figure><figure class='gallery-item'>\n\t\t\t<div class='gallery-icon portrait'>\n\t\t\t\t<a data-elementor-open-lightbox=\"yes\" data-elementor-lightbox-slideshow=\"3e461ab0\" data-elementor-lightbox-title=\"GBM-5\" data-e-action-hash=\"#elementor-action%3Aaction%3Dlightbox%26settings%3DeyJpZCI6NTA0NCwidXJsIjoiaHR0cHM6XC9cL3BlcnN1bXRlY2huaWMuY29tXC93cC1jb250ZW50XC91cGxvYWRzXC8yMDIzXC8xMFwvR0JNLTUuanBnIiwic2xpZGVzaG93IjoiM2U0NjFhYjAifQ%3D%3D\" href='https:\/\/persumtechnic.com\/wp-content\/uploads\/2023\/10\/GBM-5.jpg'><img loading=\"lazy\" decoding=\"async\" width=\"768\" height=\"1024\" src=\"https:\/\/persumtechnic.com\/wp-content\/uploads\/2023\/10\/GBM-5-768x1024.jpg\" class=\"attachment-large size-large\" alt=\"\" aria-describedby=\"gallery-1-5044\" srcset=\"https:\/\/persumtechnic.com\/wp-content\/uploads\/2023\/10\/GBM-5-768x1024.jpg 768w, https:\/\/persumtechnic.com\/wp-content\/uploads\/2023\/10\/GBM-5-225x300.jpg 225w, https:\/\/persumtechnic.com\/wp-content\/uploads\/2023\/10\/GBM-5.jpg 1125w\" sizes=\"(max-width: 768px) 100vw, 768px\" \/><\/a>\n\t\t\t<\/div>\n\t\t\t\t<figcaption class='wp-caption-text gallery-caption' id='gallery-1-5044'>\n\t\t\t\tImage processed by CodeCarvings Piczard ### FREE Community Edition ### on 2021-01-26 09:22:53Z | http:\/\/piczard.com | http:\/\/codecarvings.com\n\t\t\t\t<\/figcaption><\/figure><figure class='gallery-item'>\n\t\t\t<div class='gallery-icon portrait'>\n\t\t\t\t<a data-elementor-open-lightbox=\"yes\" data-elementor-lightbox-slideshow=\"3e461ab0\" data-elementor-lightbox-title=\"GBM-7\" data-e-action-hash=\"#elementor-action%3Aaction%3Dlightbox%26settings%3DeyJpZCI6NTA0NiwidXJsIjoiaHR0cHM6XC9cL3BlcnN1bXRlY2huaWMuY29tXC93cC1jb250ZW50XC91cGxvYWRzXC8yMDIzXC8xMFwvR0JNLTcuanBnIiwic2xpZGVzaG93IjoiM2U0NjFhYjAifQ%3D%3D\" href='https:\/\/persumtechnic.com\/wp-content\/uploads\/2023\/10\/GBM-7.jpg'><img loading=\"lazy\" decoding=\"async\" width=\"768\" height=\"1024\" src=\"https:\/\/persumtechnic.com\/wp-content\/uploads\/2023\/10\/GBM-7-768x1024.jpg\" class=\"attachment-large size-large\" alt=\"\" aria-describedby=\"gallery-1-5046\" srcset=\"https:\/\/persumtechnic.com\/wp-content\/uploads\/2023\/10\/GBM-7-768x1024.jpg 768w, https:\/\/persumtechnic.com\/wp-content\/uploads\/2023\/10\/GBM-7-225x300.jpg 225w, https:\/\/persumtechnic.com\/wp-content\/uploads\/2023\/10\/GBM-7.jpg 1125w\" sizes=\"(max-width: 768px) 100vw, 768px\" \/><\/a>\n\t\t\t<\/div>\n\t\t\t\t<figcaption class='wp-caption-text gallery-caption' id='gallery-1-5046'>\n\t\t\t\tImage processed by CodeCarvings Piczard ### FREE Community Edition ### on 2021-01-26 09:39:32Z | http:\/\/piczard.com | http:\/\/codecarvings.com\n\t\t\t\t<\/figcaption><\/figure><figure class='gallery-item'>\n\t\t\t<div class='gallery-icon portrait'>\n\t\t\t\t<a data-elementor-open-lightbox=\"yes\" data-elementor-lightbox-slideshow=\"3e461ab0\" data-elementor-lightbox-title=\"GBM-8\" data-e-action-hash=\"#elementor-action%3Aaction%3Dlightbox%26settings%3DeyJpZCI6NTA0NywidXJsIjoiaHR0cHM6XC9cL3BlcnN1bXRlY2huaWMuY29tXC93cC1jb250ZW50XC91cGxvYWRzXC8yMDIzXC8xMFwvR0JNLTguanBnIiwic2xpZGVzaG93IjoiM2U0NjFhYjAifQ%3D%3D\" href='https:\/\/persumtechnic.com\/wp-content\/uploads\/2023\/10\/GBM-8.jpg'><img loading=\"lazy\" decoding=\"async\" width=\"768\" height=\"1024\" src=\"https:\/\/persumtechnic.com\/wp-content\/uploads\/2023\/10\/GBM-8-768x1024.jpg\" class=\"attachment-large size-large\" alt=\"\" aria-describedby=\"gallery-1-5047\" srcset=\"https:\/\/persumtechnic.com\/wp-content\/uploads\/2023\/10\/GBM-8-768x1024.jpg 768w, https:\/\/persumtechnic.com\/wp-content\/uploads\/2023\/10\/GBM-8-225x300.jpg 225w, https:\/\/persumtechnic.com\/wp-content\/uploads\/2023\/10\/GBM-8.jpg 1125w\" sizes=\"(max-width: 768px) 100vw, 768px\" \/><\/a>\n\t\t\t<\/div>\n\t\t\t\t<figcaption class='wp-caption-text gallery-caption' id='gallery-1-5047'>\n\t\t\t\tImage processed by CodeCarvings Piczard ### FREE Community Edition ### on 2021-01-26 09:53:12Z | http:\/\/piczard.com | http:\/\/codecarvings.com\n\t\t\t\t<\/figcaption><\/figure><figure class='gallery-item'>\n\t\t\t<div class='gallery-icon portrait'>\n\t\t\t\t<a data-elementor-open-lightbox=\"yes\" data-elementor-lightbox-slideshow=\"3e461ab0\" data-elementor-lightbox-title=\"GBM-9\" data-e-action-hash=\"#elementor-action%3Aaction%3Dlightbox%26settings%3DeyJpZCI6NTA0OCwidXJsIjoiaHR0cHM6XC9cL3BlcnN1bXRlY2huaWMuY29tXC93cC1jb250ZW50XC91cGxvYWRzXC8yMDIzXC8xMFwvR0JNLTkuanBnIiwic2xpZGVzaG93IjoiM2U0NjFhYjAifQ%3D%3D\" href='https:\/\/persumtechnic.com\/wp-content\/uploads\/2023\/10\/GBM-9.jpg'><img loading=\"lazy\" decoding=\"async\" width=\"768\" height=\"1024\" src=\"https:\/\/persumtechnic.com\/wp-content\/uploads\/2023\/10\/GBM-9-768x1024.jpg\" class=\"attachment-large size-large\" alt=\"\" aria-describedby=\"gallery-1-5048\" srcset=\"https:\/\/persumtechnic.com\/wp-content\/uploads\/2023\/10\/GBM-9-768x1024.jpg 768w, https:\/\/persumtechnic.com\/wp-content\/uploads\/2023\/10\/GBM-9-225x300.jpg 225w, https:\/\/persumtechnic.com\/wp-content\/uploads\/2023\/10\/GBM-9.jpg 1125w\" sizes=\"(max-width: 768px) 100vw, 768px\" \/><\/a>\n\t\t\t<\/div>\n\t\t\t\t<figcaption class='wp-caption-text gallery-caption' id='gallery-1-5048'>\n\t\t\t\tImage processed by CodeCarvings Piczard ### FREE Community Edition ### on 2021-01-26 09:57:58Z | http:\/\/piczard.com | http:\/\/codecarvings.com\n\t\t\t\t<\/figcaption><\/figure><figure class='gallery-item'>\n\t\t\t<div class='gallery-icon portrait'>\n\t\t\t\t<a data-elementor-open-lightbox=\"yes\" data-elementor-lightbox-slideshow=\"3e461ab0\" data-elementor-lightbox-title=\"GBM-10\" data-e-action-hash=\"#elementor-action%3Aaction%3Dlightbox%26settings%3DeyJpZCI6NTA0OSwidXJsIjoiaHR0cHM6XC9cL3BlcnN1bXRlY2huaWMuY29tXC93cC1jb250ZW50XC91cGxvYWRzXC8yMDIzXC8xMFwvR0JNLTEwLmpwZyIsInNsaWRlc2hvdyI6IjNlNDYxYWIwIn0%3D\" href='https:\/\/persumtechnic.com\/wp-content\/uploads\/2023\/10\/GBM-10.jpg'><img loading=\"lazy\" decoding=\"async\" width=\"768\" height=\"1024\" src=\"https:\/\/persumtechnic.com\/wp-content\/uploads\/2023\/10\/GBM-10-768x1024.jpg\" class=\"attachment-large size-large\" alt=\"\" aria-describedby=\"gallery-1-5049\" srcset=\"https:\/\/persumtechnic.com\/wp-content\/uploads\/2023\/10\/GBM-10-768x1024.jpg 768w, https:\/\/persumtechnic.com\/wp-content\/uploads\/2023\/10\/GBM-10-225x300.jpg 225w, https:\/\/persumtechnic.com\/wp-content\/uploads\/2023\/10\/GBM-10.jpg 1125w\" sizes=\"(max-width: 768px) 100vw, 768px\" \/><\/a>\n\t\t\t<\/div>\n\t\t\t\t<figcaption class='wp-caption-text gallery-caption' id='gallery-1-5049'>\n\t\t\t\tImage processed by CodeCarvings Piczard ### FREE Community Edition ### on 2021-01-26 09:58:48Z | http:\/\/piczard.com | http:\/\/codecarvings.com\n\t\t\t\t<\/figcaption><\/figure><figure class='gallery-item'>\n\t\t\t<div class='gallery-icon landscape'>\n\t\t\t\t<a data-elementor-open-lightbox=\"yes\" data-elementor-lightbox-slideshow=\"3e461ab0\" data-elementor-lightbox-title=\"GBM-3\" data-e-action-hash=\"#elementor-action%3Aaction%3Dlightbox%26settings%3DeyJpZCI6NTA0MiwidXJsIjoiaHR0cHM6XC9cL3BlcnN1bXRlY2huaWMuY29tXC93cC1jb250ZW50XC91cGxvYWRzXC8yMDIzXC8xMFwvR0JNLTMuanBnIiwic2xpZGVzaG93IjoiM2U0NjFhYjAifQ%3D%3D\" href='https:\/\/persumtechnic.com\/wp-content\/uploads\/2023\/10\/GBM-3.jpg'><img loading=\"lazy\" decoding=\"async\" width=\"1024\" height=\"768\" src=\"https:\/\/persumtechnic.com\/wp-content\/uploads\/2023\/10\/GBM-3-1024x768.jpg\" class=\"attachment-large size-large\" alt=\"\" aria-describedby=\"gallery-1-5042\" srcset=\"https:\/\/persumtechnic.com\/wp-content\/uploads\/2023\/10\/GBM-3-1024x768.jpg 1024w, https:\/\/persumtechnic.com\/wp-content\/uploads\/2023\/10\/GBM-3-300x225.jpg 300w, https:\/\/persumtechnic.com\/wp-content\/uploads\/2023\/10\/GBM-3-768x576.jpg 768w, https:\/\/persumtechnic.com\/wp-content\/uploads\/2023\/10\/GBM-3.jpg 1500w\" sizes=\"(max-width: 1024px) 100vw, 1024px\" \/><\/a>\n\t\t\t<\/div>\n\t\t\t\t<figcaption class='wp-caption-text gallery-caption' id='gallery-1-5042'>\n\t\t\t\tImage processed by CodeCarvings Piczard ### FREE Community Edition ### on 2021-01-26 09:17:31Z | http:\/\/piczard.com | http:\/\/codecarvings.com\n\t\t\t\t<\/figcaption><\/figure><figure class='gallery-item'>\n\t\t\t<div class='gallery-icon landscape'>\n\t\t\t\t<a data-elementor-open-lightbox=\"yes\" data-elementor-lightbox-slideshow=\"3e461ab0\" data-elementor-lightbox-title=\"GBM-6\" data-e-action-hash=\"#elementor-action%3Aaction%3Dlightbox%26settings%3DeyJpZCI6NTA0NSwidXJsIjoiaHR0cHM6XC9cL3BlcnN1bXRlY2huaWMuY29tXC93cC1jb250ZW50XC91cGxvYWRzXC8yMDIzXC8xMFwvR0JNLTYuanBnIiwic2xpZGVzaG93IjoiM2U0NjFhYjAifQ%3D%3D\" href='https:\/\/persumtechnic.com\/wp-content\/uploads\/2023\/10\/GBM-6.jpg'><img loading=\"lazy\" decoding=\"async\" width=\"1024\" height=\"768\" src=\"https:\/\/persumtechnic.com\/wp-content\/uploads\/2023\/10\/GBM-6-1024x768.jpg\" class=\"attachment-large size-large\" alt=\"\" aria-describedby=\"gallery-1-5045\" srcset=\"https:\/\/persumtechnic.com\/wp-content\/uploads\/2023\/10\/GBM-6-1024x768.jpg 1024w, https:\/\/persumtechnic.com\/wp-content\/uploads\/2023\/10\/GBM-6-300x225.jpg 300w, https:\/\/persumtechnic.com\/wp-content\/uploads\/2023\/10\/GBM-6-768x576.jpg 768w, https:\/\/persumtechnic.com\/wp-content\/uploads\/2023\/10\/GBM-6.jpg 1500w\" sizes=\"(max-width: 1024px) 100vw, 1024px\" \/><\/a>\n\t\t\t<\/div>\n\t\t\t\t<figcaption class='wp-caption-text gallery-caption' id='gallery-1-5045'>\n\t\t\t\tImage processed by CodeCarvings Piczard ### FREE Community Edition ### on 2021-01-26 09:23:32Z | http:\/\/piczard.com | http:\/\/codecarvings.com0\u00e9=\u00bdz%-\n\t\t\t\t<\/figcaption><\/figure>\n\t\t<\/div>\n\t\t<\/div>\n\t\t\t\t\t\t<\/div>\n\t\t\t\t<\/div>\n\t\t\t\t\t<\/div>\n\t\t\t\t<\/div>\n\t\t\t\t<\/div>\n\t\t","protected":false},"excerpt":{"rendered":"<p>Escaleras de pelda\u00f1o ancho Detalles de producto Las escaleras de pelda\u00f1os anchos pueden fabricarse en diversas dimensiones seg\u00fan sus necesidades y requisitos. En el lado izquierdo, puede encontrar dibujos t\u00e9cnicos de nuestro ejemplo de escaleras de pelda\u00f1os anchos, que pueden ayudar a definir las dimensiones A y B, as\u00ed como otros requisitos relacionados con el [&hellip;]<\/p>\n","protected":false},"author":1,"featured_media":0,"parent":0,"menu_order":0,"comment_status":"closed","ping_status":"closed","template":"","meta":{"site-sidebar-layout":"no-sidebar","site-content-layout":"page-builder","ast-site-content-layout":"full-width-container","site-content-style":"default","site-sidebar-style":"default","ast-global-header-display":"","ast-banner-title-visibility":"","ast-main-header-display":"","ast-hfb-above-header-display":"","ast-hfb-below-header-display":"","ast-hfb-mobile-header-display":"","site-post-title":"disabled","ast-breadcrumbs-content":"","ast-featured-img":"disabled","footer-sml-layout":"","theme-transparent-header-meta":"","adv-header-id-meta":"","stick-header-meta":"","header-above-stick-meta":"","header-main-stick-meta":"","header-below-stick-meta":"","astra-migrate-meta-layouts":"set","ast-page-background-enabled":"default","ast-page-background-meta":{"desktop":{"background-color":"","background-image":"","background-repeat":"repeat","background-position":"center center","background-size":"auto","background-attachment":"scroll","background-type":"","background-media":"","overlay-type":"","overlay-color":"","overlay-opacity":"","overlay-gradient":""},"tablet":{"background-color":"","background-image":"","background-repeat":"repeat","background-position":"center center","background-size":"auto","background-attachment":"scroll","background-type":"","background-media":"","overlay-type":"","overlay-color":"","overlay-opacity":"","overlay-gradient":""},"mobile":{"background-color":"","background-image":"","background-repeat":"repeat","background-position":"center center","background-size":"auto","background-attachment":"scroll","background-type":"","background-media":"","overlay-type":"","overlay-color":"","overlay-opacity":"","overlay-gradient":""}},"ast-content-background-meta":{"desktop":{"background-color":"var(--ast-global-color-5)","background-image":"","background-repeat":"repeat","background-position":"center center","background-size":"auto","background-attachment":"scroll","background-type":"","background-media":"","overlay-type":"","overlay-color":"","overlay-opacity":"","overlay-gradient":""},"tablet":{"background-color":"var(--ast-global-color-5)","background-image":"","background-repeat":"repeat","background-position":"center center","background-size":"auto","background-attachment":"scroll","background-type":"","background-media":"","overlay-type":"","overlay-color":"","overlay-opacity":"","overlay-gradient":""},"mobile":{"background-color":"var(--ast-global-color-5)","background-image":"","background-repeat":"repeat","background-position":"center center","background-size":"auto","background-attachment":"scroll","background-type":"","background-media":"","overlay-type":"","overlay-color":"","overlay-opacity":"","overlay-gradient":""}},"footnotes":""},"class_list":["post-5038","page","type-page","status-publish","hentry"],"_links":{"self":[{"href":"https:\/\/persumtechnic.com\/index.php\/wp-json\/wp\/v2\/pages\/5038","targetHints":{"allow":["GET"]}}],"collection":[{"href":"https:\/\/persumtechnic.com\/index.php\/wp-json\/wp\/v2\/pages"}],"about":[{"href":"https:\/\/persumtechnic.com\/index.php\/wp-json\/wp\/v2\/types\/page"}],"author":[{"embeddable":true,"href":"https:\/\/persumtechnic.com\/index.php\/wp-json\/wp\/v2\/users\/1"}],"replies":[{"embeddable":true,"href":"https:\/\/persumtechnic.com\/index.php\/wp-json\/wp\/v2\/comments?post=5038"}],"version-history":[{"count":28,"href":"https:\/\/persumtechnic.com\/index.php\/wp-json\/wp\/v2\/pages\/5038\/revisions"}],"predecessor-version":[{"id":5756,"href":"https:\/\/persumtechnic.com\/index.php\/wp-json\/wp\/v2\/pages\/5038\/revisions\/5756"}],"wp:attachment":[{"href":"https:\/\/persumtechnic.com\/index.php\/wp-json\/wp\/v2\/media?parent=5038"}],"curies":[{"name":"wp","href":"https:\/\/api.w.org\/{rel}","templated":true}]}}