{"id":5068,"date":"2023-10-10T15:32:31","date_gmt":"2023-10-10T15:32:31","guid":{"rendered":"https:\/\/persumtechnic.com\/?page_id=5068"},"modified":"2024-09-20T11:34:25","modified_gmt":"2024-09-20T11:34:25","slug":"escaleras-de-plataforma-con-escalones-grandes","status":"publish","type":"page","link":"https:\/\/persumtechnic.com\/index.php\/escaleras-de-plataforma-con-escalones-grandes\/","title":{"rendered":"Escaleras de plataforma con escalones grandes"},"content":{"rendered":"\t\t<div data-elementor-type=\"wp-page\" data-elementor-id=\"5068\" class=\"elementor elementor-5068\">\n\t\t\t\t<div class=\"elementor-element elementor-element-71606f9a e-flex e-con-boxed e-con e-parent\" data-id=\"71606f9a\" data-element_type=\"container\">\n\t\t\t\t\t<div class=\"e-con-inner\">\n\t\t\t\t<div class=\"elementor-element elementor-element-3ee26985 elementor-widget elementor-widget-spacer\" data-id=\"3ee26985\" data-element_type=\"widget\" data-widget_type=\"spacer.default\">\n\t\t\t\t<div class=\"elementor-widget-container\">\n\t\t\t\t\t\t\t<div class=\"elementor-spacer\">\n\t\t\t<div class=\"elementor-spacer-inner\"><\/div>\n\t\t<\/div>\n\t\t\t\t\t\t<\/div>\n\t\t\t\t<\/div>\n\t\t\t\t\t<\/div>\n\t\t\t\t<\/div>\n\t\t<div class=\"elementor-element elementor-element-6f242d2c e-flex e-con-boxed e-con e-parent\" data-id=\"6f242d2c\" data-element_type=\"container\">\n\t\t\t\t\t<div class=\"e-con-inner\">\n\t\t\t\t<div class=\"elementor-element elementor-element-5addc81b elementor-widget elementor-widget-heading\" data-id=\"5addc81b\" data-element_type=\"widget\" data-widget_type=\"heading.default\">\n\t\t\t\t<div class=\"elementor-widget-container\">\n\t\t\t\t\t<h4 class=\"elementor-heading-title elementor-size-default\">Escaleras de plataforma con pelda\u00f1os anchos\n<\/h4>\t\t\t\t<\/div>\n\t\t\t\t<\/div>\n\t\t\t\t\t<\/div>\n\t\t\t\t<\/div>\n\t\t<div class=\"elementor-element elementor-element-52ad5b60 e-flex e-con-boxed e-con e-parent\" data-id=\"52ad5b60\" data-element_type=\"container\">\n\t\t\t\t\t<div class=\"e-con-inner\">\n\t\t<div class=\"elementor-element elementor-element-7b48d2d1 e-con-full e-flex e-con e-child\" data-id=\"7b48d2d1\" data-element_type=\"container\">\n\t\t\t\t<div class=\"elementor-element elementor-element-72be7f2b elementor-widget elementor-widget-text-editor\" data-id=\"72be7f2b\" data-element_type=\"widget\" data-widget_type=\"text-editor.default\">\n\t\t\t\t<div class=\"elementor-widget-container\">\n\t\t\t\t\t\t\t\t\t<h5>Detalles de producto<\/h5><div><p>Las escaleras con plataforma de pelda\u00f1os anchos se pueden fabricar en varias dimensiones seg\u00fan sus necesidades y especificaciones.<\/p><p>En el lado izquierdo, puede encontrar dibujos t\u00e9cnicos de nuestro ejemplo de escaleras con plataforma de pelda\u00f1os anchos, que pueden ayudar a definir las dimensiones A, B, C y otros requisitos relacionados con el producto (necesidad de plataforma y pasamanos, preferencias en los escalones, solicitud de patas de apoyo adicionales, etc.). Una vez que nos proporcione esta informaci\u00f3n, podemos preparar una cotizaci\u00f3n y realizar dibujos t\u00e9cnicos del producto para su revisi\u00f3n.<\/p><p>A continuaci\u00f3n, encontrar\u00e1 informaci\u00f3n detallada sobre las medidas en el producto de la izquierda:<\/p><p>A: Altura de la plataforma<\/p><p>B: Profundidad de la plataforma<\/p><p>C: Ancho de la plataforma &#8211; Ancho del escal\u00f3n<\/p><p>Estos productos son adecuados para una amplia gama de aplicaciones, como acceder a estantes en almacenes, pasar por encima de l\u00edneas de ensamblaje, proyectos electromec\u00e1nicos, ensamblaje de veh\u00edculos y diversas tareas seg\u00fan sus necesidades. Adem\u00e1s, cuentan con una capacidad de carga considerable.<\/p><p>Para la estructura de estos productos, utilizamos perfiles especiales de canal sigma con alta capacidad de carga como soporte.<\/p><\/div>\t\t\t\t\t\t\t\t<\/div>\n\t\t\t\t<\/div>\n\t\t\t\t<\/div>\n\t\t<div class=\"elementor-element elementor-element-19ab1ecb e-con-full e-flex e-con e-child\" data-id=\"19ab1ecb\" data-element_type=\"container\">\n\t\t\t\t<div class=\"elementor-element elementor-element-4e9705e4 elementor-widget elementor-widget-image\" data-id=\"4e9705e4\" data-element_type=\"widget\" data-widget_type=\"image.default\">\n\t\t\t\t<div class=\"elementor-widget-container\">\n\t\t\t\t\t\t\t\t\t\t\t\t\t\t\t<img fetchpriority=\"high\" decoding=\"async\" width=\"1000\" height=\"1000\" src=\"https:\/\/persumtechnic.com\/wp-content\/uploads\/2023\/10\/GBP-1.png\" class=\"attachment-large size-large wp-image-5058\" alt=\"\" srcset=\"https:\/\/persumtechnic.com\/wp-content\/uploads\/2023\/10\/GBP-1.png 1000w, https:\/\/persumtechnic.com\/wp-content\/uploads\/2023\/10\/GBP-1-300x300.png 300w, https:\/\/persumtechnic.com\/wp-content\/uploads\/2023\/10\/GBP-1-150x150.png 150w, https:\/\/persumtechnic.com\/wp-content\/uploads\/2023\/10\/GBP-1-768x768.png 768w\" sizes=\"(max-width: 1000px) 100vw, 1000px\" \/>\t\t\t\t\t\t\t\t\t\t\t\t\t\t\t<\/div>\n\t\t\t\t<\/div>\n\t\t\t\t<\/div>\n\t\t\t\t\t<\/div>\n\t\t\t\t<\/div>\n\t\t<div class=\"elementor-element elementor-element-f0b8240 e-flex e-con-boxed e-con e-parent\" data-id=\"f0b8240\" data-element_type=\"container\">\n\t\t\t\t\t<div class=\"e-con-inner\">\n\t\t\t\t\t<\/div>\n\t\t\t\t<\/div>\n\t\t<div class=\"elementor-element elementor-element-675af87d e-flex e-con-boxed e-con e-parent\" data-id=\"675af87d\" data-element_type=\"container\">\n\t\t\t\t\t<div class=\"e-con-inner\">\n\t\t\t\t<div class=\"elementor-element elementor-element-c62dc69 elementor-widget elementor-widget-heading\" data-id=\"c62dc69\" data-element_type=\"widget\" data-widget_type=\"heading.default\">\n\t\t\t\t<div class=\"elementor-widget-container\">\n\t\t\t\t\t<h4 class=\"elementor-heading-title elementor-size-default\">Galer\u00eda<\/h4>\t\t\t\t<\/div>\n\t\t\t\t<\/div>\n\t\t\t\t\t<\/div>\n\t\t\t\t<\/div>\n\t\t<div class=\"elementor-element elementor-element-27a957c3 e-flex e-con-boxed e-con e-parent\" data-id=\"27a957c3\" data-element_type=\"container\">\n\t\t\t\t\t<div class=\"e-con-inner\">\n\t\t\t\t<div class=\"elementor-element elementor-element-f5b95c5 gallery-spacing-custom elementor-invisible elementor-widget elementor-widget-image-gallery\" data-id=\"f5b95c5\" data-element_type=\"widget\" data-settings=\"{&quot;_animation&quot;:&quot;fadeIn&quot;}\" data-widget_type=\"image-gallery.default\">\n\t\t\t\t<div class=\"elementor-widget-container\">\n\t\t\t\t\t\t\t<div class=\"elementor-image-gallery\">\n\t\t\t<div id='gallery-1' class='gallery galleryid-5068 gallery-columns-4 gallery-size-large'><figure class='gallery-item'>\n\t\t\t<div class='gallery-icon portrait'>\n\t\t\t\t<a data-elementor-open-lightbox=\"yes\" data-elementor-lightbox-slideshow=\"f5b95c5\" data-elementor-lightbox-title=\"GBP-2\" data-e-action-hash=\"#elementor-action%3Aaction%3Dlightbox%26settings%3DeyJpZCI6NTA1OSwidXJsIjoiaHR0cHM6XC9cL3BlcnN1bXRlY2huaWMuY29tXC93cC1jb250ZW50XC91cGxvYWRzXC8yMDIzXC8xMFwvR0JQLTIuanBnIiwic2xpZGVzaG93IjoiZjViOTVjNSJ9\" href='https:\/\/persumtechnic.com\/wp-content\/uploads\/2023\/10\/GBP-2.jpg'><img decoding=\"async\" width=\"768\" height=\"1024\" src=\"https:\/\/persumtechnic.com\/wp-content\/uploads\/2023\/10\/GBP-2-768x1024.jpg\" class=\"attachment-large size-large\" alt=\"\" aria-describedby=\"gallery-1-5059\" srcset=\"https:\/\/persumtechnic.com\/wp-content\/uploads\/2023\/10\/GBP-2-768x1024.jpg 768w, https:\/\/persumtechnic.com\/wp-content\/uploads\/2023\/10\/GBP-2-225x300.jpg 225w, https:\/\/persumtechnic.com\/wp-content\/uploads\/2023\/10\/GBP-2.jpg 1125w\" sizes=\"(max-width: 768px) 100vw, 768px\" \/><\/a>\n\t\t\t<\/div>\n\t\t\t\t<figcaption class='wp-caption-text gallery-caption' id='gallery-1-5059'>\n\t\t\t\tImage processed by CodeCarvings Piczard ### FREE Community Edition ### on 2021-01-26 13:34:43Z | http:\/\/piczard.com | http:\/\/codecarvings.com\n\t\t\t\t<\/figcaption><\/figure><figure class='gallery-item'>\n\t\t\t<div class='gallery-icon portrait'>\n\t\t\t\t<a data-elementor-open-lightbox=\"yes\" data-elementor-lightbox-slideshow=\"f5b95c5\" data-elementor-lightbox-title=\"GBP-3\" data-e-action-hash=\"#elementor-action%3Aaction%3Dlightbox%26settings%3DeyJpZCI6NTA2MCwidXJsIjoiaHR0cHM6XC9cL3BlcnN1bXRlY2huaWMuY29tXC93cC1jb250ZW50XC91cGxvYWRzXC8yMDIzXC8xMFwvR0JQLTMuanBnIiwic2xpZGVzaG93IjoiZjViOTVjNSJ9\" href='https:\/\/persumtechnic.com\/wp-content\/uploads\/2023\/10\/GBP-3.jpg'><img decoding=\"async\" width=\"768\" height=\"1024\" src=\"https:\/\/persumtechnic.com\/wp-content\/uploads\/2023\/10\/GBP-3-768x1024.jpg\" class=\"attachment-large size-large\" alt=\"\" aria-describedby=\"gallery-1-5060\" srcset=\"https:\/\/persumtechnic.com\/wp-content\/uploads\/2023\/10\/GBP-3-768x1024.jpg 768w, https:\/\/persumtechnic.com\/wp-content\/uploads\/2023\/10\/GBP-3-225x300.jpg 225w, https:\/\/persumtechnic.com\/wp-content\/uploads\/2023\/10\/GBP-3.jpg 1125w\" sizes=\"(max-width: 768px) 100vw, 768px\" \/><\/a>\n\t\t\t<\/div>\n\t\t\t\t<figcaption class='wp-caption-text gallery-caption' id='gallery-1-5060'>\n\t\t\t\tImage processed by CodeCarvings Piczard ### FREE Community Edition ### on 2021-01-26 13:44:52Z | http:\/\/piczard.com | http:\/\/codecarvings.com\n\t\t\t\t<\/figcaption><\/figure><figure class='gallery-item'>\n\t\t\t<div class='gallery-icon portrait'>\n\t\t\t\t<a data-elementor-open-lightbox=\"yes\" data-elementor-lightbox-slideshow=\"f5b95c5\" data-elementor-lightbox-title=\"GBP-4\" data-e-action-hash=\"#elementor-action%3Aaction%3Dlightbox%26settings%3DeyJpZCI6NTA2MSwidXJsIjoiaHR0cHM6XC9cL3BlcnN1bXRlY2huaWMuY29tXC93cC1jb250ZW50XC91cGxvYWRzXC8yMDIzXC8xMFwvR0JQLTQuanBnIiwic2xpZGVzaG93IjoiZjViOTVjNSJ9\" href='https:\/\/persumtechnic.com\/wp-content\/uploads\/2023\/10\/GBP-4.jpg'><img loading=\"lazy\" decoding=\"async\" width=\"768\" height=\"1024\" src=\"https:\/\/persumtechnic.com\/wp-content\/uploads\/2023\/10\/GBP-4-768x1024.jpg\" class=\"attachment-large size-large\" alt=\"\" aria-describedby=\"gallery-1-5061\" srcset=\"https:\/\/persumtechnic.com\/wp-content\/uploads\/2023\/10\/GBP-4-768x1024.jpg 768w, https:\/\/persumtechnic.com\/wp-content\/uploads\/2023\/10\/GBP-4-225x300.jpg 225w, https:\/\/persumtechnic.com\/wp-content\/uploads\/2023\/10\/GBP-4.jpg 1125w\" sizes=\"(max-width: 768px) 100vw, 768px\" \/><\/a>\n\t\t\t<\/div>\n\t\t\t\t<figcaption class='wp-caption-text gallery-caption' id='gallery-1-5061'>\n\t\t\t\tImage processed by CodeCarvings Piczard ### FREE Community Edition ### on 2021-01-26 13:45:22Z | http:\/\/piczard.com | http:\/\/codecarvings.com\n\t\t\t\t<\/figcaption><\/figure><figure class='gallery-item'>\n\t\t\t<div class='gallery-icon portrait'>\n\t\t\t\t<a data-elementor-open-lightbox=\"yes\" data-elementor-lightbox-slideshow=\"f5b95c5\" data-elementor-lightbox-title=\"GBP-5\" data-e-action-hash=\"#elementor-action%3Aaction%3Dlightbox%26settings%3DeyJpZCI6NTA2MiwidXJsIjoiaHR0cHM6XC9cL3BlcnN1bXRlY2huaWMuY29tXC93cC1jb250ZW50XC91cGxvYWRzXC8yMDIzXC8xMFwvR0JQLTUuanBnIiwic2xpZGVzaG93IjoiZjViOTVjNSJ9\" href='https:\/\/persumtechnic.com\/wp-content\/uploads\/2023\/10\/GBP-5.jpg'><img loading=\"lazy\" decoding=\"async\" width=\"768\" height=\"1024\" src=\"https:\/\/persumtechnic.com\/wp-content\/uploads\/2023\/10\/GBP-5-768x1024.jpg\" class=\"attachment-large size-large\" alt=\"\" aria-describedby=\"gallery-1-5062\" srcset=\"https:\/\/persumtechnic.com\/wp-content\/uploads\/2023\/10\/GBP-5-768x1024.jpg 768w, https:\/\/persumtechnic.com\/wp-content\/uploads\/2023\/10\/GBP-5-225x300.jpg 225w, https:\/\/persumtechnic.com\/wp-content\/uploads\/2023\/10\/GBP-5.jpg 1125w\" sizes=\"(max-width: 768px) 100vw, 768px\" \/><\/a>\n\t\t\t<\/div>\n\t\t\t\t<figcaption class='wp-caption-text gallery-caption' id='gallery-1-5062'>\n\t\t\t\tImage processed by CodeCarvings Piczard ### FREE Community Edition ### on 2021-01-26 13:45:39Z | http:\/\/piczard.com | http:\/\/codecarvings.com\n\t\t\t\t<\/figcaption><\/figure><figure class='gallery-item'>\n\t\t\t<div class='gallery-icon portrait'>\n\t\t\t\t<a data-elementor-open-lightbox=\"yes\" data-elementor-lightbox-slideshow=\"f5b95c5\" data-elementor-lightbox-title=\"GBP-6\" data-e-action-hash=\"#elementor-action%3Aaction%3Dlightbox%26settings%3DeyJpZCI6NTA2MywidXJsIjoiaHR0cHM6XC9cL3BlcnN1bXRlY2huaWMuY29tXC93cC1jb250ZW50XC91cGxvYWRzXC8yMDIzXC8xMFwvR0JQLTYuanBnIiwic2xpZGVzaG93IjoiZjViOTVjNSJ9\" href='https:\/\/persumtechnic.com\/wp-content\/uploads\/2023\/10\/GBP-6.jpg'><img loading=\"lazy\" decoding=\"async\" width=\"768\" height=\"1024\" src=\"https:\/\/persumtechnic.com\/wp-content\/uploads\/2023\/10\/GBP-6-768x1024.jpg\" class=\"attachment-large size-large\" alt=\"\" aria-describedby=\"gallery-1-5063\" srcset=\"https:\/\/persumtechnic.com\/wp-content\/uploads\/2023\/10\/GBP-6-768x1024.jpg 768w, https:\/\/persumtechnic.com\/wp-content\/uploads\/2023\/10\/GBP-6-225x300.jpg 225w, https:\/\/persumtechnic.com\/wp-content\/uploads\/2023\/10\/GBP-6.jpg 1125w\" sizes=\"(max-width: 768px) 100vw, 768px\" \/><\/a>\n\t\t\t<\/div>\n\t\t\t\t<figcaption class='wp-caption-text gallery-caption' id='gallery-1-5063'>\n\t\t\t\tImage processed by CodeCarvings Piczard ### FREE Community Edition ### on 2021-01-27 10:50:45Z | http:\/\/piczard.com | http:\/\/codecarvings.com\u00c0X\u00c3s\u00bbF\u00f9\n\t\t\t\t<\/figcaption><\/figure><figure class='gallery-item'>\n\t\t\t<div class='gallery-icon portrait'>\n\t\t\t\t<a data-elementor-open-lightbox=\"yes\" data-elementor-lightbox-slideshow=\"f5b95c5\" data-elementor-lightbox-title=\"GBP-7\" data-e-action-hash=\"#elementor-action%3Aaction%3Dlightbox%26settings%3DeyJpZCI6NTA2NCwidXJsIjoiaHR0cHM6XC9cL3BlcnN1bXRlY2huaWMuY29tXC93cC1jb250ZW50XC91cGxvYWRzXC8yMDIzXC8xMFwvR0JQLTcuanBnIiwic2xpZGVzaG93IjoiZjViOTVjNSJ9\" href='https:\/\/persumtechnic.com\/wp-content\/uploads\/2023\/10\/GBP-7.jpg'><img loading=\"lazy\" decoding=\"async\" width=\"768\" height=\"1024\" src=\"https:\/\/persumtechnic.com\/wp-content\/uploads\/2023\/10\/GBP-7-768x1024.jpg\" class=\"attachment-large size-large\" alt=\"\" aria-describedby=\"gallery-1-5064\" srcset=\"https:\/\/persumtechnic.com\/wp-content\/uploads\/2023\/10\/GBP-7-768x1024.jpg 768w, https:\/\/persumtechnic.com\/wp-content\/uploads\/2023\/10\/GBP-7-225x300.jpg 225w, https:\/\/persumtechnic.com\/wp-content\/uploads\/2023\/10\/GBP-7.jpg 1125w\" sizes=\"(max-width: 768px) 100vw, 768px\" \/><\/a>\n\t\t\t<\/div>\n\t\t\t\t<figcaption class='wp-caption-text gallery-caption' id='gallery-1-5064'>\n\t\t\t\tImage processed by CodeCarvings Piczard ### FREE Community Edition ### on 2021-01-27 10:58:40Z | http:\/\/piczard.com | http:\/\/codecarvings.com\n\t\t\t\t<\/figcaption><\/figure>\n\t\t<\/div>\n\t\t<\/div>\n\t\t\t\t\t\t<\/div>\n\t\t\t\t<\/div>\n\t\t\t\t\t<\/div>\n\t\t\t\t<\/div>\n\t\t\t\t<\/div>\n\t\t","protected":false},"excerpt":{"rendered":"<p>Escaleras de plataforma con pelda\u00f1os anchos Detalles de producto Las escaleras con plataforma de pelda\u00f1os anchos se pueden fabricar en varias dimensiones seg\u00fan sus necesidades y especificaciones. En el lado izquierdo, puede encontrar dibujos t\u00e9cnicos de nuestro ejemplo de escaleras con plataforma de pelda\u00f1os anchos, que pueden ayudar a definir las dimensiones A, B, C [&hellip;]<\/p>\n","protected":false},"author":1,"featured_media":0,"parent":0,"menu_order":0,"comment_status":"closed","ping_status":"closed","template":"","meta":{"site-sidebar-layout":"no-sidebar","site-content-layout":"page-builder","ast-site-content-layout":"full-width-container","site-content-style":"default","site-sidebar-style":"default","ast-global-header-display":"","ast-banner-title-visibility":"","ast-main-header-display":"","ast-hfb-above-header-display":"","ast-hfb-below-header-display":"","ast-hfb-mobile-header-display":"","site-post-title":"disabled","ast-breadcrumbs-content":"","ast-featured-img":"disabled","footer-sml-layout":"","theme-transparent-header-meta":"","adv-header-id-meta":"","stick-header-meta":"","header-above-stick-meta":"","header-main-stick-meta":"","header-below-stick-meta":"","astra-migrate-meta-layouts":"set","ast-page-background-enabled":"default","ast-page-background-meta":{"desktop":{"background-color":"","background-image":"","background-repeat":"repeat","background-position":"center center","background-size":"auto","background-attachment":"scroll","background-type":"","background-media":"","overlay-type":"","overlay-color":"","overlay-opacity":"","overlay-gradient":""},"tablet":{"background-color":"","background-image":"","background-repeat":"repeat","background-position":"center center","background-size":"auto","background-attachment":"scroll","background-type":"","background-media":"","overlay-type":"","overlay-color":"","overlay-opacity":"","overlay-gradient":""},"mobile":{"background-color":"","background-image":"","background-repeat":"repeat","background-position":"center center","background-size":"auto","background-attachment":"scroll","background-type":"","background-media":"","overlay-type":"","overlay-color":"","overlay-opacity":"","overlay-gradient":""}},"ast-content-background-meta":{"desktop":{"background-color":"var(--ast-global-color-5)","background-image":"","background-repeat":"repeat","background-position":"center center","background-size":"auto","background-attachment":"scroll","background-type":"","background-media":"","overlay-type":"","overlay-color":"","overlay-opacity":"","overlay-gradient":""},"tablet":{"background-color":"var(--ast-global-color-5)","background-image":"","background-repeat":"repeat","background-position":"center center","background-size":"auto","background-attachment":"scroll","background-type":"","background-media":"","overlay-type":"","overlay-color":"","overlay-opacity":"","overlay-gradient":""},"mobile":{"background-color":"var(--ast-global-color-5)","background-image":"","background-repeat":"repeat","background-position":"center center","background-size":"auto","background-attachment":"scroll","background-type":"","background-media":"","overlay-type":"","overlay-color":"","overlay-opacity":"","overlay-gradient":""}},"footnotes":""},"class_list":["post-5068","page","type-page","status-publish","hentry"],"_links":{"self":[{"href":"https:\/\/persumtechnic.com\/index.php\/wp-json\/wp\/v2\/pages\/5068","targetHints":{"allow":["GET"]}}],"collection":[{"href":"https:\/\/persumtechnic.com\/index.php\/wp-json\/wp\/v2\/pages"}],"about":[{"href":"https:\/\/persumtechnic.com\/index.php\/wp-json\/wp\/v2\/types\/page"}],"author":[{"embeddable":true,"href":"https:\/\/persumtechnic.com\/index.php\/wp-json\/wp\/v2\/users\/1"}],"replies":[{"embeddable":true,"href":"https:\/\/persumtechnic.com\/index.php\/wp-json\/wp\/v2\/comments?post=5068"}],"version-history":[{"count":31,"href":"https:\/\/persumtechnic.com\/index.php\/wp-json\/wp\/v2\/pages\/5068\/revisions"}],"predecessor-version":[{"id":5762,"href":"https:\/\/persumtechnic.com\/index.php\/wp-json\/wp\/v2\/pages\/5068\/revisions\/5762"}],"wp:attachment":[{"href":"https:\/\/persumtechnic.com\/index.php\/wp-json\/wp\/v2\/media?parent=5068"}],"curies":[{"name":"wp","href":"https:\/\/api.w.org\/{rel}","templated":true}]}}