{"id":5172,"date":"2023-10-11T15:26:20","date_gmt":"2023-10-11T15:26:20","guid":{"rendered":"https:\/\/persumtechnic.com\/?page_id=5172"},"modified":"2024-09-20T13:28:06","modified_gmt":"2024-09-20T13:28:06","slug":"plataforma-del-parabrisas","status":"publish","type":"page","link":"https:\/\/persumtechnic.com\/index.php\/plataforma-del-parabrisas\/","title":{"rendered":"Plataforma del parabrisas"},"content":{"rendered":"\t\t<div data-elementor-type=\"wp-page\" data-elementor-id=\"5172\" class=\"elementor elementor-5172\">\n\t\t\t\t<div class=\"elementor-element elementor-element-5a11b34e e-flex e-con-boxed e-con e-parent\" data-id=\"5a11b34e\" data-element_type=\"container\">\n\t\t\t\t\t<div class=\"e-con-inner\">\n\t\t\t\t<div class=\"elementor-element elementor-element-2dbf48e9 elementor-widget elementor-widget-spacer\" data-id=\"2dbf48e9\" data-element_type=\"widget\" data-widget_type=\"spacer.default\">\n\t\t\t\t<div class=\"elementor-widget-container\">\n\t\t\t\t\t\t\t<div class=\"elementor-spacer\">\n\t\t\t<div class=\"elementor-spacer-inner\"><\/div>\n\t\t<\/div>\n\t\t\t\t\t\t<\/div>\n\t\t\t\t<\/div>\n\t\t\t\t\t<\/div>\n\t\t\t\t<\/div>\n\t\t<div class=\"elementor-element elementor-element-2d88913c e-flex e-con-boxed e-con e-parent\" data-id=\"2d88913c\" data-element_type=\"container\">\n\t\t\t\t\t<div class=\"e-con-inner\">\n\t\t\t\t<div class=\"elementor-element elementor-element-3288f3b6 elementor-widget elementor-widget-heading\" data-id=\"3288f3b6\" data-element_type=\"widget\" data-widget_type=\"heading.default\">\n\t\t\t\t<div class=\"elementor-widget-container\">\n\t\t\t\t\t<h4 class=\"elementor-heading-title elementor-size-default\">Plataforma de acceso frontal<\/h4>\t\t\t\t<\/div>\n\t\t\t\t<\/div>\n\t\t\t\t\t<\/div>\n\t\t\t\t<\/div>\n\t\t<div class=\"elementor-element elementor-element-49f3cb61 e-flex e-con-boxed e-con e-parent\" data-id=\"49f3cb61\" data-element_type=\"container\">\n\t\t\t\t\t<div class=\"e-con-inner\">\n\t\t<div class=\"elementor-element elementor-element-70d4b3db e-con-full e-flex e-con e-child\" data-id=\"70d4b3db\" data-element_type=\"container\">\n\t\t\t\t<div class=\"elementor-element elementor-element-688e4b71 elementor-widget elementor-widget-text-editor\" data-id=\"688e4b71\" data-element_type=\"widget\" data-widget_type=\"text-editor.default\">\n\t\t\t\t<div class=\"elementor-widget-container\">\n\t\t\t\t\t\t\t\t\t<h5>Detalles de producto<\/h5><div class=\"description\"><p>Esta Plataforma de Acceso Frontal permite el acceso completo al tren desde la parte delantera para llevar a cabo tareas de mantenimiento, reparaci\u00f3n, limpieza y montaje.<\/p><p>Est\u00e1 dise\u00f1ada para rodear completamente la parte delantera del tren en un dise\u00f1o abierto. El ancho, largo y alto del producto se pueden fabricar seg\u00fan las dimensiones requeridas. Puede equiparse con extensiones laterales completas o divididas. Se pueden agregar piezas deslizantes para adaptarla a diferentes tipos de trenes. Se pueden conectar escaleras de acceso adicionales o plataformas m\u00f3viles mediante abrazaderas.<\/p><p>Se puede entregar con ajuste de altura manual o el\u00e9ctrico. Las \u00e1reas de contacto con el tren est\u00e1n revestidas con protectores de goma para evitar da\u00f1os al tren. Se utilizan patas de equilibrio industriales para asegurar la estabilidad de la plataforma.<\/p><p>La superficie de los escalones puede variar seg\u00fan la aplicaci\u00f3n y las necesidades. El ancho de los escalones es opcional y puede variar entre 80 mm y 250 mm. Ls barandilas se pueden fabricar completamente plegables para facilitar el acceso. Se pueden agregar protectores para evitar la ca\u00edda de materiales.<\/p><p>Se pueden a\u00f1adir medidas de seguridad adicionales, como coloraci\u00f3n, reflectores y etiquetas de advertencia al producto.<\/p><p>Puede contar con el respaldo de nuestro equipo t\u00e9cnico profesional para la instalaci\u00f3n, piezas de repuesto y servicios de mantenimiento y reparaci\u00f3n.<\/p><\/div>\t\t\t\t\t\t\t\t<\/div>\n\t\t\t\t<\/div>\n\t\t\t\t<\/div>\n\t\t<div class=\"elementor-element elementor-element-1369bbfe e-con-full e-flex e-con e-child\" data-id=\"1369bbfe\" data-element_type=\"container\">\n\t\t\t\t<div class=\"elementor-element elementor-element-480548aa elementor-widget elementor-widget-image\" data-id=\"480548aa\" data-element_type=\"widget\" data-widget_type=\"image.default\">\n\t\t\t\t<div class=\"elementor-widget-container\">\n\t\t\t\t\t\t\t\t\t\t\t\t\t\t\t<img fetchpriority=\"high\" decoding=\"async\" width=\"1000\" height=\"1000\" src=\"https:\/\/persumtechnic.com\/wp-content\/uploads\/2023\/10\/OC-1.png\" class=\"attachment-large size-large wp-image-5162\" alt=\"\" srcset=\"https:\/\/persumtechnic.com\/wp-content\/uploads\/2023\/10\/OC-1.png 1000w, https:\/\/persumtechnic.com\/wp-content\/uploads\/2023\/10\/OC-1-300x300.png 300w, https:\/\/persumtechnic.com\/wp-content\/uploads\/2023\/10\/OC-1-150x150.png 150w, https:\/\/persumtechnic.com\/wp-content\/uploads\/2023\/10\/OC-1-768x768.png 768w\" sizes=\"(max-width: 1000px) 100vw, 1000px\" \/>\t\t\t\t\t\t\t\t\t\t\t\t\t\t\t<\/div>\n\t\t\t\t<\/div>\n\t\t\t\t<\/div>\n\t\t\t\t\t<\/div>\n\t\t\t\t<\/div>\n\t\t<div class=\"elementor-element elementor-element-29aaeed2 e-flex e-con-boxed e-con e-parent\" data-id=\"29aaeed2\" data-element_type=\"container\">\n\t\t\t\t\t<div class=\"e-con-inner\">\n\t\t\t\t\t<\/div>\n\t\t\t\t<\/div>\n\t\t<div class=\"elementor-element elementor-element-71c5a6e8 e-flex e-con-boxed e-con e-parent\" data-id=\"71c5a6e8\" data-element_type=\"container\">\n\t\t\t\t\t<div class=\"e-con-inner\">\n\t\t\t\t<div class=\"elementor-element elementor-element-5c965d91 elementor-widget elementor-widget-heading\" data-id=\"5c965d91\" data-element_type=\"widget\" data-widget_type=\"heading.default\">\n\t\t\t\t<div class=\"elementor-widget-container\">\n\t\t\t\t\t<h4 class=\"elementor-heading-title elementor-size-default\">Galer\u00eda<\/h4>\t\t\t\t<\/div>\n\t\t\t\t<\/div>\n\t\t\t\t\t<\/div>\n\t\t\t\t<\/div>\n\t\t<div class=\"elementor-element elementor-element-5c2f4b55 e-flex e-con-boxed e-con e-parent\" data-id=\"5c2f4b55\" data-element_type=\"container\">\n\t\t\t\t\t<div class=\"e-con-inner\">\n\t\t\t\t<div class=\"elementor-element elementor-element-439c1c23 gallery-spacing-custom elementor-invisible elementor-widget elementor-widget-image-gallery\" data-id=\"439c1c23\" data-element_type=\"widget\" data-settings=\"{&quot;_animation&quot;:&quot;fadeIn&quot;}\" data-widget_type=\"image-gallery.default\">\n\t\t\t\t<div class=\"elementor-widget-container\">\n\t\t\t\t\t\t\t<div class=\"elementor-image-gallery\">\n\t\t\t<div id='gallery-1' class='gallery galleryid-5172 gallery-columns-4 gallery-size-large'><figure class='gallery-item'>\n\t\t\t<div class='gallery-icon landscape'>\n\t\t\t\t<a data-elementor-open-lightbox=\"yes\" data-elementor-lightbox-slideshow=\"439c1c23\" data-elementor-lightbox-title=\"OC-3 kopya\" data-e-action-hash=\"#elementor-action%3Aaction%3Dlightbox%26settings%3DeyJpZCI6NTE2NCwidXJsIjoiaHR0cHM6XC9cL3BlcnN1bXRlY2huaWMuY29tXC93cC1jb250ZW50XC91cGxvYWRzXC8yMDIzXC8xMFwvT0MtMy1rb3B5YS5qcGciLCJzbGlkZXNob3ciOiI0MzljMWMyMyJ9\" href='https:\/\/persumtechnic.com\/wp-content\/uploads\/2023\/10\/OC-3-kopya.jpg'><img decoding=\"async\" width=\"1024\" height=\"680\" src=\"https:\/\/persumtechnic.com\/wp-content\/uploads\/2023\/10\/OC-3-kopya-1024x680.jpg\" class=\"attachment-large size-large\" alt=\"\" aria-describedby=\"gallery-1-5164\" srcset=\"https:\/\/persumtechnic.com\/wp-content\/uploads\/2023\/10\/OC-3-kopya-1024x680.jpg 1024w, https:\/\/persumtechnic.com\/wp-content\/uploads\/2023\/10\/OC-3-kopya-300x199.jpg 300w, https:\/\/persumtechnic.com\/wp-content\/uploads\/2023\/10\/OC-3-kopya-768x510.jpg 768w, https:\/\/persumtechnic.com\/wp-content\/uploads\/2023\/10\/OC-3-kopya.jpg 1109w\" sizes=\"(max-width: 1024px) 100vw, 1024px\" \/><\/a>\n\t\t\t<\/div>\n\t\t\t\t<figcaption class='wp-caption-text gallery-caption' id='gallery-1-5164'>\n\t\t\t\tImage processed by CodeCarvings Piczard ### FREE Community Edition ### on 2020-12-29 12:56:30Z | http:\/\/piczard.com | http:\/\/codecarvings.com\n\t\t\t\t<\/figcaption><\/figure><figure class='gallery-item'>\n\t\t\t<div class='gallery-icon landscape'>\n\t\t\t\t<a data-elementor-open-lightbox=\"yes\" data-elementor-lightbox-slideshow=\"439c1c23\" data-elementor-lightbox-title=\"OC-4\" data-e-action-hash=\"#elementor-action%3Aaction%3Dlightbox%26settings%3DeyJpZCI6NTE2NiwidXJsIjoiaHR0cHM6XC9cL3BlcnN1bXRlY2huaWMuY29tXC93cC1jb250ZW50XC91cGxvYWRzXC8yMDIzXC8xMFwvT0MtNC5qcGciLCJzbGlkZXNob3ciOiI0MzljMWMyMyJ9\" href='https:\/\/persumtechnic.com\/wp-content\/uploads\/2023\/10\/OC-4.jpg'><img decoding=\"async\" width=\"1024\" height=\"768\" src=\"https:\/\/persumtechnic.com\/wp-content\/uploads\/2023\/10\/OC-4-1024x768.jpg\" class=\"attachment-large size-large\" alt=\"\" aria-describedby=\"gallery-1-5166\" srcset=\"https:\/\/persumtechnic.com\/wp-content\/uploads\/2023\/10\/OC-4-1024x768.jpg 1024w, https:\/\/persumtechnic.com\/wp-content\/uploads\/2023\/10\/OC-4-300x225.jpg 300w, https:\/\/persumtechnic.com\/wp-content\/uploads\/2023\/10\/OC-4-768x576.jpg 768w, https:\/\/persumtechnic.com\/wp-content\/uploads\/2023\/10\/OC-4.jpg 1500w\" sizes=\"(max-width: 1024px) 100vw, 1024px\" \/><\/a>\n\t\t\t<\/div>\n\t\t\t\t<figcaption class='wp-caption-text gallery-caption' id='gallery-1-5166'>\n\t\t\t\tImage processed by CodeCarvings Piczard ### FREE Community Edition ### on 2020-12-29 12:56:58Z | http:\/\/piczard.com | http:\/\/codecarvings.com\n\t\t\t\t<\/figcaption><\/figure><figure class='gallery-item'>\n\t\t\t<div class='gallery-icon landscape'>\n\t\t\t\t<a data-elementor-open-lightbox=\"yes\" data-elementor-lightbox-slideshow=\"439c1c23\" data-elementor-lightbox-title=\"OC-5\" data-e-action-hash=\"#elementor-action%3Aaction%3Dlightbox%26settings%3DeyJpZCI6NTE2NywidXJsIjoiaHR0cHM6XC9cL3BlcnN1bXRlY2huaWMuY29tXC93cC1jb250ZW50XC91cGxvYWRzXC8yMDIzXC8xMFwvT0MtNS5qcGciLCJzbGlkZXNob3ciOiI0MzljMWMyMyJ9\" href='https:\/\/persumtechnic.com\/wp-content\/uploads\/2023\/10\/OC-5.jpg'><img loading=\"lazy\" decoding=\"async\" width=\"1024\" height=\"768\" src=\"https:\/\/persumtechnic.com\/wp-content\/uploads\/2023\/10\/OC-5-1024x768.jpg\" class=\"attachment-large size-large\" alt=\"\" aria-describedby=\"gallery-1-5167\" srcset=\"https:\/\/persumtechnic.com\/wp-content\/uploads\/2023\/10\/OC-5-1024x768.jpg 1024w, https:\/\/persumtechnic.com\/wp-content\/uploads\/2023\/10\/OC-5-300x225.jpg 300w, https:\/\/persumtechnic.com\/wp-content\/uploads\/2023\/10\/OC-5-768x576.jpg 768w, https:\/\/persumtechnic.com\/wp-content\/uploads\/2023\/10\/OC-5.jpg 1500w\" sizes=\"(max-width: 1024px) 100vw, 1024px\" \/><\/a>\n\t\t\t<\/div>\n\t\t\t\t<figcaption class='wp-caption-text gallery-caption' id='gallery-1-5167'>\n\t\t\t\tImage processed by CodeCarvings Piczard ### FREE Community Edition ### on 2020-12-29 12:59:04Z | http:\/\/piczard.com | http:\/\/codecarvings.com\u02c7M5 0]$\u02dc\u00e9\n\t\t\t\t<\/figcaption><\/figure><figure class='gallery-item'>\n\t\t\t<div class='gallery-icon landscape'>\n\t\t\t\t<a data-elementor-open-lightbox=\"yes\" data-elementor-lightbox-slideshow=\"439c1c23\" data-elementor-lightbox-title=\"OC-6\" data-e-action-hash=\"#elementor-action%3Aaction%3Dlightbox%26settings%3DeyJpZCI6NTE2OCwidXJsIjoiaHR0cHM6XC9cL3BlcnN1bXRlY2huaWMuY29tXC93cC1jb250ZW50XC91cGxvYWRzXC8yMDIzXC8xMFwvT0MtNi5qcGciLCJzbGlkZXNob3ciOiI0MzljMWMyMyJ9\" href='https:\/\/persumtechnic.com\/wp-content\/uploads\/2023\/10\/OC-6.jpg'><img loading=\"lazy\" decoding=\"async\" width=\"1024\" height=\"768\" src=\"https:\/\/persumtechnic.com\/wp-content\/uploads\/2023\/10\/OC-6-1024x768.jpg\" class=\"attachment-large size-large\" alt=\"\" aria-describedby=\"gallery-1-5168\" srcset=\"https:\/\/persumtechnic.com\/wp-content\/uploads\/2023\/10\/OC-6-1024x768.jpg 1024w, https:\/\/persumtechnic.com\/wp-content\/uploads\/2023\/10\/OC-6-300x225.jpg 300w, https:\/\/persumtechnic.com\/wp-content\/uploads\/2023\/10\/OC-6-768x576.jpg 768w, https:\/\/persumtechnic.com\/wp-content\/uploads\/2023\/10\/OC-6.jpg 1500w\" sizes=\"(max-width: 1024px) 100vw, 1024px\" \/><\/a>\n\t\t\t<\/div>\n\t\t\t\t<figcaption class='wp-caption-text gallery-caption' id='gallery-1-5168'>\n\t\t\t\tImage processed by CodeCarvings Piczard ### FREE Community Edition ### on 2020-12-29 12:59:30Z | http:\/\/piczard.com | http:\/\/codecarvings.com\u00ffM5 0]$\u00f7\u008e\n\t\t\t\t<\/figcaption><\/figure><figure class='gallery-item'>\n\t\t\t<div class='gallery-icon portrait'>\n\t\t\t\t<a data-elementor-open-lightbox=\"yes\" data-elementor-lightbox-slideshow=\"439c1c23\" data-elementor-lightbox-title=\"OC-3\" data-e-action-hash=\"#elementor-action%3Aaction%3Dlightbox%26settings%3DeyJpZCI6NTE2NSwidXJsIjoiaHR0cHM6XC9cL3BlcnN1bXRlY2huaWMuY29tXC93cC1jb250ZW50XC91cGxvYWRzXC8yMDIzXC8xMFwvT0MtMy5qcGciLCJzbGlkZXNob3ciOiI0MzljMWMyMyJ9\" href='https:\/\/persumtechnic.com\/wp-content\/uploads\/2023\/10\/OC-3.jpg'><img loading=\"lazy\" decoding=\"async\" width=\"768\" height=\"1024\" src=\"https:\/\/persumtechnic.com\/wp-content\/uploads\/2023\/10\/OC-3-768x1024.jpg\" class=\"attachment-large size-large\" alt=\"\" aria-describedby=\"gallery-1-5165\" srcset=\"https:\/\/persumtechnic.com\/wp-content\/uploads\/2023\/10\/OC-3-768x1024.jpg 768w, https:\/\/persumtechnic.com\/wp-content\/uploads\/2023\/10\/OC-3-225x300.jpg 225w, https:\/\/persumtechnic.com\/wp-content\/uploads\/2023\/10\/OC-3.jpg 1125w\" sizes=\"(max-width: 768px) 100vw, 768px\" \/><\/a>\n\t\t\t<\/div>\n\t\t\t\t<figcaption class='wp-caption-text gallery-caption' id='gallery-1-5165'>\n\t\t\t\tImage processed by CodeCarvings Piczard ### FREE Community Edition ### on 2020-12-29 12:56:30Z | http:\/\/piczard.com | http:\/\/codecarvings.com\n\t\t\t\t<\/figcaption><\/figure><figure class='gallery-item'>\n\t\t\t<div class='gallery-icon portrait'>\n\t\t\t\t<a data-elementor-open-lightbox=\"yes\" data-elementor-lightbox-slideshow=\"439c1c23\" data-elementor-lightbox-title=\"OC-2\" data-e-action-hash=\"#elementor-action%3Aaction%3Dlightbox%26settings%3DeyJpZCI6NTE2MywidXJsIjoiaHR0cHM6XC9cL3BlcnN1bXRlY2huaWMuY29tXC93cC1jb250ZW50XC91cGxvYWRzXC8yMDIzXC8xMFwvT0MtMi5qcGciLCJzbGlkZXNob3ciOiI0MzljMWMyMyJ9\" href='https:\/\/persumtechnic.com\/wp-content\/uploads\/2023\/10\/OC-2.jpg'><img loading=\"lazy\" decoding=\"async\" width=\"768\" height=\"1024\" src=\"https:\/\/persumtechnic.com\/wp-content\/uploads\/2023\/10\/OC-2-768x1024.jpg\" class=\"attachment-large size-large\" alt=\"\" aria-describedby=\"gallery-1-5163\" srcset=\"https:\/\/persumtechnic.com\/wp-content\/uploads\/2023\/10\/OC-2-768x1024.jpg 768w, https:\/\/persumtechnic.com\/wp-content\/uploads\/2023\/10\/OC-2-225x300.jpg 225w, https:\/\/persumtechnic.com\/wp-content\/uploads\/2023\/10\/OC-2.jpg 1125w\" sizes=\"(max-width: 768px) 100vw, 768px\" \/><\/a>\n\t\t\t<\/div>\n\t\t\t\t<figcaption class='wp-caption-text gallery-caption' id='gallery-1-5163'>\n\t\t\t\tImage processed by CodeCarvings Piczard ### FREE Community Edition ### on 2020-12-29 12:53:36Z | http:\/\/piczard.com | http:\/\/codecarvings.com\n\t\t\t\t<\/figcaption><\/figure>\n\t\t<\/div>\n\t\t<\/div>\n\t\t\t\t\t\t<\/div>\n\t\t\t\t<\/div>\n\t\t\t\t\t<\/div>\n\t\t\t\t<\/div>\n\t\t\t\t<\/div>\n\t\t","protected":false},"excerpt":{"rendered":"<p>Plataforma de acceso frontal Detalles de producto Esta Plataforma de Acceso Frontal permite el acceso completo al tren desde la parte delantera para llevar a cabo tareas de mantenimiento, reparaci\u00f3n, limpieza y montaje. Est\u00e1 dise\u00f1ada para rodear completamente la parte delantera del tren en un dise\u00f1o abierto. El ancho, largo y alto del producto se [&hellip;]<\/p>\n","protected":false},"author":1,"featured_media":0,"parent":0,"menu_order":0,"comment_status":"closed","ping_status":"closed","template":"","meta":{"site-sidebar-layout":"no-sidebar","site-content-layout":"page-builder","ast-site-content-layout":"full-width-container","site-content-style":"default","site-sidebar-style":"default","ast-global-header-display":"","ast-banner-title-visibility":"","ast-main-header-display":"","ast-hfb-above-header-display":"","ast-hfb-below-header-display":"","ast-hfb-mobile-header-display":"","site-post-title":"disabled","ast-breadcrumbs-content":"","ast-featured-img":"disabled","footer-sml-layout":"","theme-transparent-header-meta":"","adv-header-id-meta":"","stick-header-meta":"","header-above-stick-meta":"","header-main-stick-meta":"","header-below-stick-meta":"","astra-migrate-meta-layouts":"set","ast-page-background-enabled":"default","ast-page-background-meta":{"desktop":{"background-color":"","background-image":"","background-repeat":"repeat","background-position":"center center","background-size":"auto","background-attachment":"scroll","background-type":"","background-media":"","overlay-type":"","overlay-color":"","overlay-opacity":"","overlay-gradient":""},"tablet":{"background-color":"","background-image":"","background-repeat":"repeat","background-position":"center center","background-size":"auto","background-attachment":"scroll","background-type":"","background-media":"","overlay-type":"","overlay-color":"","overlay-opacity":"","overlay-gradient":""},"mobile":{"background-color":"","background-image":"","background-repeat":"repeat","background-position":"center center","background-size":"auto","background-attachment":"scroll","background-type":"","background-media":"","overlay-type":"","overlay-color":"","overlay-opacity":"","overlay-gradient":""}},"ast-content-background-meta":{"desktop":{"background-color":"var(--ast-global-color-5)","background-image":"","background-repeat":"repeat","background-position":"center center","background-size":"auto","background-attachment":"scroll","background-type":"","background-media":"","overlay-type":"","overlay-color":"","overlay-opacity":"","overlay-gradient":""},"tablet":{"background-color":"var(--ast-global-color-5)","background-image":"","background-repeat":"repeat","background-position":"center center","background-size":"auto","background-attachment":"scroll","background-type":"","background-media":"","overlay-type":"","overlay-color":"","overlay-opacity":"","overlay-gradient":""},"mobile":{"background-color":"var(--ast-global-color-5)","background-image":"","background-repeat":"repeat","background-position":"center center","background-size":"auto","background-attachment":"scroll","background-type":"","background-media":"","overlay-type":"","overlay-color":"","overlay-opacity":"","overlay-gradient":""}},"footnotes":""},"class_list":["post-5172","page","type-page","status-publish","hentry"],"_links":{"self":[{"href":"https:\/\/persumtechnic.com\/index.php\/wp-json\/wp\/v2\/pages\/5172","targetHints":{"allow":["GET"]}}],"collection":[{"href":"https:\/\/persumtechnic.com\/index.php\/wp-json\/wp\/v2\/pages"}],"about":[{"href":"https:\/\/persumtechnic.com\/index.php\/wp-json\/wp\/v2\/types\/page"}],"author":[{"embeddable":true,"href":"https:\/\/persumtechnic.com\/index.php\/wp-json\/wp\/v2\/users\/1"}],"replies":[{"embeddable":true,"href":"https:\/\/persumtechnic.com\/index.php\/wp-json\/wp\/v2\/comments?post=5172"}],"version-history":[{"count":13,"href":"https:\/\/persumtechnic.com\/index.php\/wp-json\/wp\/v2\/pages\/5172\/revisions"}],"predecessor-version":[{"id":5781,"href":"https:\/\/persumtechnic.com\/index.php\/wp-json\/wp\/v2\/pages\/5172\/revisions\/5781"}],"wp:attachment":[{"href":"https:\/\/persumtechnic.com\/index.php\/wp-json\/wp\/v2\/media?parent=5172"}],"curies":[{"name":"wp","href":"https:\/\/api.w.org\/{rel}","templated":true}]}}