{"id":5188,"date":"2023-10-11T15:29:10","date_gmt":"2023-10-11T15:29:10","guid":{"rendered":"https:\/\/persumtechnic.com\/?page_id=5188"},"modified":"2024-09-20T13:27:57","modified_gmt":"2024-09-20T13:27:57","slug":"plataforma-de-respuesta-maxima","status":"publish","type":"page","link":"https:\/\/persumtechnic.com\/index.php\/plataforma-de-respuesta-maxima\/","title":{"rendered":"Plataforma de respuesta m\u00e1xima"},"content":{"rendered":"\t\t<div data-elementor-type=\"wp-page\" data-elementor-id=\"5188\" class=\"elementor elementor-5188\">\n\t\t\t\t<div class=\"elementor-element elementor-element-7d0d1370 e-flex e-con-boxed e-con e-parent\" data-id=\"7d0d1370\" data-element_type=\"container\">\n\t\t\t\t\t<div class=\"e-con-inner\">\n\t\t\t\t<div class=\"elementor-element elementor-element-44c89ca6 elementor-widget elementor-widget-spacer\" data-id=\"44c89ca6\" data-element_type=\"widget\" data-widget_type=\"spacer.default\">\n\t\t\t\t<div class=\"elementor-widget-container\">\n\t\t\t\t\t\t\t<div class=\"elementor-spacer\">\n\t\t\t<div class=\"elementor-spacer-inner\"><\/div>\n\t\t<\/div>\n\t\t\t\t\t\t<\/div>\n\t\t\t\t<\/div>\n\t\t\t\t\t<\/div>\n\t\t\t\t<\/div>\n\t\t<div class=\"elementor-element elementor-element-4ee7bed9 e-flex e-con-boxed e-con e-parent\" data-id=\"4ee7bed9\" data-element_type=\"container\">\n\t\t\t\t\t<div class=\"e-con-inner\">\n\t\t\t\t<div class=\"elementor-element elementor-element-265738e3 elementor-widget elementor-widget-heading\" data-id=\"265738e3\" data-element_type=\"widget\" data-widget_type=\"heading.default\">\n\t\t\t\t<div class=\"elementor-widget-container\">\n\t\t\t\t\t<h4 class=\"elementor-heading-title elementor-size-default\">Plataforma de acceso a puntos altos de trenes<\/h4>\t\t\t\t<\/div>\n\t\t\t\t<\/div>\n\t\t\t\t\t<\/div>\n\t\t\t\t<\/div>\n\t\t<div class=\"elementor-element elementor-element-351477cf e-flex e-con-boxed e-con e-parent\" data-id=\"351477cf\" data-element_type=\"container\">\n\t\t\t\t\t<div class=\"e-con-inner\">\n\t\t<div class=\"elementor-element elementor-element-7304e3b1 e-con-full e-flex e-con e-child\" data-id=\"7304e3b1\" data-element_type=\"container\">\n\t\t\t\t<div class=\"elementor-element elementor-element-1d6e73de elementor-widget elementor-widget-text-editor\" data-id=\"1d6e73de\" data-element_type=\"widget\" data-widget_type=\"text-editor.default\">\n\t\t\t\t<div class=\"elementor-widget-container\">\n\t\t\t\t\t\t\t\t\t<h5>Detalles de producto<\/h5>\n<div class=\"description\">\n<p>Esta plataforma de acceso a puntos altos permite el acceso desde el punto m\u00e1s alto al tren para llevar a cabo tareas de mantenimiento, reparaci\u00f3n, limpieza y montaje.<\/p>\n<p>Se fabrica seg\u00fan las dimensiones requeridas de ancho, largo y alto. Se produce en dos piezas, cada una se coloca en el lado derecho e izquierdo para crear un espacio seguro en el punto m\u00e1s alto del tren para intervenciones necesarias.<\/p>\n<p><\/p>\n<p>Se pueden agregar piezas deslizantes o con bisagras para adaptarla a diferentes tipos de trenes. Se pueden conectar escaleras de acceso adicionales o plataformas m\u00f3viles mediante abrazaderas. Puede entregarse con ajuste de altura manual o el\u00e9ctrico. Las \u00e1reas de contacto con el tren est\u00e1n revestidas con protectores de goma para evitar da\u00f1os al tren.<\/p>\n<p>Se utilizan patas de equilibrio industriales para asegurar la estabilidad de la plataforma. La superficie de los escalones puede variar seg\u00fan la aplicaci\u00f3n y las necesidades. El ancho de los escalones es opcional y puede variar entre 80 mm y 250 mm. Las barandillas se pueden fabricar completamente plegables para facilitar el acceso. Se pueden agregar protectores para evitar la ca\u00edda de materiales.<\/p>\n<p>Se pueden a\u00f1adir medidas de seguridad adicionales, como coloraci\u00f3n, reflectores y etiquetas de advertencia al producto.<\/p>\n<p>Puede contar con el respaldo de nuestro equipo t\u00e9cnico profesional para la instalaci\u00f3n, piezas de repuesto y servicios de mantenimiento y reparaci\u00f3n.<\/p>\n<\/div>\t\t\t\t\t\t\t\t<\/div>\n\t\t\t\t<\/div>\n\t\t\t\t<\/div>\n\t\t<div class=\"elementor-element elementor-element-31c6dd73 e-con-full e-flex e-con e-child\" data-id=\"31c6dd73\" data-element_type=\"container\">\n\t\t\t\t<div class=\"elementor-element elementor-element-e8d347d elementor-widget elementor-widget-image\" data-id=\"e8d347d\" data-element_type=\"widget\" data-widget_type=\"image.default\">\n\t\t\t\t<div class=\"elementor-widget-container\">\n\t\t\t\t\t\t\t\t\t\t\t\t\t\t\t<img fetchpriority=\"high\" decoding=\"async\" width=\"1000\" height=\"1000\" src=\"https:\/\/persumtechnic.com\/wp-content\/uploads\/2023\/10\/TP-1.png\" class=\"attachment-large size-large wp-image-5197\" alt=\"\" srcset=\"https:\/\/persumtechnic.com\/wp-content\/uploads\/2023\/10\/TP-1.png 1000w, https:\/\/persumtechnic.com\/wp-content\/uploads\/2023\/10\/TP-1-300x300.png 300w, https:\/\/persumtechnic.com\/wp-content\/uploads\/2023\/10\/TP-1-150x150.png 150w, https:\/\/persumtechnic.com\/wp-content\/uploads\/2023\/10\/TP-1-768x768.png 768w\" sizes=\"(max-width: 1000px) 100vw, 1000px\" \/>\t\t\t\t\t\t\t\t\t\t\t\t\t\t\t<\/div>\n\t\t\t\t<\/div>\n\t\t\t\t<\/div>\n\t\t\t\t\t<\/div>\n\t\t\t\t<\/div>\n\t\t<div class=\"elementor-element elementor-element-6cc8d743 e-flex e-con-boxed e-con e-parent\" data-id=\"6cc8d743\" data-element_type=\"container\">\n\t\t\t\t\t<div class=\"e-con-inner\">\n\t\t\t\t\t<\/div>\n\t\t\t\t<\/div>\n\t\t<div class=\"elementor-element elementor-element-498f31ed e-flex e-con-boxed e-con e-parent\" data-id=\"498f31ed\" data-element_type=\"container\">\n\t\t\t\t\t<div class=\"e-con-inner\">\n\t\t\t\t<div class=\"elementor-element elementor-element-3ba74e2b elementor-widget elementor-widget-heading\" data-id=\"3ba74e2b\" data-element_type=\"widget\" data-widget_type=\"heading.default\">\n\t\t\t\t<div class=\"elementor-widget-container\">\n\t\t\t\t\t<h4 class=\"elementor-heading-title elementor-size-default\">Galer\u00eda<\/h4>\t\t\t\t<\/div>\n\t\t\t\t<\/div>\n\t\t\t\t\t<\/div>\n\t\t\t\t<\/div>\n\t\t<div class=\"elementor-element elementor-element-1ed642dc e-flex e-con-boxed e-con e-parent\" data-id=\"1ed642dc\" data-element_type=\"container\">\n\t\t\t\t\t<div class=\"e-con-inner\">\n\t\t\t\t<div class=\"elementor-element elementor-element-4852aeac gallery-spacing-custom elementor-invisible elementor-widget elementor-widget-image-gallery\" data-id=\"4852aeac\" data-element_type=\"widget\" data-settings=\"{&quot;_animation&quot;:&quot;fadeIn&quot;}\" data-widget_type=\"image-gallery.default\">\n\t\t\t\t<div class=\"elementor-widget-container\">\n\t\t\t\t\t\t\t<div class=\"elementor-image-gallery\">\n\t\t\t<div id='gallery-1' class='gallery galleryid-5188 gallery-columns-4 gallery-size-large'><figure class='gallery-item'>\n\t\t\t<div class='gallery-icon landscape'>\n\t\t\t\t<a data-elementor-open-lightbox=\"yes\" data-elementor-lightbox-slideshow=\"4852aeac\" data-elementor-lightbox-title=\"TP-2\" data-e-action-hash=\"#elementor-action%3Aaction%3Dlightbox%26settings%3DeyJpZCI6NTE5OCwidXJsIjoiaHR0cHM6XC9cL3BlcnN1bXRlY2huaWMuY29tXC93cC1jb250ZW50XC91cGxvYWRzXC8yMDIzXC8xMFwvVFAtMi5qcGciLCJzbGlkZXNob3ciOiI0ODUyYWVhYyJ9\" href='https:\/\/persumtechnic.com\/wp-content\/uploads\/2023\/10\/TP-2.jpg'><img decoding=\"async\" width=\"1024\" height=\"768\" src=\"https:\/\/persumtechnic.com\/wp-content\/uploads\/2023\/10\/TP-2-1024x768.jpg\" class=\"attachment-large size-large\" alt=\"\" aria-describedby=\"gallery-1-5198\" srcset=\"https:\/\/persumtechnic.com\/wp-content\/uploads\/2023\/10\/TP-2-1024x768.jpg 1024w, https:\/\/persumtechnic.com\/wp-content\/uploads\/2023\/10\/TP-2-300x225.jpg 300w, https:\/\/persumtechnic.com\/wp-content\/uploads\/2023\/10\/TP-2-768x576.jpg 768w, https:\/\/persumtechnic.com\/wp-content\/uploads\/2023\/10\/TP-2.jpg 1500w\" sizes=\"(max-width: 1024px) 100vw, 1024px\" \/><\/a>\n\t\t\t<\/div>\n\t\t\t\t<figcaption class='wp-caption-text gallery-caption' id='gallery-1-5198'>\n\t\t\t\tImage processed by CodeCarvings Piczard ### FREE Community Edition ### on 2020-12-29 13:56:12Z | http:\/\/piczard.com | http:\/\/codecarvings.comTRC\u00b6\u00c28\u00cc\u00ed\n\t\t\t\t<\/figcaption><\/figure><figure class='gallery-item'>\n\t\t\t<div class='gallery-icon landscape'>\n\t\t\t\t<a data-elementor-open-lightbox=\"yes\" data-elementor-lightbox-slideshow=\"4852aeac\" data-elementor-lightbox-title=\"TP-3\" data-e-action-hash=\"#elementor-action%3Aaction%3Dlightbox%26settings%3DeyJpZCI6NTE5OSwidXJsIjoiaHR0cHM6XC9cL3BlcnN1bXRlY2huaWMuY29tXC93cC1jb250ZW50XC91cGxvYWRzXC8yMDIzXC8xMFwvVFAtMy5qcGciLCJzbGlkZXNob3ciOiI0ODUyYWVhYyJ9\" href='https:\/\/persumtechnic.com\/wp-content\/uploads\/2023\/10\/TP-3.jpg'><img decoding=\"async\" width=\"1024\" height=\"768\" src=\"https:\/\/persumtechnic.com\/wp-content\/uploads\/2023\/10\/TP-3-1024x768.jpg\" class=\"attachment-large size-large\" alt=\"\" aria-describedby=\"gallery-1-5199\" srcset=\"https:\/\/persumtechnic.com\/wp-content\/uploads\/2023\/10\/TP-3-1024x768.jpg 1024w, https:\/\/persumtechnic.com\/wp-content\/uploads\/2023\/10\/TP-3-300x225.jpg 300w, https:\/\/persumtechnic.com\/wp-content\/uploads\/2023\/10\/TP-3-768x576.jpg 768w, https:\/\/persumtechnic.com\/wp-content\/uploads\/2023\/10\/TP-3.jpg 1500w\" sizes=\"(max-width: 1024px) 100vw, 1024px\" \/><\/a>\n\t\t\t<\/div>\n\t\t\t\t<figcaption class='wp-caption-text gallery-caption' id='gallery-1-5199'>\n\t\t\t\tImage processed by CodeCarvings Piczard ### FREE Community Edition ### on 2020-12-29 13:56:29Z | http:\/\/piczard.com | http:\/\/codecarvings.comTRC\u00b6\u00c28\u00cc\u00ed\n\t\t\t\t<\/figcaption><\/figure><figure class='gallery-item'>\n\t\t\t<div class='gallery-icon landscape'>\n\t\t\t\t<a data-elementor-open-lightbox=\"yes\" data-elementor-lightbox-slideshow=\"4852aeac\" data-elementor-lightbox-title=\"TP-4\" data-e-action-hash=\"#elementor-action%3Aaction%3Dlightbox%26settings%3DeyJpZCI6NTIwMCwidXJsIjoiaHR0cHM6XC9cL3BlcnN1bXRlY2huaWMuY29tXC93cC1jb250ZW50XC91cGxvYWRzXC8yMDIzXC8xMFwvVFAtNC5qcGciLCJzbGlkZXNob3ciOiI0ODUyYWVhYyJ9\" href='https:\/\/persumtechnic.com\/wp-content\/uploads\/2023\/10\/TP-4.jpg'><img loading=\"lazy\" decoding=\"async\" width=\"1024\" height=\"768\" src=\"https:\/\/persumtechnic.com\/wp-content\/uploads\/2023\/10\/TP-4-1024x768.jpg\" class=\"attachment-large size-large\" alt=\"\" aria-describedby=\"gallery-1-5200\" srcset=\"https:\/\/persumtechnic.com\/wp-content\/uploads\/2023\/10\/TP-4-1024x768.jpg 1024w, https:\/\/persumtechnic.com\/wp-content\/uploads\/2023\/10\/TP-4-300x225.jpg 300w, https:\/\/persumtechnic.com\/wp-content\/uploads\/2023\/10\/TP-4-768x576.jpg 768w, https:\/\/persumtechnic.com\/wp-content\/uploads\/2023\/10\/TP-4.jpg 1500w\" sizes=\"(max-width: 1024px) 100vw, 1024px\" \/><\/a>\n\t\t\t<\/div>\n\t\t\t\t<figcaption class='wp-caption-text gallery-caption' id='gallery-1-5200'>\n\t\t\t\tImage processed by CodeCarvings Piczard ### FREE Community Edition ### on 2020-12-29 13:56:49Z | http:\/\/piczard.com | http:\/\/codecarvings.comTRC\u00b6\u00c28\u00cc\u00ed\n\t\t\t\t<\/figcaption><\/figure><figure class='gallery-item'>\n\t\t\t<div class='gallery-icon landscape'>\n\t\t\t\t<a data-elementor-open-lightbox=\"yes\" data-elementor-lightbox-slideshow=\"4852aeac\" data-elementor-lightbox-title=\"TP-5\" data-e-action-hash=\"#elementor-action%3Aaction%3Dlightbox%26settings%3DeyJpZCI6NTIwMSwidXJsIjoiaHR0cHM6XC9cL3BlcnN1bXRlY2huaWMuY29tXC93cC1jb250ZW50XC91cGxvYWRzXC8yMDIzXC8xMFwvVFAtNS5qcGciLCJzbGlkZXNob3ciOiI0ODUyYWVhYyJ9\" href='https:\/\/persumtechnic.com\/wp-content\/uploads\/2023\/10\/TP-5.jpg'><img loading=\"lazy\" decoding=\"async\" width=\"1024\" height=\"768\" src=\"https:\/\/persumtechnic.com\/wp-content\/uploads\/2023\/10\/TP-5-1024x768.jpg\" class=\"attachment-large size-large\" alt=\"\" aria-describedby=\"gallery-1-5201\" srcset=\"https:\/\/persumtechnic.com\/wp-content\/uploads\/2023\/10\/TP-5-1024x768.jpg 1024w, https:\/\/persumtechnic.com\/wp-content\/uploads\/2023\/10\/TP-5-300x225.jpg 300w, https:\/\/persumtechnic.com\/wp-content\/uploads\/2023\/10\/TP-5-768x576.jpg 768w, https:\/\/persumtechnic.com\/wp-content\/uploads\/2023\/10\/TP-5.jpg 1500w\" sizes=\"(max-width: 1024px) 100vw, 1024px\" \/><\/a>\n\t\t\t<\/div>\n\t\t\t\t<figcaption class='wp-caption-text gallery-caption' id='gallery-1-5201'>\n\t\t\t\tImage processed by CodeCarvings Piczard ### FREE Community Edition ### on 2020-12-29 13:57:07Z | http:\/\/piczard.com | http:\/\/codecarvings.comTRC\u00b6\u00c28\u00cc\u00ed\n\t\t\t\t<\/figcaption><\/figure>\n\t\t<\/div>\n\t\t<\/div>\n\t\t\t\t\t\t<\/div>\n\t\t\t\t<\/div>\n\t\t\t\t\t<\/div>\n\t\t\t\t<\/div>\n\t\t\t\t<\/div>\n\t\t","protected":false},"excerpt":{"rendered":"<p>Plataforma de acceso a puntos altos de trenes Detalles de producto Esta plataforma de acceso a puntos altos permite el acceso desde el punto m\u00e1s alto al tren para llevar a cabo tareas de mantenimiento, reparaci\u00f3n, limpieza y montaje. Se fabrica seg\u00fan las dimensiones requeridas de ancho, largo y alto. Se produce en dos piezas, [&hellip;]<\/p>\n","protected":false},"author":1,"featured_media":0,"parent":0,"menu_order":0,"comment_status":"closed","ping_status":"closed","template":"","meta":{"site-sidebar-layout":"no-sidebar","site-content-layout":"page-builder","ast-site-content-layout":"full-width-container","site-content-style":"default","site-sidebar-style":"default","ast-global-header-display":"","ast-banner-title-visibility":"","ast-main-header-display":"","ast-hfb-above-header-display":"","ast-hfb-below-header-display":"","ast-hfb-mobile-header-display":"","site-post-title":"disabled","ast-breadcrumbs-content":"","ast-featured-img":"disabled","footer-sml-layout":"","theme-transparent-header-meta":"","adv-header-id-meta":"","stick-header-meta":"","header-above-stick-meta":"","header-main-stick-meta":"","header-below-stick-meta":"","astra-migrate-meta-layouts":"set","ast-page-background-enabled":"default","ast-page-background-meta":{"desktop":{"background-color":"","background-image":"","background-repeat":"repeat","background-position":"center center","background-size":"auto","background-attachment":"scroll","background-type":"","background-media":"","overlay-type":"","overlay-color":"","overlay-opacity":"","overlay-gradient":""},"tablet":{"background-color":"","background-image":"","background-repeat":"repeat","background-position":"center center","background-size":"auto","background-attachment":"scroll","background-type":"","background-media":"","overlay-type":"","overlay-color":"","overlay-opacity":"","overlay-gradient":""},"mobile":{"background-color":"","background-image":"","background-repeat":"repeat","background-position":"center center","background-size":"auto","background-attachment":"scroll","background-type":"","background-media":"","overlay-type":"","overlay-color":"","overlay-opacity":"","overlay-gradient":""}},"ast-content-background-meta":{"desktop":{"background-color":"var(--ast-global-color-5)","background-image":"","background-repeat":"repeat","background-position":"center center","background-size":"auto","background-attachment":"scroll","background-type":"","background-media":"","overlay-type":"","overlay-color":"","overlay-opacity":"","overlay-gradient":""},"tablet":{"background-color":"var(--ast-global-color-5)","background-image":"","background-repeat":"repeat","background-position":"center center","background-size":"auto","background-attachment":"scroll","background-type":"","background-media":"","overlay-type":"","overlay-color":"","overlay-opacity":"","overlay-gradient":""},"mobile":{"background-color":"var(--ast-global-color-5)","background-image":"","background-repeat":"repeat","background-position":"center center","background-size":"auto","background-attachment":"scroll","background-type":"","background-media":"","overlay-type":"","overlay-color":"","overlay-opacity":"","overlay-gradient":""}},"footnotes":""},"class_list":["post-5188","page","type-page","status-publish","hentry"],"_links":{"self":[{"href":"https:\/\/persumtechnic.com\/index.php\/wp-json\/wp\/v2\/pages\/5188","targetHints":{"allow":["GET"]}}],"collection":[{"href":"https:\/\/persumtechnic.com\/index.php\/wp-json\/wp\/v2\/pages"}],"about":[{"href":"https:\/\/persumtechnic.com\/index.php\/wp-json\/wp\/v2\/types\/page"}],"author":[{"embeddable":true,"href":"https:\/\/persumtechnic.com\/index.php\/wp-json\/wp\/v2\/users\/1"}],"replies":[{"embeddable":true,"href":"https:\/\/persumtechnic.com\/index.php\/wp-json\/wp\/v2\/comments?post=5188"}],"version-history":[{"count":16,"href":"https:\/\/persumtechnic.com\/index.php\/wp-json\/wp\/v2\/pages\/5188\/revisions"}],"predecessor-version":[{"id":5778,"href":"https:\/\/persumtechnic.com\/index.php\/wp-json\/wp\/v2\/pages\/5188\/revisions\/5778"}],"wp:attachment":[{"href":"https:\/\/persumtechnic.com\/index.php\/wp-json\/wp\/v2\/media?parent=5188"}],"curies":[{"name":"wp","href":"https:\/\/api.w.org\/{rel}","templated":true}]}}