{"id":5225,"date":"2023-10-11T15:36:42","date_gmt":"2023-10-11T15:36:42","guid":{"rendered":"https:\/\/persumtechnic.com\/?page_id=5225"},"modified":"2024-09-20T11:41:30","modified_gmt":"2024-09-20T11:41:30","slug":"plataforma-de-nariz-y-parabrisas","status":"publish","type":"page","link":"https:\/\/persumtechnic.com\/index.php\/plataforma-de-nariz-y-parabrisas\/","title":{"rendered":"Plataforma de nariz y parabrisas"},"content":{"rendered":"\t\t<div data-elementor-type=\"wp-page\" data-elementor-id=\"5225\" class=\"elementor elementor-5225\">\n\t\t\t\t<div class=\"elementor-element elementor-element-6c494d6c e-flex e-con-boxed e-con e-parent\" data-id=\"6c494d6c\" data-element_type=\"container\">\n\t\t\t\t\t<div class=\"e-con-inner\">\n\t\t\t\t<div class=\"elementor-element elementor-element-232336ce elementor-widget elementor-widget-spacer\" data-id=\"232336ce\" data-element_type=\"widget\" data-widget_type=\"spacer.default\">\n\t\t\t\t<div class=\"elementor-widget-container\">\n\t\t\t\t\t\t\t<div class=\"elementor-spacer\">\n\t\t\t<div class=\"elementor-spacer-inner\"><\/div>\n\t\t<\/div>\n\t\t\t\t\t\t<\/div>\n\t\t\t\t<\/div>\n\t\t\t\t\t<\/div>\n\t\t\t\t<\/div>\n\t\t<div class=\"elementor-element elementor-element-12cee295 e-flex e-con-boxed e-con e-parent\" data-id=\"12cee295\" data-element_type=\"container\">\n\t\t\t\t\t<div class=\"e-con-inner\">\n\t\t\t\t<div class=\"elementor-element elementor-element-1f4ea112 elementor-widget elementor-widget-heading\" data-id=\"1f4ea112\" data-element_type=\"widget\" data-widget_type=\"heading.default\">\n\t\t\t\t<div class=\"elementor-widget-container\">\n\t\t\t\t\t<h4 class=\"elementor-heading-title elementor-size-default\">Plataforma de nariz y parabrisas\n<\/h4>\t\t\t\t<\/div>\n\t\t\t\t<\/div>\n\t\t\t\t\t<\/div>\n\t\t\t\t<\/div>\n\t\t<div class=\"elementor-element elementor-element-1b550ac1 e-flex e-con-boxed e-con e-parent\" data-id=\"1b550ac1\" data-element_type=\"container\">\n\t\t\t\t\t<div class=\"e-con-inner\">\n\t\t<div class=\"elementor-element elementor-element-126e56ce e-con-full e-flex e-con e-child\" data-id=\"126e56ce\" data-element_type=\"container\">\n\t\t\t\t<div class=\"elementor-element elementor-element-500563bc elementor-widget elementor-widget-text-editor\" data-id=\"500563bc\" data-element_type=\"widget\" data-widget_type=\"text-editor.default\">\n\t\t\t\t<div class=\"elementor-widget-container\">\n\t\t\t\t\t\t\t\t\t<h5>Detalles de producto<\/h5>\n<div class=\"description\">\n<p>Esta plataforma de acceso al frente y al parabrisas ha sido dise\u00f1ada para llevar a cabo tareas de mantenimiento, reparaci\u00f3n, limpieza y montaje. Est\u00e1 especialmente dise\u00f1ada para permitir el acceso y realizar tareas de mantenimiento, reparaci\u00f3n, limpieza y montaje en la secci\u00f3n del parabrisas del tren sin da\u00f1ar el cristal.<\/p>\n<p>Se fabrica en un dise\u00f1o abierto que rodea completamente la parte delantera del tren. El ancho, largo y alto del producto se pueden fabricar seg\u00fan las dimensiones requeridas. Puede equiparse con extensiones laterales completas o divididas. Se pueden agregar piezas deslizantes para adaptarla a diferentes tipos de trenes. Se pueden conectar escaleras de acceso adicionales o plataformas m\u00f3viles mediante abrazaderas.<\/p>\n<p>Puede entregarse con ajuste de altura manual o el\u00e9ctrico. Las \u00e1reas de contacto con el tren est\u00e1n revestidas con protectores de goma para evitar da\u00f1os al tren. Se utilizan patas de equilibrio industriales para asegurar la estabilidad de la plataforma.<\/p>\n<p>La superficie de los escalones puede variar seg\u00fan la aplicaci\u00f3n y las necesidades. El ancho de los escalones es opcional y puede variar entre 80 mm y 250 mm. Las barandillas se pueden fabricar completamente plegables para facilitar el acceso. Se pueden agregar protectores para evitar la ca\u00edda de materiales.<\/p>\n<p>Se pueden a\u00f1adir medidas de seguridad adicionales, como coloraci\u00f3n, reflectores y etiquetas de advertencia al producto.<\/p>\n<p>Puede contar con el respaldo de nuestro equipo t\u00e9cnico profesional para la instalaci\u00f3n, piezas de repuesto y servicios de mantenimiento y reparaci\u00f3n<\/p>\n<\/div>\t\t\t\t\t\t\t\t<\/div>\n\t\t\t\t<\/div>\n\t\t\t\t<\/div>\n\t\t<div class=\"elementor-element elementor-element-5a9c9994 e-con-full e-flex e-con e-child\" data-id=\"5a9c9994\" data-element_type=\"container\">\n\t\t\t\t<div class=\"elementor-element elementor-element-3334cd38 elementor-widget elementor-widget-image\" data-id=\"3334cd38\" data-element_type=\"widget\" data-widget_type=\"image.default\">\n\t\t\t\t<div class=\"elementor-widget-container\">\n\t\t\t\t\t\t\t\t\t\t\t\t\t\t\t<img fetchpriority=\"high\" decoding=\"async\" width=\"1000\" height=\"1000\" src=\"https:\/\/persumtechnic.com\/wp-content\/uploads\/2023\/10\/B-1.png\" class=\"attachment-large size-large wp-image-5220\" alt=\"\" srcset=\"https:\/\/persumtechnic.com\/wp-content\/uploads\/2023\/10\/B-1.png 1000w, https:\/\/persumtechnic.com\/wp-content\/uploads\/2023\/10\/B-1-300x300.png 300w, https:\/\/persumtechnic.com\/wp-content\/uploads\/2023\/10\/B-1-150x150.png 150w, https:\/\/persumtechnic.com\/wp-content\/uploads\/2023\/10\/B-1-768x768.png 768w\" sizes=\"(max-width: 1000px) 100vw, 1000px\" \/>\t\t\t\t\t\t\t\t\t\t\t\t\t\t\t<\/div>\n\t\t\t\t<\/div>\n\t\t\t\t<\/div>\n\t\t\t\t\t<\/div>\n\t\t\t\t<\/div>\n\t\t<div class=\"elementor-element elementor-element-3fc3349 e-flex e-con-boxed e-con e-parent\" data-id=\"3fc3349\" data-element_type=\"container\">\n\t\t\t\t\t<div class=\"e-con-inner\">\n\t\t\t\t\t<\/div>\n\t\t\t\t<\/div>\n\t\t<div class=\"elementor-element elementor-element-601cf774 e-flex e-con-boxed e-con e-parent\" data-id=\"601cf774\" data-element_type=\"container\">\n\t\t\t\t\t<div class=\"e-con-inner\">\n\t\t\t\t<div class=\"elementor-element elementor-element-4f8b88ac elementor-widget elementor-widget-heading\" data-id=\"4f8b88ac\" data-element_type=\"widget\" data-widget_type=\"heading.default\">\n\t\t\t\t<div class=\"elementor-widget-container\">\n\t\t\t\t\t<h4 class=\"elementor-heading-title elementor-size-default\">Galer\u00eda<\/h4>\t\t\t\t<\/div>\n\t\t\t\t<\/div>\n\t\t\t\t\t<\/div>\n\t\t\t\t<\/div>\n\t\t<div class=\"elementor-element elementor-element-796c739a e-flex e-con-boxed e-con e-parent\" data-id=\"796c739a\" data-element_type=\"container\">\n\t\t\t\t\t<div class=\"e-con-inner\">\n\t\t\t\t<div class=\"elementor-element elementor-element-7846bdd0 gallery-spacing-custom elementor-invisible elementor-widget elementor-widget-image-gallery\" data-id=\"7846bdd0\" data-element_type=\"widget\" data-settings=\"{&quot;_animation&quot;:&quot;fadeIn&quot;}\" data-widget_type=\"image-gallery.default\">\n\t\t\t\t<div class=\"elementor-widget-container\">\n\t\t\t\t\t\t\t<div class=\"elementor-image-gallery\">\n\t\t\t<div id='gallery-1' class='gallery galleryid-5225 gallery-columns-4 gallery-size-large'><figure class='gallery-item'>\n\t\t\t<div class='gallery-icon landscape'>\n\t\t\t\t<a data-elementor-open-lightbox=\"yes\" data-elementor-lightbox-slideshow=\"7846bdd0\" data-elementor-lightbox-title=\"B-2\" data-e-action-hash=\"#elementor-action%3Aaction%3Dlightbox%26settings%3DeyJpZCI6NTIyMSwidXJsIjoiaHR0cHM6XC9cL3BlcnN1bXRlY2huaWMuY29tXC93cC1jb250ZW50XC91cGxvYWRzXC8yMDIzXC8xMFwvQi0yLmpwZyIsInNsaWRlc2hvdyI6Ijc4NDZiZGQwIn0%3D\" href='https:\/\/persumtechnic.com\/wp-content\/uploads\/2023\/10\/B-2.jpg'><img decoding=\"async\" width=\"1024\" height=\"680\" src=\"https:\/\/persumtechnic.com\/wp-content\/uploads\/2023\/10\/B-2-1024x680.jpg\" class=\"attachment-large size-large\" alt=\"\" aria-describedby=\"gallery-1-5221\" srcset=\"https:\/\/persumtechnic.com\/wp-content\/uploads\/2023\/10\/B-2-1024x680.jpg 1024w, https:\/\/persumtechnic.com\/wp-content\/uploads\/2023\/10\/B-2-300x199.jpg 300w, https:\/\/persumtechnic.com\/wp-content\/uploads\/2023\/10\/B-2-768x510.jpg 768w, https:\/\/persumtechnic.com\/wp-content\/uploads\/2023\/10\/B-2.jpg 1500w\" sizes=\"(max-width: 1024px) 100vw, 1024px\" \/><\/a>\n\t\t\t<\/div>\n\t\t\t\t<figcaption class='wp-caption-text gallery-caption' id='gallery-1-5221'>\n\t\t\t\tImage processed by CodeCarvings Piczard ### FREE Community Edition ### on 2020-12-30 10:53:39Z | http:\/\/piczard.com | http:\/\/codecarvings.com\n\t\t\t\t<\/figcaption><\/figure><figure class='gallery-item'>\n\t\t\t<div class='gallery-icon landscape'>\n\t\t\t\t<a data-elementor-open-lightbox=\"yes\" data-elementor-lightbox-slideshow=\"7846bdd0\" data-elementor-lightbox-title=\"B-3\" data-e-action-hash=\"#elementor-action%3Aaction%3Dlightbox%26settings%3DeyJpZCI6NTIyMiwidXJsIjoiaHR0cHM6XC9cL3BlcnN1bXRlY2huaWMuY29tXC93cC1jb250ZW50XC91cGxvYWRzXC8yMDIzXC8xMFwvQi0zLmpwZyIsInNsaWRlc2hvdyI6Ijc4NDZiZGQwIn0%3D\" href='https:\/\/persumtechnic.com\/wp-content\/uploads\/2023\/10\/B-3.jpg'><img decoding=\"async\" width=\"1024\" height=\"680\" src=\"https:\/\/persumtechnic.com\/wp-content\/uploads\/2023\/10\/B-3-1024x680.jpg\" class=\"attachment-large size-large\" alt=\"\" aria-describedby=\"gallery-1-5222\" srcset=\"https:\/\/persumtechnic.com\/wp-content\/uploads\/2023\/10\/B-3-1024x680.jpg 1024w, https:\/\/persumtechnic.com\/wp-content\/uploads\/2023\/10\/B-3-300x199.jpg 300w, https:\/\/persumtechnic.com\/wp-content\/uploads\/2023\/10\/B-3-768x510.jpg 768w, https:\/\/persumtechnic.com\/wp-content\/uploads\/2023\/10\/B-3.jpg 1500w\" sizes=\"(max-width: 1024px) 100vw, 1024px\" \/><\/a>\n\t\t\t<\/div>\n\t\t\t\t<figcaption class='wp-caption-text gallery-caption' id='gallery-1-5222'>\n\t\t\t\tImage processed by CodeCarvings Piczard ### FREE Community Edition ### on 2020-12-30 10:53:57Z | http:\/\/piczard.com | http:\/\/codecarvings.com\n\t\t\t\t<\/figcaption><\/figure><figure class='gallery-item'>\n\t\t\t<div class='gallery-icon landscape'>\n\t\t\t\t<a data-elementor-open-lightbox=\"yes\" data-elementor-lightbox-slideshow=\"7846bdd0\" data-elementor-lightbox-title=\"B-4\" data-e-action-hash=\"#elementor-action%3Aaction%3Dlightbox%26settings%3DeyJpZCI6NTIyMywidXJsIjoiaHR0cHM6XC9cL3BlcnN1bXRlY2huaWMuY29tXC93cC1jb250ZW50XC91cGxvYWRzXC8yMDIzXC8xMFwvQi00LmpwZyIsInNsaWRlc2hvdyI6Ijc4NDZiZGQwIn0%3D\" href='https:\/\/persumtechnic.com\/wp-content\/uploads\/2023\/10\/B-4.jpg'><img loading=\"lazy\" decoding=\"async\" width=\"1024\" height=\"680\" src=\"https:\/\/persumtechnic.com\/wp-content\/uploads\/2023\/10\/B-4-1024x680.jpg\" class=\"attachment-large size-large\" alt=\"\" aria-describedby=\"gallery-1-5223\" srcset=\"https:\/\/persumtechnic.com\/wp-content\/uploads\/2023\/10\/B-4-1024x680.jpg 1024w, https:\/\/persumtechnic.com\/wp-content\/uploads\/2023\/10\/B-4-300x199.jpg 300w, https:\/\/persumtechnic.com\/wp-content\/uploads\/2023\/10\/B-4-768x510.jpg 768w, https:\/\/persumtechnic.com\/wp-content\/uploads\/2023\/10\/B-4.jpg 1500w\" sizes=\"(max-width: 1024px) 100vw, 1024px\" \/><\/a>\n\t\t\t<\/div>\n\t\t\t\t<figcaption class='wp-caption-text gallery-caption' id='gallery-1-5223'>\n\t\t\t\tImage processed by CodeCarvings Piczard ### FREE Community Edition ### on 2020-12-30 10:55:20Z | http:\/\/piczard.com | http:\/\/codecarvings.com\n\t\t\t\t<\/figcaption><\/figure><figure class='gallery-item'>\n\t\t\t<div class='gallery-icon landscape'>\n\t\t\t\t<a data-elementor-open-lightbox=\"yes\" data-elementor-lightbox-slideshow=\"7846bdd0\" data-elementor-lightbox-title=\"B-5\" data-e-action-hash=\"#elementor-action%3Aaction%3Dlightbox%26settings%3DeyJpZCI6NTIyNCwidXJsIjoiaHR0cHM6XC9cL3BlcnN1bXRlY2huaWMuY29tXC93cC1jb250ZW50XC91cGxvYWRzXC8yMDIzXC8xMFwvQi01LmpwZyIsInNsaWRlc2hvdyI6Ijc4NDZiZGQwIn0%3D\" href='https:\/\/persumtechnic.com\/wp-content\/uploads\/2023\/10\/B-5.jpg'><img loading=\"lazy\" decoding=\"async\" width=\"1024\" height=\"680\" src=\"https:\/\/persumtechnic.com\/wp-content\/uploads\/2023\/10\/B-5-1024x680.jpg\" class=\"attachment-large size-large\" alt=\"\" aria-describedby=\"gallery-1-5224\" srcset=\"https:\/\/persumtechnic.com\/wp-content\/uploads\/2023\/10\/B-5-1024x680.jpg 1024w, https:\/\/persumtechnic.com\/wp-content\/uploads\/2023\/10\/B-5-300x199.jpg 300w, https:\/\/persumtechnic.com\/wp-content\/uploads\/2023\/10\/B-5-768x510.jpg 768w, https:\/\/persumtechnic.com\/wp-content\/uploads\/2023\/10\/B-5.jpg 1500w\" sizes=\"(max-width: 1024px) 100vw, 1024px\" \/><\/a>\n\t\t\t<\/div>\n\t\t\t\t<figcaption class='wp-caption-text gallery-caption' id='gallery-1-5224'>\n\t\t\t\tImage processed by CodeCarvings Piczard ### FREE Community Edition ### on 2020-12-30 10:56:02Z | http:\/\/piczard.com | http:\/\/codecarvings.com\n\t\t\t\t<\/figcaption><\/figure><figure class='gallery-item'>\n\t\t\t<div class='gallery-icon landscape'>\n\t\t\t\t<a data-elementor-open-lightbox=\"yes\" data-elementor-lightbox-slideshow=\"7846bdd0\" data-elementor-lightbox-title=\"B-6\" data-e-action-hash=\"#elementor-action%3Aaction%3Dlightbox%26settings%3DeyJpZCI6NTIyNiwidXJsIjoiaHR0cHM6XC9cL3BlcnN1bXRlY2huaWMuY29tXC93cC1jb250ZW50XC91cGxvYWRzXC8yMDIzXC8xMFwvQi02LmpwZyIsInNsaWRlc2hvdyI6Ijc4NDZiZGQwIn0%3D\" href='https:\/\/persumtechnic.com\/wp-content\/uploads\/2023\/10\/B-6.jpg'><img loading=\"lazy\" decoding=\"async\" width=\"1024\" height=\"680\" src=\"https:\/\/persumtechnic.com\/wp-content\/uploads\/2023\/10\/B-6-1024x680.jpg\" class=\"attachment-large size-large\" alt=\"\" aria-describedby=\"gallery-1-5226\" srcset=\"https:\/\/persumtechnic.com\/wp-content\/uploads\/2023\/10\/B-6-1024x680.jpg 1024w, https:\/\/persumtechnic.com\/wp-content\/uploads\/2023\/10\/B-6-300x199.jpg 300w, https:\/\/persumtechnic.com\/wp-content\/uploads\/2023\/10\/B-6-768x510.jpg 768w, https:\/\/persumtechnic.com\/wp-content\/uploads\/2023\/10\/B-6.jpg 1500w\" sizes=\"(max-width: 1024px) 100vw, 1024px\" \/><\/a>\n\t\t\t<\/div>\n\t\t\t\t<figcaption class='wp-caption-text gallery-caption' id='gallery-1-5226'>\n\t\t\t\tImage processed by CodeCarvings Piczard ### FREE Community Edition ### on 2020-12-30 10:57:04Z | http:\/\/piczard.com | http:\/\/codecarvings.com\n\t\t\t\t<\/figcaption><\/figure><figure class='gallery-item'>\n\t\t\t<div class='gallery-icon landscape'>\n\t\t\t\t<a data-elementor-open-lightbox=\"yes\" data-elementor-lightbox-slideshow=\"7846bdd0\" data-elementor-lightbox-title=\"B-7\" data-e-action-hash=\"#elementor-action%3Aaction%3Dlightbox%26settings%3DeyJpZCI6NTIyOCwidXJsIjoiaHR0cHM6XC9cL3BlcnN1bXRlY2huaWMuY29tXC93cC1jb250ZW50XC91cGxvYWRzXC8yMDIzXC8xMFwvQi03LmpwZyIsInNsaWRlc2hvdyI6Ijc4NDZiZGQwIn0%3D\" href='https:\/\/persumtechnic.com\/wp-content\/uploads\/2023\/10\/B-7.jpg'><img loading=\"lazy\" decoding=\"async\" width=\"1024\" height=\"680\" src=\"https:\/\/persumtechnic.com\/wp-content\/uploads\/2023\/10\/B-7-1024x680.jpg\" class=\"attachment-large size-large\" alt=\"\" aria-describedby=\"gallery-1-5228\" srcset=\"https:\/\/persumtechnic.com\/wp-content\/uploads\/2023\/10\/B-7-1024x680.jpg 1024w, https:\/\/persumtechnic.com\/wp-content\/uploads\/2023\/10\/B-7-300x199.jpg 300w, https:\/\/persumtechnic.com\/wp-content\/uploads\/2023\/10\/B-7-768x510.jpg 768w, https:\/\/persumtechnic.com\/wp-content\/uploads\/2023\/10\/B-7.jpg 1500w\" sizes=\"(max-width: 1024px) 100vw, 1024px\" \/><\/a>\n\t\t\t<\/div>\n\t\t\t\t<figcaption class='wp-caption-text gallery-caption' id='gallery-1-5228'>\n\t\t\t\tImage processed by CodeCarvings Piczard ### FREE Community Edition ### on 2020-12-30 10:57:28Z | http:\/\/piczard.com | http:\/\/codecarvings.com\n\t\t\t\t<\/figcaption><\/figure><figure class='gallery-item'>\n\t\t\t<div class='gallery-icon landscape'>\n\t\t\t\t<a data-elementor-open-lightbox=\"yes\" data-elementor-lightbox-slideshow=\"7846bdd0\" data-elementor-lightbox-title=\"B-8\" data-e-action-hash=\"#elementor-action%3Aaction%3Dlightbox%26settings%3DeyJpZCI6NTIyOSwidXJsIjoiaHR0cHM6XC9cL3BlcnN1bXRlY2huaWMuY29tXC93cC1jb250ZW50XC91cGxvYWRzXC8yMDIzXC8xMFwvQi04LmpwZyIsInNsaWRlc2hvdyI6Ijc4NDZiZGQwIn0%3D\" href='https:\/\/persumtechnic.com\/wp-content\/uploads\/2023\/10\/B-8.jpg'><img loading=\"lazy\" decoding=\"async\" width=\"1024\" height=\"680\" src=\"https:\/\/persumtechnic.com\/wp-content\/uploads\/2023\/10\/B-8-1024x680.jpg\" class=\"attachment-large size-large\" alt=\"\" aria-describedby=\"gallery-1-5229\" srcset=\"https:\/\/persumtechnic.com\/wp-content\/uploads\/2023\/10\/B-8-1024x680.jpg 1024w, https:\/\/persumtechnic.com\/wp-content\/uploads\/2023\/10\/B-8-300x199.jpg 300w, https:\/\/persumtechnic.com\/wp-content\/uploads\/2023\/10\/B-8-768x510.jpg 768w, https:\/\/persumtechnic.com\/wp-content\/uploads\/2023\/10\/B-8.jpg 1500w\" sizes=\"(max-width: 1024px) 100vw, 1024px\" \/><\/a>\n\t\t\t<\/div>\n\t\t\t\t<figcaption class='wp-caption-text gallery-caption' id='gallery-1-5229'>\n\t\t\t\tImage processed by CodeCarvings Piczard ### FREE Community Edition ### on 2020-12-30 10:59:00Z | http:\/\/piczard.com | http:\/\/codecarvings.com\n\t\t\t\t<\/figcaption><\/figure><figure class='gallery-item'>\n\t\t\t<div class='gallery-icon landscape'>\n\t\t\t\t<a data-elementor-open-lightbox=\"yes\" data-elementor-lightbox-slideshow=\"7846bdd0\" data-elementor-lightbox-title=\"B-9\" data-e-action-hash=\"#elementor-action%3Aaction%3Dlightbox%26settings%3DeyJpZCI6NTIzMCwidXJsIjoiaHR0cHM6XC9cL3BlcnN1bXRlY2huaWMuY29tXC93cC1jb250ZW50XC91cGxvYWRzXC8yMDIzXC8xMFwvQi05LmpwZyIsInNsaWRlc2hvdyI6Ijc4NDZiZGQwIn0%3D\" href='https:\/\/persumtechnic.com\/wp-content\/uploads\/2023\/10\/B-9.jpg'><img loading=\"lazy\" decoding=\"async\" width=\"1024\" height=\"680\" src=\"https:\/\/persumtechnic.com\/wp-content\/uploads\/2023\/10\/B-9-1024x680.jpg\" class=\"attachment-large size-large\" alt=\"\" aria-describedby=\"gallery-1-5230\" srcset=\"https:\/\/persumtechnic.com\/wp-content\/uploads\/2023\/10\/B-9-1024x680.jpg 1024w, https:\/\/persumtechnic.com\/wp-content\/uploads\/2023\/10\/B-9-300x199.jpg 300w, https:\/\/persumtechnic.com\/wp-content\/uploads\/2023\/10\/B-9-768x510.jpg 768w, https:\/\/persumtechnic.com\/wp-content\/uploads\/2023\/10\/B-9.jpg 1500w\" sizes=\"(max-width: 1024px) 100vw, 1024px\" \/><\/a>\n\t\t\t<\/div>\n\t\t\t\t<figcaption class='wp-caption-text gallery-caption' id='gallery-1-5230'>\n\t\t\t\tImage processed by CodeCarvings Piczard ### FREE Community Edition ### on 2020-12-30 10:59:58Z | http:\/\/piczard.com | http:\/\/codecarvings.com\n\t\t\t\t<\/figcaption><\/figure>\n\t\t<\/div>\n\t\t<\/div>\n\t\t\t\t\t\t<\/div>\n\t\t\t\t<\/div>\n\t\t\t\t\t<\/div>\n\t\t\t\t<\/div>\n\t\t\t\t<\/div>\n\t\t","protected":false},"excerpt":{"rendered":"<p>Plataforma de nariz y parabrisas Detalles de producto Esta plataforma de acceso al frente y al parabrisas ha sido dise\u00f1ada para llevar a cabo tareas de mantenimiento, reparaci\u00f3n, limpieza y montaje. Est\u00e1 especialmente dise\u00f1ada para permitir el acceso y realizar tareas de mantenimiento, reparaci\u00f3n, limpieza y montaje en la secci\u00f3n del parabrisas del tren sin [&hellip;]<\/p>\n","protected":false},"author":1,"featured_media":0,"parent":0,"menu_order":0,"comment_status":"closed","ping_status":"closed","template":"","meta":{"site-sidebar-layout":"no-sidebar","site-content-layout":"page-builder","ast-site-content-layout":"full-width-container","site-content-style":"default","site-sidebar-style":"default","ast-global-header-display":"","ast-banner-title-visibility":"","ast-main-header-display":"","ast-hfb-above-header-display":"","ast-hfb-below-header-display":"","ast-hfb-mobile-header-display":"","site-post-title":"disabled","ast-breadcrumbs-content":"","ast-featured-img":"disabled","footer-sml-layout":"","theme-transparent-header-meta":"","adv-header-id-meta":"","stick-header-meta":"","header-above-stick-meta":"","header-main-stick-meta":"","header-below-stick-meta":"","astra-migrate-meta-layouts":"set","ast-page-background-enabled":"default","ast-page-background-meta":{"desktop":{"background-color":"","background-image":"","background-repeat":"repeat","background-position":"center center","background-size":"auto","background-attachment":"scroll","background-type":"","background-media":"","overlay-type":"","overlay-color":"","overlay-opacity":"","overlay-gradient":""},"tablet":{"background-color":"","background-image":"","background-repeat":"repeat","background-position":"center center","background-size":"auto","background-attachment":"scroll","background-type":"","background-media":"","overlay-type":"","overlay-color":"","overlay-opacity":"","overlay-gradient":""},"mobile":{"background-color":"","background-image":"","background-repeat":"repeat","background-position":"center center","background-size":"auto","background-attachment":"scroll","background-type":"","background-media":"","overlay-type":"","overlay-color":"","overlay-opacity":"","overlay-gradient":""}},"ast-content-background-meta":{"desktop":{"background-color":"var(--ast-global-color-5)","background-image":"","background-repeat":"repeat","background-position":"center center","background-size":"auto","background-attachment":"scroll","background-type":"","background-media":"","overlay-type":"","overlay-color":"","overlay-opacity":"","overlay-gradient":""},"tablet":{"background-color":"var(--ast-global-color-5)","background-image":"","background-repeat":"repeat","background-position":"center center","background-size":"auto","background-attachment":"scroll","background-type":"","background-media":"","overlay-type":"","overlay-color":"","overlay-opacity":"","overlay-gradient":""},"mobile":{"background-color":"var(--ast-global-color-5)","background-image":"","background-repeat":"repeat","background-position":"center center","background-size":"auto","background-attachment":"scroll","background-type":"","background-media":"","overlay-type":"","overlay-color":"","overlay-opacity":"","overlay-gradient":""}},"footnotes":""},"class_list":["post-5225","page","type-page","status-publish","hentry"],"_links":{"self":[{"href":"https:\/\/persumtechnic.com\/index.php\/wp-json\/wp\/v2\/pages\/5225","targetHints":{"allow":["GET"]}}],"collection":[{"href":"https:\/\/persumtechnic.com\/index.php\/wp-json\/wp\/v2\/pages"}],"about":[{"href":"https:\/\/persumtechnic.com\/index.php\/wp-json\/wp\/v2\/types\/page"}],"author":[{"embeddable":true,"href":"https:\/\/persumtechnic.com\/index.php\/wp-json\/wp\/v2\/users\/1"}],"replies":[{"embeddable":true,"href":"https:\/\/persumtechnic.com\/index.php\/wp-json\/wp\/v2\/comments?post=5225"}],"version-history":[{"count":10,"href":"https:\/\/persumtechnic.com\/index.php\/wp-json\/wp\/v2\/pages\/5225\/revisions"}],"predecessor-version":[{"id":5775,"href":"https:\/\/persumtechnic.com\/index.php\/wp-json\/wp\/v2\/pages\/5225\/revisions\/5775"}],"wp:attachment":[{"href":"https:\/\/persumtechnic.com\/index.php\/wp-json\/wp\/v2\/media?parent=5225"}],"curies":[{"name":"wp","href":"https:\/\/api.w.org\/{rel}","templated":true}]}}