{"id":5277,"date":"2023-10-13T06:22:25","date_gmt":"2023-10-13T06:22:25","guid":{"rendered":"https:\/\/persumtechnic.com\/?page_id=5277"},"modified":"2024-09-20T13:41:15","modified_gmt":"2024-09-20T13:41:15","slug":"soluciones-de-limpieza-y-mantenimiento","status":"publish","type":"page","link":"https:\/\/persumtechnic.com\/index.php\/soluciones-de-limpieza-y-mantenimiento\/","title":{"rendered":"Soluciones de limpieza y mantenimiento"},"content":{"rendered":"\t\t<div data-elementor-type=\"wp-page\" data-elementor-id=\"5277\" class=\"elementor elementor-5277\">\n\t\t\t\t<div class=\"elementor-element elementor-element-66834d0f e-flex e-con-boxed e-con e-parent\" data-id=\"66834d0f\" data-element_type=\"container\">\n\t\t\t\t\t<div class=\"e-con-inner\">\n\t\t\t\t<div class=\"elementor-element elementor-element-165546b0 elementor-widget elementor-widget-spacer\" data-id=\"165546b0\" data-element_type=\"widget\" data-widget_type=\"spacer.default\">\n\t\t\t\t<div class=\"elementor-widget-container\">\n\t\t\t\t\t\t\t<div class=\"elementor-spacer\">\n\t\t\t<div class=\"elementor-spacer-inner\"><\/div>\n\t\t<\/div>\n\t\t\t\t\t\t<\/div>\n\t\t\t\t<\/div>\n\t\t\t\t\t<\/div>\n\t\t\t\t<\/div>\n\t\t<div class=\"elementor-element elementor-element-31f51b3a e-flex e-con-boxed e-con e-parent\" data-id=\"31f51b3a\" data-element_type=\"container\">\n\t\t\t\t\t<div class=\"e-con-inner\">\n\t\t\t\t<div class=\"elementor-element elementor-element-fb1404e elementor-widget elementor-widget-heading\" data-id=\"fb1404e\" data-element_type=\"widget\" data-widget_type=\"heading.default\">\n\t\t\t\t<div class=\"elementor-widget-container\">\n\t\t\t\t\t<h4 class=\"elementor-heading-title elementor-size-default\">Soluciones de limpieza y mantenimiento\n<\/h4>\t\t\t\t<\/div>\n\t\t\t\t<\/div>\n\t\t\t\t\t<\/div>\n\t\t\t\t<\/div>\n\t\t<div class=\"elementor-element elementor-element-35486aba e-flex e-con-boxed e-con e-parent\" data-id=\"35486aba\" data-element_type=\"container\">\n\t\t\t\t\t<div class=\"e-con-inner\">\n\t\t<div class=\"elementor-element elementor-element-7e4c8e71 e-con-full e-flex e-con e-child\" data-id=\"7e4c8e71\" data-element_type=\"container\">\n\t\t\t\t<div class=\"elementor-element elementor-element-6911e071 elementor-widget elementor-widget-text-editor\" data-id=\"6911e071\" data-element_type=\"widget\" data-widget_type=\"text-editor.default\">\n\t\t\t\t<div class=\"elementor-widget-container\">\n\t\t\t\t\t\t\t\t\t<h5>Detalles de producto<\/h5><div class=\"description\"><p>Persum Special Solutions ofrece soluciones de acceso de calidad y seguras, dise\u00f1adas a medida para satisfacer sus necesidades y requisitos espec\u00edficos.<\/p><p>Nuestros productos, dise\u00f1ados por nuestro equipo de ingenieros expertos, facilitan el proceso operativo y permiten un trabajo eficiente. Est\u00e1n dise\u00f1ados para \u00e1reas de dif\u00edcil acceso, ya sean estrechas, anchas, altas o bajas, y pueden ser de altura fija o ajustable.<\/p><p>Nuestra filosof\u00eda es crear la calidad en la etapa de planificaci\u00f3n y dise\u00f1o. Seguimos de cerca el desarrollo de sistemas y tecnolog\u00edas de producci\u00f3n, y los integramos sistem\u00e1ticamente en la estructura de nuestra empresa.<\/p><p>Persum Special Solutions se compromete a mantener y fortalecer su s\u00f3lida posici\u00f3n en el sector de Salud y Seguridad en el Trabajo, y su misi\u00f3n es fomentar el uso de productos de acceso seguros y de alta calidad.<\/p><\/div><div class=\"description\">\u00a0<\/div>\t\t\t\t\t\t\t\t<\/div>\n\t\t\t\t<\/div>\n\t\t\t\t<\/div>\n\t\t<div class=\"elementor-element elementor-element-474e8987 e-con-full e-flex e-con e-child\" data-id=\"474e8987\" data-element_type=\"container\">\n\t\t\t\t<div class=\"elementor-element elementor-element-58ddcd5 elementor-widget elementor-widget-image\" data-id=\"58ddcd5\" data-element_type=\"widget\" data-widget_type=\"image.default\">\n\t\t\t\t<div class=\"elementor-widget-container\">\n\t\t\t\t\t\t\t\t\t\t\t\t\t\t\t<img fetchpriority=\"high\" decoding=\"async\" width=\"1000\" height=\"1000\" src=\"https:\/\/persumtechnic.com\/wp-content\/uploads\/2023\/10\/T-1.png\" class=\"attachment-large size-large wp-image-5279\" alt=\"\" srcset=\"https:\/\/persumtechnic.com\/wp-content\/uploads\/2023\/10\/T-1.png 1000w, https:\/\/persumtechnic.com\/wp-content\/uploads\/2023\/10\/T-1-300x300.png 300w, https:\/\/persumtechnic.com\/wp-content\/uploads\/2023\/10\/T-1-150x150.png 150w, https:\/\/persumtechnic.com\/wp-content\/uploads\/2023\/10\/T-1-768x768.png 768w\" sizes=\"(max-width: 1000px) 100vw, 1000px\" \/>\t\t\t\t\t\t\t\t\t\t\t\t\t\t\t<\/div>\n\t\t\t\t<\/div>\n\t\t\t\t<\/div>\n\t\t\t\t\t<\/div>\n\t\t\t\t<\/div>\n\t\t<div class=\"elementor-element elementor-element-41a516f9 e-flex e-con-boxed e-con e-parent\" data-id=\"41a516f9\" data-element_type=\"container\">\n\t\t\t\t\t<div class=\"e-con-inner\">\n\t\t\t\t\t<\/div>\n\t\t\t\t<\/div>\n\t\t<div class=\"elementor-element elementor-element-3536b40 e-flex e-con-boxed e-con e-parent\" data-id=\"3536b40\" data-element_type=\"container\">\n\t\t\t\t\t<div class=\"e-con-inner\">\n\t\t\t\t<div class=\"elementor-element elementor-element-593a39e elementor-widget elementor-widget-heading\" data-id=\"593a39e\" data-element_type=\"widget\" data-widget_type=\"heading.default\">\n\t\t\t\t<div class=\"elementor-widget-container\">\n\t\t\t\t\t<h4 class=\"elementor-heading-title elementor-size-default\">Galer\u00eda<\/h4>\t\t\t\t<\/div>\n\t\t\t\t<\/div>\n\t\t\t\t\t<\/div>\n\t\t\t\t<\/div>\n\t\t<div class=\"elementor-element elementor-element-10af8018 e-flex e-con-boxed e-con e-parent\" data-id=\"10af8018\" data-element_type=\"container\">\n\t\t\t\t\t<div class=\"e-con-inner\">\n\t\t\t\t<div class=\"elementor-element elementor-element-661c73c7 gallery-spacing-custom elementor-invisible elementor-widget elementor-widget-image-gallery\" data-id=\"661c73c7\" data-element_type=\"widget\" data-settings=\"{&quot;_animation&quot;:&quot;fadeIn&quot;}\" data-widget_type=\"image-gallery.default\">\n\t\t\t\t<div class=\"elementor-widget-container\">\n\t\t\t\t\t\t\t<div class=\"elementor-image-gallery\">\n\t\t\t<div id='gallery-1' class='gallery galleryid-5277 gallery-columns-4 gallery-size-large'><figure class='gallery-item'>\n\t\t\t<div class='gallery-icon landscape'>\n\t\t\t\t<a data-elementor-open-lightbox=\"yes\" data-elementor-lightbox-slideshow=\"661c73c7\" data-elementor-lightbox-title=\"T-2\" data-e-action-hash=\"#elementor-action%3Aaction%3Dlightbox%26settings%3DeyJpZCI6NTI4MCwidXJsIjoiaHR0cHM6XC9cL3BlcnN1bXRlY2huaWMuY29tXC93cC1jb250ZW50XC91cGxvYWRzXC8yMDIzXC8xMFwvVC0yLmpwZyIsInNsaWRlc2hvdyI6IjY2MWM3M2M3In0%3D\" href='https:\/\/persumtechnic.com\/wp-content\/uploads\/2023\/10\/T-2.jpg'><img decoding=\"async\" width=\"1024\" height=\"768\" src=\"https:\/\/persumtechnic.com\/wp-content\/uploads\/2023\/10\/T-2-1024x768.jpg\" class=\"attachment-large size-large\" alt=\"\" aria-describedby=\"gallery-1-5280\" srcset=\"https:\/\/persumtechnic.com\/wp-content\/uploads\/2023\/10\/T-2-1024x768.jpg 1024w, https:\/\/persumtechnic.com\/wp-content\/uploads\/2023\/10\/T-2-300x225.jpg 300w, https:\/\/persumtechnic.com\/wp-content\/uploads\/2023\/10\/T-2-768x576.jpg 768w, https:\/\/persumtechnic.com\/wp-content\/uploads\/2023\/10\/T-2.jpg 1500w\" sizes=\"(max-width: 1024px) 100vw, 1024px\" \/><\/a>\n\t\t\t<\/div>\n\t\t\t\t<figcaption class='wp-caption-text gallery-caption' id='gallery-1-5280'>\n\t\t\t\tImage processed by CodeCarvings Piczard ### FREE Community Edition ### on 2021-01-22 12:06:43Z | http:\/\/piczard.com | http:\/\/codecarvings.com\n\t\t\t\t<\/figcaption><\/figure><figure class='gallery-item'>\n\t\t\t<div class='gallery-icon landscape'>\n\t\t\t\t<a data-elementor-open-lightbox=\"yes\" data-elementor-lightbox-slideshow=\"661c73c7\" data-elementor-lightbox-title=\"T-3\" data-e-action-hash=\"#elementor-action%3Aaction%3Dlightbox%26settings%3DeyJpZCI6NTI4MSwidXJsIjoiaHR0cHM6XC9cL3BlcnN1bXRlY2huaWMuY29tXC93cC1jb250ZW50XC91cGxvYWRzXC8yMDIzXC8xMFwvVC0zLmpwZyIsInNsaWRlc2hvdyI6IjY2MWM3M2M3In0%3D\" href='https:\/\/persumtechnic.com\/wp-content\/uploads\/2023\/10\/T-3.jpg'><img decoding=\"async\" width=\"1024\" height=\"768\" src=\"https:\/\/persumtechnic.com\/wp-content\/uploads\/2023\/10\/T-3-1024x768.jpg\" class=\"attachment-large size-large\" alt=\"\" aria-describedby=\"gallery-1-5281\" srcset=\"https:\/\/persumtechnic.com\/wp-content\/uploads\/2023\/10\/T-3-1024x768.jpg 1024w, https:\/\/persumtechnic.com\/wp-content\/uploads\/2023\/10\/T-3-300x225.jpg 300w, https:\/\/persumtechnic.com\/wp-content\/uploads\/2023\/10\/T-3-768x576.jpg 768w, https:\/\/persumtechnic.com\/wp-content\/uploads\/2023\/10\/T-3.jpg 1500w\" sizes=\"(max-width: 1024px) 100vw, 1024px\" \/><\/a>\n\t\t\t<\/div>\n\t\t\t\t<figcaption class='wp-caption-text gallery-caption' id='gallery-1-5281'>\n\t\t\t\tImage processed by CodeCarvings Piczard ### FREE Community Edition ### on 2021-01-22 12:07:08Z | http:\/\/piczard.com | http:\/\/codecarvings.com7\n\t\t\t\t<\/figcaption><\/figure><figure class='gallery-item'>\n\t\t\t<div class='gallery-icon landscape'>\n\t\t\t\t<a data-elementor-open-lightbox=\"yes\" data-elementor-lightbox-slideshow=\"661c73c7\" data-elementor-lightbox-title=\"T-4\" data-e-action-hash=\"#elementor-action%3Aaction%3Dlightbox%26settings%3DeyJpZCI6NTI4MiwidXJsIjoiaHR0cHM6XC9cL3BlcnN1bXRlY2huaWMuY29tXC93cC1jb250ZW50XC91cGxvYWRzXC8yMDIzXC8xMFwvVC00LmpwZyIsInNsaWRlc2hvdyI6IjY2MWM3M2M3In0%3D\" href='https:\/\/persumtechnic.com\/wp-content\/uploads\/2023\/10\/T-4.jpg'><img loading=\"lazy\" decoding=\"async\" width=\"1024\" height=\"768\" src=\"https:\/\/persumtechnic.com\/wp-content\/uploads\/2023\/10\/T-4-1024x768.jpg\" class=\"attachment-large size-large\" alt=\"\" aria-describedby=\"gallery-1-5282\" srcset=\"https:\/\/persumtechnic.com\/wp-content\/uploads\/2023\/10\/T-4-1024x768.jpg 1024w, https:\/\/persumtechnic.com\/wp-content\/uploads\/2023\/10\/T-4-300x225.jpg 300w, https:\/\/persumtechnic.com\/wp-content\/uploads\/2023\/10\/T-4-768x576.jpg 768w, https:\/\/persumtechnic.com\/wp-content\/uploads\/2023\/10\/T-4.jpg 1500w\" sizes=\"(max-width: 1024px) 100vw, 1024px\" \/><\/a>\n\t\t\t<\/div>\n\t\t\t\t<figcaption class='wp-caption-text gallery-caption' id='gallery-1-5282'>\n\t\t\t\tImage processed by CodeCarvings Piczard ### FREE Community Edition ### on 2021-01-22 12:08:28Z | http:\/\/piczard.com | http:\/\/codecarvings.com\n\t\t\t\t<\/figcaption><\/figure><figure class='gallery-item'>\n\t\t\t<div class='gallery-icon landscape'>\n\t\t\t\t<a data-elementor-open-lightbox=\"yes\" data-elementor-lightbox-slideshow=\"661c73c7\" data-elementor-lightbox-title=\"T-5\" data-e-action-hash=\"#elementor-action%3Aaction%3Dlightbox%26settings%3DeyJpZCI6NTI4MywidXJsIjoiaHR0cHM6XC9cL3BlcnN1bXRlY2huaWMuY29tXC93cC1jb250ZW50XC91cGxvYWRzXC8yMDIzXC8xMFwvVC01LmpwZyIsInNsaWRlc2hvdyI6IjY2MWM3M2M3In0%3D\" href='https:\/\/persumtechnic.com\/wp-content\/uploads\/2023\/10\/T-5.jpg'><img loading=\"lazy\" decoding=\"async\" width=\"1024\" height=\"768\" src=\"https:\/\/persumtechnic.com\/wp-content\/uploads\/2023\/10\/T-5-1024x768.jpg\" class=\"attachment-large size-large\" alt=\"\" aria-describedby=\"gallery-1-5283\" srcset=\"https:\/\/persumtechnic.com\/wp-content\/uploads\/2023\/10\/T-5-1024x768.jpg 1024w, https:\/\/persumtechnic.com\/wp-content\/uploads\/2023\/10\/T-5-300x225.jpg 300w, https:\/\/persumtechnic.com\/wp-content\/uploads\/2023\/10\/T-5-768x576.jpg 768w, https:\/\/persumtechnic.com\/wp-content\/uploads\/2023\/10\/T-5.jpg 1500w\" sizes=\"(max-width: 1024px) 100vw, 1024px\" \/><\/a>\n\t\t\t<\/div>\n\t\t\t\t<figcaption class='wp-caption-text gallery-caption' id='gallery-1-5283'>\n\t\t\t\tImage processed by CodeCarvings Piczard ### FREE Community Edition ### on 2021-01-22 12:08:52Z | http:\/\/piczard.com | http:\/\/codecarvings.com\n\t\t\t\t<\/figcaption><\/figure><figure class='gallery-item'>\n\t\t\t<div class='gallery-icon landscape'>\n\t\t\t\t<a data-elementor-open-lightbox=\"yes\" data-elementor-lightbox-slideshow=\"661c73c7\" data-elementor-lightbox-title=\"T-6\" data-e-action-hash=\"#elementor-action%3Aaction%3Dlightbox%26settings%3DeyJpZCI6NTI4NCwidXJsIjoiaHR0cHM6XC9cL3BlcnN1bXRlY2huaWMuY29tXC93cC1jb250ZW50XC91cGxvYWRzXC8yMDIzXC8xMFwvVC02LmpwZyIsInNsaWRlc2hvdyI6IjY2MWM3M2M3In0%3D\" href='https:\/\/persumtechnic.com\/wp-content\/uploads\/2023\/10\/T-6.jpg'><img loading=\"lazy\" decoding=\"async\" width=\"1024\" height=\"768\" src=\"https:\/\/persumtechnic.com\/wp-content\/uploads\/2023\/10\/T-6-1024x768.jpg\" class=\"attachment-large size-large\" alt=\"\" aria-describedby=\"gallery-1-5284\" srcset=\"https:\/\/persumtechnic.com\/wp-content\/uploads\/2023\/10\/T-6-1024x768.jpg 1024w, https:\/\/persumtechnic.com\/wp-content\/uploads\/2023\/10\/T-6-300x225.jpg 300w, https:\/\/persumtechnic.com\/wp-content\/uploads\/2023\/10\/T-6-768x576.jpg 768w, https:\/\/persumtechnic.com\/wp-content\/uploads\/2023\/10\/T-6.jpg 1500w\" sizes=\"(max-width: 1024px) 100vw, 1024px\" \/><\/a>\n\t\t\t<\/div>\n\t\t\t\t<figcaption class='wp-caption-text gallery-caption' id='gallery-1-5284'>\n\t\t\t\tImage processed by CodeCarvings Piczard ### FREE Community Edition ### on 2021-01-22 12:09:25Z | http:\/\/piczard.com | http:\/\/codecarvings.com\n\t\t\t\t<\/figcaption><\/figure><figure class='gallery-item'>\n\t\t\t<div class='gallery-icon landscape'>\n\t\t\t\t<a data-elementor-open-lightbox=\"yes\" data-elementor-lightbox-slideshow=\"661c73c7\" data-elementor-lightbox-title=\"T-7\" data-e-action-hash=\"#elementor-action%3Aaction%3Dlightbox%26settings%3DeyJpZCI6NTI4NSwidXJsIjoiaHR0cHM6XC9cL3BlcnN1bXRlY2huaWMuY29tXC93cC1jb250ZW50XC91cGxvYWRzXC8yMDIzXC8xMFwvVC03LmpwZyIsInNsaWRlc2hvdyI6IjY2MWM3M2M3In0%3D\" href='https:\/\/persumtechnic.com\/wp-content\/uploads\/2023\/10\/T-7.jpg'><img loading=\"lazy\" decoding=\"async\" width=\"1024\" height=\"768\" src=\"https:\/\/persumtechnic.com\/wp-content\/uploads\/2023\/10\/T-7-1024x768.jpg\" class=\"attachment-large size-large\" alt=\"\" aria-describedby=\"gallery-1-5285\" srcset=\"https:\/\/persumtechnic.com\/wp-content\/uploads\/2023\/10\/T-7-1024x768.jpg 1024w, https:\/\/persumtechnic.com\/wp-content\/uploads\/2023\/10\/T-7-300x225.jpg 300w, https:\/\/persumtechnic.com\/wp-content\/uploads\/2023\/10\/T-7-768x576.jpg 768w, https:\/\/persumtechnic.com\/wp-content\/uploads\/2023\/10\/T-7.jpg 1500w\" sizes=\"(max-width: 1024px) 100vw, 1024px\" \/><\/a>\n\t\t\t<\/div>\n\t\t\t\t<figcaption class='wp-caption-text gallery-caption' id='gallery-1-5285'>\n\t\t\t\tImage processed by CodeCarvings Piczard ### FREE Community Edition ### on 2021-01-22 12:12:51Z | http:\/\/piczard.com | http:\/\/codecarvings.com\n\t\t\t\t<\/figcaption><\/figure><figure class='gallery-item'>\n\t\t\t<div class='gallery-icon landscape'>\n\t\t\t\t<a data-elementor-open-lightbox=\"yes\" data-elementor-lightbox-slideshow=\"661c73c7\" data-elementor-lightbox-title=\"T-8\" data-e-action-hash=\"#elementor-action%3Aaction%3Dlightbox%26settings%3DeyJpZCI6NTI4NiwidXJsIjoiaHR0cHM6XC9cL3BlcnN1bXRlY2huaWMuY29tXC93cC1jb250ZW50XC91cGxvYWRzXC8yMDIzXC8xMFwvVC04LmpwZyIsInNsaWRlc2hvdyI6IjY2MWM3M2M3In0%3D\" href='https:\/\/persumtechnic.com\/wp-content\/uploads\/2023\/10\/T-8.jpg'><img loading=\"lazy\" decoding=\"async\" width=\"1024\" height=\"768\" src=\"https:\/\/persumtechnic.com\/wp-content\/uploads\/2023\/10\/T-8-1024x768.jpg\" class=\"attachment-large size-large\" alt=\"\" aria-describedby=\"gallery-1-5286\" srcset=\"https:\/\/persumtechnic.com\/wp-content\/uploads\/2023\/10\/T-8-1024x768.jpg 1024w, https:\/\/persumtechnic.com\/wp-content\/uploads\/2023\/10\/T-8-300x225.jpg 300w, https:\/\/persumtechnic.com\/wp-content\/uploads\/2023\/10\/T-8-768x576.jpg 768w, https:\/\/persumtechnic.com\/wp-content\/uploads\/2023\/10\/T-8.jpg 1500w\" sizes=\"(max-width: 1024px) 100vw, 1024px\" \/><\/a>\n\t\t\t<\/div>\n\t\t\t\t<figcaption class='wp-caption-text gallery-caption' id='gallery-1-5286'>\n\t\t\t\tImage processed by CodeCarvings Piczard ### FREE Community Edition ### on 2021-01-22 12:13:31Z | http:\/\/piczard.com | http:\/\/codecarvings.com7\n\t\t\t\t<\/figcaption><\/figure><figure class='gallery-item'>\n\t\t\t<div class='gallery-icon landscape'>\n\t\t\t\t<a data-elementor-open-lightbox=\"yes\" data-elementor-lightbox-slideshow=\"661c73c7\" data-elementor-lightbox-title=\"T-9\" data-e-action-hash=\"#elementor-action%3Aaction%3Dlightbox%26settings%3DeyJpZCI6NTI4NywidXJsIjoiaHR0cHM6XC9cL3BlcnN1bXRlY2huaWMuY29tXC93cC1jb250ZW50XC91cGxvYWRzXC8yMDIzXC8xMFwvVC05LmpwZyIsInNsaWRlc2hvdyI6IjY2MWM3M2M3In0%3D\" href='https:\/\/persumtechnic.com\/wp-content\/uploads\/2023\/10\/T-9.jpg'><img loading=\"lazy\" decoding=\"async\" width=\"1024\" height=\"768\" src=\"https:\/\/persumtechnic.com\/wp-content\/uploads\/2023\/10\/T-9-1024x768.jpg\" class=\"attachment-large size-large\" alt=\"\" aria-describedby=\"gallery-1-5287\" srcset=\"https:\/\/persumtechnic.com\/wp-content\/uploads\/2023\/10\/T-9-1024x768.jpg 1024w, https:\/\/persumtechnic.com\/wp-content\/uploads\/2023\/10\/T-9-300x225.jpg 300w, https:\/\/persumtechnic.com\/wp-content\/uploads\/2023\/10\/T-9-768x576.jpg 768w, https:\/\/persumtechnic.com\/wp-content\/uploads\/2023\/10\/T-9.jpg 1500w\" sizes=\"(max-width: 1024px) 100vw, 1024px\" \/><\/a>\n\t\t\t<\/div>\n\t\t\t\t<figcaption class='wp-caption-text gallery-caption' id='gallery-1-5287'>\n\t\t\t\tImage processed by CodeCarvings Piczard ### FREE Community Edition ### on 2021-01-22 12:14:12Z | http:\/\/piczard.com | http:\/\/codecarvings.com7\n\t\t\t\t<\/figcaption><\/figure>\n\t\t<\/div>\n\t\t<\/div>\n\t\t\t\t\t\t<\/div>\n\t\t\t\t<\/div>\n\t\t\t\t\t<\/div>\n\t\t\t\t<\/div>\n\t\t\t\t<\/div>\n\t\t","protected":false},"excerpt":{"rendered":"<p>Soluciones de limpieza y mantenimiento Detalles de producto Persum Special Solutions ofrece soluciones de acceso de calidad y seguras, dise\u00f1adas a medida para satisfacer sus necesidades y requisitos espec\u00edficos. Nuestros productos, dise\u00f1ados por nuestro equipo de ingenieros expertos, facilitan el proceso operativo y permiten un trabajo eficiente. Est\u00e1n dise\u00f1ados para \u00e1reas de dif\u00edcil acceso, ya [&hellip;]<\/p>\n","protected":false},"author":1,"featured_media":0,"parent":0,"menu_order":0,"comment_status":"closed","ping_status":"closed","template":"","meta":{"site-sidebar-layout":"no-sidebar","site-content-layout":"page-builder","ast-site-content-layout":"full-width-container","site-content-style":"default","site-sidebar-style":"default","ast-global-header-display":"","ast-banner-title-visibility":"","ast-main-header-display":"","ast-hfb-above-header-display":"","ast-hfb-below-header-display":"","ast-hfb-mobile-header-display":"","site-post-title":"disabled","ast-breadcrumbs-content":"","ast-featured-img":"disabled","footer-sml-layout":"","theme-transparent-header-meta":"","adv-header-id-meta":"","stick-header-meta":"","header-above-stick-meta":"","header-main-stick-meta":"","header-below-stick-meta":"","astra-migrate-meta-layouts":"set","ast-page-background-enabled":"default","ast-page-background-meta":{"desktop":{"background-color":"","background-image":"","background-repeat":"repeat","background-position":"center center","background-size":"auto","background-attachment":"scroll","background-type":"","background-media":"","overlay-type":"","overlay-color":"","overlay-opacity":"","overlay-gradient":""},"tablet":{"background-color":"","background-image":"","background-repeat":"repeat","background-position":"center center","background-size":"auto","background-attachment":"scroll","background-type":"","background-media":"","overlay-type":"","overlay-color":"","overlay-opacity":"","overlay-gradient":""},"mobile":{"background-color":"","background-image":"","background-repeat":"repeat","background-position":"center center","background-size":"auto","background-attachment":"scroll","background-type":"","background-media":"","overlay-type":"","overlay-color":"","overlay-opacity":"","overlay-gradient":""}},"ast-content-background-meta":{"desktop":{"background-color":"var(--ast-global-color-5)","background-image":"","background-repeat":"repeat","background-position":"center center","background-size":"auto","background-attachment":"scroll","background-type":"","background-media":"","overlay-type":"","overlay-color":"","overlay-opacity":"","overlay-gradient":""},"tablet":{"background-color":"var(--ast-global-color-5)","background-image":"","background-repeat":"repeat","background-position":"center center","background-size":"auto","background-attachment":"scroll","background-type":"","background-media":"","overlay-type":"","overlay-color":"","overlay-opacity":"","overlay-gradient":""},"mobile":{"background-color":"var(--ast-global-color-5)","background-image":"","background-repeat":"repeat","background-position":"center center","background-size":"auto","background-attachment":"scroll","background-type":"","background-media":"","overlay-type":"","overlay-color":"","overlay-opacity":"","overlay-gradient":""}},"footnotes":""},"class_list":["post-5277","page","type-page","status-publish","hentry"],"_links":{"self":[{"href":"https:\/\/persumtechnic.com\/index.php\/wp-json\/wp\/v2\/pages\/5277","targetHints":{"allow":["GET"]}}],"collection":[{"href":"https:\/\/persumtechnic.com\/index.php\/wp-json\/wp\/v2\/pages"}],"about":[{"href":"https:\/\/persumtechnic.com\/index.php\/wp-json\/wp\/v2\/types\/page"}],"author":[{"embeddable":true,"href":"https:\/\/persumtechnic.com\/index.php\/wp-json\/wp\/v2\/users\/1"}],"replies":[{"embeddable":true,"href":"https:\/\/persumtechnic.com\/index.php\/wp-json\/wp\/v2\/comments?post=5277"}],"version-history":[{"count":13,"href":"https:\/\/persumtechnic.com\/index.php\/wp-json\/wp\/v2\/pages\/5277\/revisions"}],"predecessor-version":[{"id":5815,"href":"https:\/\/persumtechnic.com\/index.php\/wp-json\/wp\/v2\/pages\/5277\/revisions\/5815"}],"wp:attachment":[{"href":"https:\/\/persumtechnic.com\/index.php\/wp-json\/wp\/v2\/media?parent=5277"}],"curies":[{"name":"wp","href":"https:\/\/api.w.org\/{rel}","templated":true}]}}